{"id":3871,"date":"2024-03-05T14:41:29","date_gmt":"2024-03-05T20:41:29","guid":{"rendered":"https:\/\/libreriahistoriasdebolsillo.com\/?post_type=product&#038;p=3871"},"modified":"2024-03-05T14:48:03","modified_gmt":"2024-03-05T20:48:03","slug":"saga-covenant-2-puro","status":"publish","type":"product","link":"https:\/\/libreriahistoriasdebolsillo.com\/index.php\/producto\/saga-covenant-2-puro\/","title":{"rendered":"Saga covenant 2. Puro"},"content":{"rendered":"<p><span class=\"a-text-italic\">LLEGA LA SEGUNDA ENTREGA DE COVENANT, LA NUEVA SAGA DE JENNIFER L. ARMENTROUT, AUTORA BEST SELLER DE DE SANGRE Y CENIZAS.<\/span><\/p>\n<p><span class=\"a-text-bold\">EST\u00c1 LA NECESIDAD.<\/span><\/p>\n<p><span class=\"a-text-bold\">Y DESPU\u00c9S EST\u00c1 EL DESTINO\u2026<\/span><\/p>\n<p>Estar destinada a convertirse en la fuente de alimentaci\u00f3n sobrenatural de otra persona no es precisamente algo genial, sobre todo cuando la \u00abotra mitad\u00bb de Alexandria parece seguir a todas partes. Seth est\u00e1 en la sala de entrenamiento, a la salida de sus clases y hasta en su habitaci\u00f3n. Y eso no es agradable.<\/p>\n<p>Su conexi\u00f3n tiene algunos beneficios, como mantener a raya las pesadillas del tr\u00e1gico enfrentamiento con su madre, pero no afecta a lo que Alex siente por Aiden, un sangre pura y prohibido. O a lo que \u00e9l est\u00e1 dispuesto a hacer (y a sacrificar) por ella.<\/p>\n<p>Cuando los daimons se infiltran en los Covenant y atacan a los estudiantes, los dioses env\u00edan a las furias, diosas menores decididas a erradicar cualquier amenaza contra los Covenant y los dioses; y eso incluye al Apollyon&#8230; y a Alex. Y si por eso -y las hordas de los monstruos succionadores del \u00e9ter- no fuera suficiente, una misteriosa amenaza parece dispuesta a hacer cualquier cosa por neutralizar a Seth, aunque eso signifique someter a Alex a la servidumbre&#8230; o matarla.<\/p>\n<p>Cuando los dioses est\u00e1n implicados, algunas decisiones jam\u00e1s se pueden revertir.<\/p>\n","protected":false},"excerpt":{"rendered":"<p>Jennifer L. Armentrout<\/p>\n","protected":false},"featured_media":3872,"template":"","meta":{"_joinchat":[]},"product_brand":[],"product_cat":[39],"product_tag":[46],"class_list":{"0":"post-3871","1":"product","2":"type-product","3":"status-publish","4":"has-post-thumbnail","6":"product_cat-fantasia","7":"product_tag-ediciones-urano","9":"first","10":"instock","11":"shipping-taxable","12":"purchasable","13":"product-type-simple"},"_links":{"self":[{"href":"https:\/\/libreriahistoriasdebolsillo.com\/index.php\/wp-json\/wp\/v2\/product\/3871","targetHints":{"allow":["GET"]}}],"collection":[{"href":"https:\/\/libreriahistoriasdebolsillo.com\/index.php\/wp-json\/wp\/v2\/product"}],"about":[{"href":"https:\/\/libreriahistoriasdebolsillo.com\/index.php\/wp-json\/wp\/v2\/types\/product"}],"wp:featuredmedia":[{"embeddable":true,"href":"https:\/\/libreriahistoriasdebolsillo.com\/index.php\/wp-json\/wp\/v2\/media\/3872"}],"wp:attachment":[{"href":"https:\/\/libreriahistoriasdebolsillo.com\/index.php\/wp-json\/wp\/v2\/media?parent=3871"}],"wp:term":[{"taxonomy":"product_brand","embeddable":true,"href":"https:\/\/libreriahistoriasdebolsillo.com\/index.php\/wp-json\/wp\/v2\/product_brand?post=3871"},{"taxonomy":"product_cat","embeddable":true,"href":"https:\/\/libreriahistoriasdebolsillo.com\/index.php\/wp-json\/wp\/v2\/product_cat?post=3871"},{"taxonomy":"product_tag","embeddable":true,"href":"https:\/\/libreriahistoriasdebolsillo.com\/index.php\/wp-json\/wp\/v2\/product_tag?post=3871"}],"curies":[{"name":"wp","href":"https:\/\/api.w.org\/{rel}","templated":true}]}}