{"id":3873,"date":"2024-03-05T14:43:23","date_gmt":"2024-03-05T20:43:23","guid":{"rendered":"https:\/\/libreriahistoriasdebolsillo.com\/?post_type=product&#038;p=3873"},"modified":"2024-03-05T14:43:23","modified_gmt":"2024-03-05T20:43:23","slug":"escandalizame","status":"publish","type":"product","link":"https:\/\/libreriahistoriasdebolsillo.com\/index.php\/producto\/escandalizame\/","title":{"rendered":"Escandal\u00edzame"},"content":{"rendered":"<p><span class=\"a-text-bold\">Una noche. Dos amigos de la infancia. Y un affaire realmente escandaloso.<\/span><\/p>\n<p>Exhausta y rozando la fecha l\u00edmite para entregar un art\u00edculo que podr\u00eda encumbrarla o destruir su carrera, la periodista de investigaci\u00f3n Georgia Ross est\u00e1 al borde de un colapso. La cancelaci\u00f3n de su vuelo la ha dejado atrapada de madrugada en una ciudad sin alojamiento disponible, as\u00ed que, cuando una cara familiar le ofrece ayuda, parece que la vida por fin le da un respiro.<\/p>\n<p>Alec Kim, el hermano mayor de una amiga de la infancia, es guapo, humilde y amable; el tipo de hombre que Gigi hab\u00eda olvidado que exist\u00eda tras un desenga\u00f1o amoroso. Una tarde de reconexi\u00f3n seguida de una noche apasionada parece un regalo ca\u00eddo del cielo\u2026 Hasta que Gigi se da cuenta de que su infancia no es la \u00fanica raz\u00f3n por la que Alec le resulta tan familiar\u2026<\/p>\n","protected":false},"excerpt":{"rendered":"<p>Ivy Owens<\/p>\n","protected":false},"featured_media":3874,"template":"","meta":{"_joinchat":[]},"product_brand":[],"product_cat":[35],"product_tag":[46],"class_list":{"0":"post-3873","1":"product","2":"type-product","3":"status-publish","4":"has-post-thumbnail","6":"product_cat-romantica","7":"product_tag-ediciones-urano","9":"first","10":"instock","11":"shipping-taxable","12":"purchasable","13":"product-type-simple"},"_links":{"self":[{"href":"https:\/\/libreriahistoriasdebolsillo.com\/index.php\/wp-json\/wp\/v2\/product\/3873","targetHints":{"allow":["GET"]}}],"collection":[{"href":"https:\/\/libreriahistoriasdebolsillo.com\/index.php\/wp-json\/wp\/v2\/product"}],"about":[{"href":"https:\/\/libreriahistoriasdebolsillo.com\/index.php\/wp-json\/wp\/v2\/types\/product"}],"wp:featuredmedia":[{"embeddable":true,"href":"https:\/\/libreriahistoriasdebolsillo.com\/index.php\/wp-json\/wp\/v2\/media\/3874"}],"wp:attachment":[{"href":"https:\/\/libreriahistoriasdebolsillo.com\/index.php\/wp-json\/wp\/v2\/media?parent=3873"}],"wp:term":[{"taxonomy":"product_brand","embeddable":true,"href":"https:\/\/libreriahistoriasdebolsillo.com\/index.php\/wp-json\/wp\/v2\/product_brand?post=3873"},{"taxonomy":"product_cat","embeddable":true,"href":"https:\/\/libreriahistoriasdebolsillo.com\/index.php\/wp-json\/wp\/v2\/product_cat?post=3873"},{"taxonomy":"product_tag","embeddable":true,"href":"https:\/\/libreriahistoriasdebolsillo.com\/index.php\/wp-json\/wp\/v2\/product_tag?post=3873"}],"curies":[{"name":"wp","href":"https:\/\/api.w.org\/{rel}","templated":true}]}}