{"id":3877,"date":"2024-03-05T14:47:18","date_gmt":"2024-03-05T20:47:18","guid":{"rendered":"https:\/\/libreriahistoriasdebolsillo.com\/?post_type=product&#038;p=3877"},"modified":"2024-03-05T14:47:18","modified_gmt":"2024-03-05T20:47:18","slug":"un-examen-extraordinario","status":"publish","type":"product","link":"https:\/\/libreriahistoriasdebolsillo.com\/index.php\/producto\/un-examen-extraordinario\/","title":{"rendered":"Un examen extraordinario"},"content":{"rendered":"<p>A Allison Avery le encanta ganar. Tras a\u00f1os de esfuerzo acad\u00e9mico, ha conseguido ser aceptada en el prestigioso programa de doctorado con el que siempre ha so\u00f1ado: estudiar\u00e1 literatura medieval bajo la direcci\u00f3n de una profesora a quien admira desde hace a\u00f1os. Pero pronto descubre que su exnovio tambi\u00e9n ha entrado en el mismo programa.<\/p>\n<p>Colin Benjamin es quiz\u00e1s la \u00fanica persona en el mundo a quien ganar le gusta m\u00e1s que a Allison. Y cuando ambos vuelven a encontrarse, la competici\u00f3n da comienzo. Pero lo que empieza como una lucha personal de ingenio (y literatura), pronto se convierte en una guerra abierta cuando la profesora anuncia una oportunidad profesional de oro con una \u00fanica plaza disponible.<\/p>\n<p>Competir con Colin es tan natural como respirar, y despu\u00e9s de que \u00e9l le rompiera el coraz\u00f3n a\u00f1os atr\u00e1s, no est\u00e1 dispuesta a dejarle salir victorioso. Pero cuando una emergencia familiar, un viaje nocturno por carretera y una insinuante partida de Scrabble los unen de nuevo, Allison empieza a preguntarse si podr\u00edan ser m\u00e1s fuertes estando el mismo equipo. Aunque si se enamoran de nuevo, deber\u00e1 elegir entre una oportunidad laboral \u00fanica o una segunda oportunidad en el amor.<\/p>\n","protected":false},"excerpt":{"rendered":"<p>Jenny L. Howe<\/p>\n","protected":false},"featured_media":3878,"template":"","meta":{"_joinchat":[]},"product_brand":[],"product_cat":[35],"product_tag":[46],"class_list":{"0":"post-3877","1":"product","2":"type-product","3":"status-publish","4":"has-post-thumbnail","6":"product_cat-romantica","7":"product_tag-ediciones-urano","9":"first","10":"instock","11":"shipping-taxable","12":"purchasable","13":"product-type-simple"},"_links":{"self":[{"href":"https:\/\/libreriahistoriasdebolsillo.com\/index.php\/wp-json\/wp\/v2\/product\/3877","targetHints":{"allow":["GET"]}}],"collection":[{"href":"https:\/\/libreriahistoriasdebolsillo.com\/index.php\/wp-json\/wp\/v2\/product"}],"about":[{"href":"https:\/\/libreriahistoriasdebolsillo.com\/index.php\/wp-json\/wp\/v2\/types\/product"}],"wp:featuredmedia":[{"embeddable":true,"href":"https:\/\/libreriahistoriasdebolsillo.com\/index.php\/wp-json\/wp\/v2\/media\/3878"}],"wp:attachment":[{"href":"https:\/\/libreriahistoriasdebolsillo.com\/index.php\/wp-json\/wp\/v2\/media?parent=3877"}],"wp:term":[{"taxonomy":"product_brand","embeddable":true,"href":"https:\/\/libreriahistoriasdebolsillo.com\/index.php\/wp-json\/wp\/v2\/product_brand?post=3877"},{"taxonomy":"product_cat","embeddable":true,"href":"https:\/\/libreriahistoriasdebolsillo.com\/index.php\/wp-json\/wp\/v2\/product_cat?post=3877"},{"taxonomy":"product_tag","embeddable":true,"href":"https:\/\/libreriahistoriasdebolsillo.com\/index.php\/wp-json\/wp\/v2\/product_tag?post=3877"}],"curies":[{"name":"wp","href":"https:\/\/api.w.org\/{rel}","templated":true}]}}