{"id":3888,"date":"2024-03-08T12:36:17","date_gmt":"2024-03-08T18:36:17","guid":{"rendered":"https:\/\/libreriahistoriasdebolsillo.com\/?post_type=product&#038;p=3888"},"modified":"2026-03-14T14:58:55","modified_gmt":"2026-03-14T20:58:55","slug":"las-mariposas-negras","status":"publish","type":"product","link":"https:\/\/libreriahistoriasdebolsillo.com\/index.php\/producto\/las-mariposas-negras\/","title":{"rendered":"Las mariposas negras"},"content":{"rendered":"<p><b>Una novela sentimental y oscura, hipn\u00f3tica e inquietante; una gran serie de Netflix.<\/b><\/p>\n<p>Norte de Francia, a\u00f1os cincuenta. Cuando Albert, un joven hu\u00e9rfano y solitario, conoce a Solange, hija de una prostituta castigada socialmente por haber simpatizado con los nazis, de inmediato salta una chispa entre ellos. Solos frente al mundo, se vuelven inseparables y su amistad da paso a un amor salvaje. Su primer crimen es un accidente. El segundo, un delito perfectamente calculado. A partir de entonces, cada verano cometen un asesinato distinto. Sin embargo, ninguna llama puede durar para siempre.<\/p>\n<p>Una relaci\u00f3n que recuerda la de Bonnie y Clyde o la de los protagonistas de\u00a0<i>Asesinos natos<\/i>\u00a0de Oliver Stone. Una novela sentimental y oscura, hipn\u00f3tica e inquietante, como la personalidad de sus dos torturados antih\u00e9roes: estas mariposas negras no dejar\u00e1n de acecharte.<\/p>\n","protected":false},"excerpt":{"rendered":"<p>Mody<\/p>\n","protected":false},"featured_media":3889,"template":"","meta":{"_joinchat":[]},"product_brand":[],"product_cat":[37],"product_tag":[34],"class_list":{"0":"post-3888","1":"product","2":"type-product","3":"status-publish","4":"has-post-thumbnail","6":"product_cat-misterio-y-thriller","7":"product_tag-penguin-random-house","9":"first","10":"outofstock","11":"sale","12":"shipping-taxable","13":"purchasable","14":"product-type-simple"},"_links":{"self":[{"href":"https:\/\/libreriahistoriasdebolsillo.com\/index.php\/wp-json\/wp\/v2\/product\/3888","targetHints":{"allow":["GET"]}}],"collection":[{"href":"https:\/\/libreriahistoriasdebolsillo.com\/index.php\/wp-json\/wp\/v2\/product"}],"about":[{"href":"https:\/\/libreriahistoriasdebolsillo.com\/index.php\/wp-json\/wp\/v2\/types\/product"}],"wp:featuredmedia":[{"embeddable":true,"href":"https:\/\/libreriahistoriasdebolsillo.com\/index.php\/wp-json\/wp\/v2\/media\/3889"}],"wp:attachment":[{"href":"https:\/\/libreriahistoriasdebolsillo.com\/index.php\/wp-json\/wp\/v2\/media?parent=3888"}],"wp:term":[{"taxonomy":"product_brand","embeddable":true,"href":"https:\/\/libreriahistoriasdebolsillo.com\/index.php\/wp-json\/wp\/v2\/product_brand?post=3888"},{"taxonomy":"product_cat","embeddable":true,"href":"https:\/\/libreriahistoriasdebolsillo.com\/index.php\/wp-json\/wp\/v2\/product_cat?post=3888"},{"taxonomy":"product_tag","embeddable":true,"href":"https:\/\/libreriahistoriasdebolsillo.com\/index.php\/wp-json\/wp\/v2\/product_tag?post=3888"}],"curies":[{"name":"wp","href":"https:\/\/api.w.org\/{rel}","templated":true}]}}