{"id":3890,"date":"2024-03-08T12:38:33","date_gmt":"2024-03-08T18:38:33","guid":{"rendered":"https:\/\/libreriahistoriasdebolsillo.com\/?post_type=product&#038;p=3890"},"modified":"2025-02-20T16:33:13","modified_gmt":"2025-02-20T22:33:13","slug":"el-hombre-hembra","status":"publish","type":"product","link":"https:\/\/libreriahistoriasdebolsillo.com\/index.php\/producto\/el-hombre-hembra\/","title":{"rendered":"El hombre hembra"},"content":{"rendered":"<p><b>Nova recupera el gran cl\u00e1sico de la ciencia ficci\u00f3n feminista.<\/b><\/p>\n<p><i>El hombre hembra<\/i>, una de las obras m\u00e1s influyentes de la literatura feminista, fue escrita en 1970 y, lejos de perder vigencia, sigue siendo absolutamente pertinente en la actualidad. Con ella, la escritora Joanna Russ reivindicaba que la ciencia ficci\u00f3n ya estaba lista para proporcionar nuevos mitos literarios en un g\u00e9nero dominado por hombres, y que pod\u00eda ayudar a liberar a las mujeres.<\/p>\n<p>Hoy, esta historia ambientada en un planeta para mujeres se lee como una novela de viajes entre distintas realidades protagonizada por cuatro versiones de una misma mujer, en distintos momentos y con un mismo denominador com\u00fan: la desigualdad que sufren todas ellas, cada una en uno de esos cuatro mundos paralelos. La obra es, adem\u00e1s, un poderoso ensayo que denuncia la discriminaci\u00f3n y el ninguneo que sufre el g\u00e9nero femenino.<\/p>\n","protected":false},"excerpt":{"rendered":"<p>Joanna Russ<\/p>\n","protected":false},"featured_media":3891,"template":"","meta":{"_joinchat":[]},"product_brand":[],"product_cat":[79,40,51],"product_tag":[34],"class_list":{"0":"post-3890","1":"product","2":"type-product","3":"status-publish","4":"has-post-thumbnail","6":"product_cat-campana-punto-naranja","7":"product_cat-ciencia-ficcion","8":"product_cat-oferta","9":"product_tag-penguin-random-house","11":"first","12":"outofstock","13":"sale","14":"shipping-taxable","15":"purchasable","16":"product-type-simple"},"_links":{"self":[{"href":"https:\/\/libreriahistoriasdebolsillo.com\/index.php\/wp-json\/wp\/v2\/product\/3890","targetHints":{"allow":["GET"]}}],"collection":[{"href":"https:\/\/libreriahistoriasdebolsillo.com\/index.php\/wp-json\/wp\/v2\/product"}],"about":[{"href":"https:\/\/libreriahistoriasdebolsillo.com\/index.php\/wp-json\/wp\/v2\/types\/product"}],"wp:featuredmedia":[{"embeddable":true,"href":"https:\/\/libreriahistoriasdebolsillo.com\/index.php\/wp-json\/wp\/v2\/media\/3891"}],"wp:attachment":[{"href":"https:\/\/libreriahistoriasdebolsillo.com\/index.php\/wp-json\/wp\/v2\/media?parent=3890"}],"wp:term":[{"taxonomy":"product_brand","embeddable":true,"href":"https:\/\/libreriahistoriasdebolsillo.com\/index.php\/wp-json\/wp\/v2\/product_brand?post=3890"},{"taxonomy":"product_cat","embeddable":true,"href":"https:\/\/libreriahistoriasdebolsillo.com\/index.php\/wp-json\/wp\/v2\/product_cat?post=3890"},{"taxonomy":"product_tag","embeddable":true,"href":"https:\/\/libreriahistoriasdebolsillo.com\/index.php\/wp-json\/wp\/v2\/product_tag?post=3890"}],"curies":[{"name":"wp","href":"https:\/\/api.w.org\/{rel}","templated":true}]}}