{"id":3898,"date":"2024-03-08T12:47:05","date_gmt":"2024-03-08T18:47:05","guid":{"rendered":"https:\/\/libreriahistoriasdebolsillo.com\/?post_type=product&#038;p=3898"},"modified":"2025-11-26T18:12:33","modified_gmt":"2025-11-27T00:12:33","slug":"xingona","status":"publish","type":"product","link":"https:\/\/libreriahistoriasdebolsillo.com\/index.php\/producto\/xingona\/","title":{"rendered":"Xingona"},"content":{"rendered":"<p><b>X\u00f3chitl G\u00e1lvez acept\u00f3 encabezar la lucha contra uno de los gobiernos m\u00e1s<\/b>\u00a0<b>polarizantes<\/b><b>, opacos y corruptos en la historia reciente del pa\u00eds.<\/b><\/p>\n<p><b>\u00bfQu\u00e9 hay dentro de una persona para aceptar una responsabilidad as\u00ed?<\/b><\/p>\n<p>En esta biograf\u00eda pol\u00edtica, la reportera Ivonne Melgar \u2014quien ha seguido la\u00a0<b>carrera<\/b>\u00a0de X\u00f3chitl desde antes de que llegara a la\u00a0<b>pol\u00edtica<\/b>, hace 24 a\u00f1os\u2014 nos entrega la mejor investigaci\u00f3n hecha sobre la\u00a0<b>candidata opositora<\/b>.<\/p>\n<p>Aqu\u00ed se relata su formaci\u00f3n en la\u00a0<b>defensa<\/b>\u00a0de los m\u00e1s pobres frente al poder de los caciques, su vida universitaria, su llegada como\u00a0<b>ind\u00edgena<\/b>\u00a0al mundoempresarial y a la pol\u00edtica, sus encontronazos y su elecci\u00f3n por el di\u00e1logo, sus pol\u00e9micas y su terquedad, su pasado y sus planes.<\/p>\n<p>Aparecen tambi\u00e9n los temas por los que la atacar\u00e1n hasta el \u00faltimo d\u00eda de\u00a0<b>campa\u00f1a<\/b>\u00a0\u2014como el de su\u00a0<b>hermana<\/b>\u00a0acusada de\u00a0<b>secuestro<\/b>\u2014, sus posturas sobre los asuntos centrales del pa\u00eds y sus ideas para que M\u00e9xico logre frenar el gasto enloquecido, la hipocres\u00eda y el\u00a0<b>autoritarismo<\/b>, y pueda reencontrar su mejor versi\u00f3n, la m\u00e1s solidaria, exitosa y\u00a0<b>progresista<\/b>.<\/p>\n","protected":false},"excerpt":{"rendered":"<p>Ivonne Melgar<\/p>\n","protected":false},"featured_media":3899,"template":"","meta":{"_joinchat":[]},"product_brand":[],"product_cat":[41,64],"product_tag":[34],"class_list":{"0":"post-3898","1":"product","2":"type-product","3":"status-publish","4":"has-post-thumbnail","6":"product_cat-desarrollo-humano","7":"product_cat-periodismo","8":"product_tag-penguin-random-house","10":"first","11":"outofstock","12":"shipping-taxable","13":"purchasable","14":"product-type-simple"},"_links":{"self":[{"href":"https:\/\/libreriahistoriasdebolsillo.com\/index.php\/wp-json\/wp\/v2\/product\/3898","targetHints":{"allow":["GET"]}}],"collection":[{"href":"https:\/\/libreriahistoriasdebolsillo.com\/index.php\/wp-json\/wp\/v2\/product"}],"about":[{"href":"https:\/\/libreriahistoriasdebolsillo.com\/index.php\/wp-json\/wp\/v2\/types\/product"}],"wp:featuredmedia":[{"embeddable":true,"href":"https:\/\/libreriahistoriasdebolsillo.com\/index.php\/wp-json\/wp\/v2\/media\/3899"}],"wp:attachment":[{"href":"https:\/\/libreriahistoriasdebolsillo.com\/index.php\/wp-json\/wp\/v2\/media?parent=3898"}],"wp:term":[{"taxonomy":"product_brand","embeddable":true,"href":"https:\/\/libreriahistoriasdebolsillo.com\/index.php\/wp-json\/wp\/v2\/product_brand?post=3898"},{"taxonomy":"product_cat","embeddable":true,"href":"https:\/\/libreriahistoriasdebolsillo.com\/index.php\/wp-json\/wp\/v2\/product_cat?post=3898"},{"taxonomy":"product_tag","embeddable":true,"href":"https:\/\/libreriahistoriasdebolsillo.com\/index.php\/wp-json\/wp\/v2\/product_tag?post=3898"}],"curies":[{"name":"wp","href":"https:\/\/api.w.org\/{rel}","templated":true}]}}