{"id":3906,"date":"2024-03-08T12:57:27","date_gmt":"2024-03-08T18:57:27","guid":{"rendered":"https:\/\/libreriahistoriasdebolsillo.com\/?post_type=product&#038;p=3906"},"modified":"2024-06-03T14:56:49","modified_gmt":"2024-06-03T20:56:49","slug":"te-esperare-en-venus","status":"publish","type":"product","link":"https:\/\/libreriahistoriasdebolsillo.com\/index.php\/producto\/te-esperare-en-venus\/","title":{"rendered":"Te esperar\u00e9 en Venus"},"content":{"rendered":"<p><b>Si lloras por no haber visto el sol, las l\u00e1grimas te impedir\u00e1n ver las estrellas.<\/b><\/p>\n<p><b>\u00a1El libro en el que se basa la pel\u00edcula del verano!<\/b><\/p>\n<p>Mia naci\u00f3 con una fecha de caducidad corta. Pero no se someter\u00e1 a la operaci\u00f3n que puede salvarle la vida o quit\u00e1rsela para siempre, hasta encontrar a la madre que la abandon\u00f3 al nacer.<\/p>\n<p>Kyle era la alegr\u00eda de la fiesta&#8230; hasta el accidente en el que mat\u00f3 a su mejor amigo. Ahora est\u00e1 dispuesto a pagar cualquier precio con tal de aliviar su culpa y el dolor que ha causado.<\/p>\n<p>Tras un inesperado golpe del destino, Mia y Kyle viajan juntos a Espa\u00f1a en busca de las respuestas que les permitan sanar sus corazones rotos&#8230; Pero, \u00bfquiz\u00e1 el universo los ha unido para que puedan cambiar para siempre su visi\u00f3n de la muerte y sobre todo&#8230; del amor?<\/p>\n","protected":false},"excerpt":{"rendered":"<p>Victoria Vinuesa<\/p>\n","protected":false},"featured_media":3907,"template":"","meta":{"_joinchat":[]},"product_brand":[],"product_cat":[35],"product_tag":[34],"class_list":{"0":"post-3906","1":"product","2":"type-product","3":"status-publish","4":"has-post-thumbnail","6":"product_cat-romantica","7":"product_tag-penguin-random-house","9":"first","10":"outofstock","11":"shipping-taxable","12":"purchasable","13":"product-type-simple"},"_links":{"self":[{"href":"https:\/\/libreriahistoriasdebolsillo.com\/index.php\/wp-json\/wp\/v2\/product\/3906","targetHints":{"allow":["GET"]}}],"collection":[{"href":"https:\/\/libreriahistoriasdebolsillo.com\/index.php\/wp-json\/wp\/v2\/product"}],"about":[{"href":"https:\/\/libreriahistoriasdebolsillo.com\/index.php\/wp-json\/wp\/v2\/types\/product"}],"wp:featuredmedia":[{"embeddable":true,"href":"https:\/\/libreriahistoriasdebolsillo.com\/index.php\/wp-json\/wp\/v2\/media\/3907"}],"wp:attachment":[{"href":"https:\/\/libreriahistoriasdebolsillo.com\/index.php\/wp-json\/wp\/v2\/media?parent=3906"}],"wp:term":[{"taxonomy":"product_brand","embeddable":true,"href":"https:\/\/libreriahistoriasdebolsillo.com\/index.php\/wp-json\/wp\/v2\/product_brand?post=3906"},{"taxonomy":"product_cat","embeddable":true,"href":"https:\/\/libreriahistoriasdebolsillo.com\/index.php\/wp-json\/wp\/v2\/product_cat?post=3906"},{"taxonomy":"product_tag","embeddable":true,"href":"https:\/\/libreriahistoriasdebolsillo.com\/index.php\/wp-json\/wp\/v2\/product_tag?post=3906"}],"curies":[{"name":"wp","href":"https:\/\/api.w.org\/{rel}","templated":true}]}}