{"id":3908,"date":"2024-03-08T13:00:07","date_gmt":"2024-03-08T19:00:07","guid":{"rendered":"https:\/\/libreriahistoriasdebolsillo.com\/?post_type=product&#038;p=3908"},"modified":"2025-11-26T18:12:39","modified_gmt":"2025-11-27T00:12:39","slug":"fuego-en-la-sangre","status":"publish","type":"product","link":"https:\/\/libreriahistoriasdebolsillo.com\/index.php\/producto\/fuego-en-la-sangre\/","title":{"rendered":"Fuego en la sangre"},"content":{"rendered":"<p><b>Una poderosa novela juvenil de fantas\u00eda<\/b><b>,<\/b>\u00a0<b>ideal para las lectoras de V. E. Schwab,<\/b>\u00a0<b>Chloe Gong y<\/b>\u00a0<b>Stephenie<\/b><b>\u00a0Meyer.<\/b><\/p>\n<p>Desde el momento en que\u00a0<b>Lilly<\/b>\u00a0<b>Deluca<\/b>, de diecis\u00e9is a\u00f1os, llega a la antigua ciudad italiana de Castello, sabe que es mortal. La ciudad est\u00e1 dividida por una l\u00ednea invisible que evita quelas familias en\u00a0<b>guerra de Marconi y Paradiso<\/b>\u00a0se destruyan entre s\u00ed; todo gracias a la intervenci\u00f3n del\u00a0<b>misterioso General<\/b>, un l\u00edder decidido a mantener el orden y la pureza, cueste lo que cueste.<\/p>\n<p>Lilly empieza a relacionarse con la seductora y rebelde\u00a0<b>Liza<\/b>, el melanc\u00f3lico Nico y el sensible Christian, quienes guardan suspropios\u00a0<b>secretos<\/b>, y la chispa surge entre ellos. Pero en una ciudad donde el amor puede conducir a la ruina, Lilly no est\u00e1 segura de poder confiar en nadie, ni siquiera en s\u00ed misma. Y cuando, accidentalmente, rompa la regla m\u00e1s importante de Castello, la vida de Lilly habr\u00e1 cambiado para siempre.<\/p>\n","protected":false},"excerpt":{"rendered":"<p>Kat Delacorte<\/p>\n","protected":false},"featured_media":3909,"template":"","meta":{"_joinchat":[]},"product_brand":[],"product_cat":[39],"product_tag":[34],"class_list":{"0":"post-3908","1":"product","2":"type-product","3":"status-publish","4":"has-post-thumbnail","6":"product_cat-fantasia","7":"product_tag-penguin-random-house","9":"first","10":"outofstock","11":"shipping-taxable","12":"purchasable","13":"product-type-simple"},"_links":{"self":[{"href":"https:\/\/libreriahistoriasdebolsillo.com\/index.php\/wp-json\/wp\/v2\/product\/3908","targetHints":{"allow":["GET"]}}],"collection":[{"href":"https:\/\/libreriahistoriasdebolsillo.com\/index.php\/wp-json\/wp\/v2\/product"}],"about":[{"href":"https:\/\/libreriahistoriasdebolsillo.com\/index.php\/wp-json\/wp\/v2\/types\/product"}],"wp:featuredmedia":[{"embeddable":true,"href":"https:\/\/libreriahistoriasdebolsillo.com\/index.php\/wp-json\/wp\/v2\/media\/3909"}],"wp:attachment":[{"href":"https:\/\/libreriahistoriasdebolsillo.com\/index.php\/wp-json\/wp\/v2\/media?parent=3908"}],"wp:term":[{"taxonomy":"product_brand","embeddable":true,"href":"https:\/\/libreriahistoriasdebolsillo.com\/index.php\/wp-json\/wp\/v2\/product_brand?post=3908"},{"taxonomy":"product_cat","embeddable":true,"href":"https:\/\/libreriahistoriasdebolsillo.com\/index.php\/wp-json\/wp\/v2\/product_cat?post=3908"},{"taxonomy":"product_tag","embeddable":true,"href":"https:\/\/libreriahistoriasdebolsillo.com\/index.php\/wp-json\/wp\/v2\/product_tag?post=3908"}],"curies":[{"name":"wp","href":"https:\/\/api.w.org\/{rel}","templated":true}]}}