{"id":3910,"date":"2024-03-08T13:01:55","date_gmt":"2024-03-08T19:01:55","guid":{"rendered":"https:\/\/libreriahistoriasdebolsillo.com\/?post_type=product&#038;p=3910"},"modified":"2025-11-26T18:12:44","modified_gmt":"2025-11-27T00:12:44","slug":"chamanes-electricos-en-la-fiesta-del-sol","status":"publish","type":"product","link":"https:\/\/libreriahistoriasdebolsillo.com\/index.php\/producto\/chamanes-electricos-en-la-fiesta-del-sol\/","title":{"rendered":"Chamanes el\u00e9ctricos en la fiesta del sol"},"content":{"rendered":"<p><b>A\u00f1o 5540 del calendario andino<\/b>. Noa decide escaparse de su Guayaquil natal con su mejor amiga, Nicole, para asistir al Ruido Solar, un macrofestival popular que anualmente congrega, durante ocho d\u00edas y siete noches, a miles de j\u00f3venes \u2014entre m\u00fasicos, bailarines, poetas y chamanes\u2014 a los pies de uno de los numerosos volcanes de los Andes. Atr\u00e1s quedan las familias y la violencia de las ciudades, y se despliega un paisaje alucinado que tiembla al ritmo de la m\u00fasica y las erupciones volc\u00e1nicas bajo un cielo surcado por meteoritos. Para Noa esta ser\u00e1 la primera parada antes de ir al reencuentro del padre que la abandon\u00f3 cuando era una ni\u00f1a y que desde hace a\u00f1os habita los bosques altos, un territorio donde tambi\u00e9n se esconden los desaparecidos, aquellos que una vez subieron al Ruido y nunca regresaron a sus hogares.<\/p>\n<p>Sostenida poruna l\u00edrica extraordinaria, una est\u00e9tica deslumbrante y un brutal sentido del ritmo,<i>\u00a0Chamanes el\u00e9ctricos en la fiesta del sol<\/i>\u00a0es un gran viaje m\u00edstico al coraz\u00f3n primitivo de la m\u00fasica y de la danza; un viaje lis\u00e9rgico y emocional que es a la vez la b\u00fasqueda de un padre y de un sentido de pertenencia en un mundo que solo conoce la p\u00e9rdida y el desamparo.<\/p>\n","protected":false},"excerpt":{"rendered":"<p>M\u00f3nica Ojeda<\/p>\n","protected":false},"featured_media":3911,"template":"","meta":{"_joinchat":[]},"product_brand":[],"product_cat":[33],"product_tag":[34],"class_list":{"0":"post-3910","1":"product","2":"type-product","3":"status-publish","4":"has-post-thumbnail","6":"product_cat-ficcion-general","7":"product_tag-penguin-random-house","9":"first","10":"outofstock","11":"shipping-taxable","12":"purchasable","13":"product-type-simple"},"_links":{"self":[{"href":"https:\/\/libreriahistoriasdebolsillo.com\/index.php\/wp-json\/wp\/v2\/product\/3910","targetHints":{"allow":["GET"]}}],"collection":[{"href":"https:\/\/libreriahistoriasdebolsillo.com\/index.php\/wp-json\/wp\/v2\/product"}],"about":[{"href":"https:\/\/libreriahistoriasdebolsillo.com\/index.php\/wp-json\/wp\/v2\/types\/product"}],"wp:featuredmedia":[{"embeddable":true,"href":"https:\/\/libreriahistoriasdebolsillo.com\/index.php\/wp-json\/wp\/v2\/media\/3911"}],"wp:attachment":[{"href":"https:\/\/libreriahistoriasdebolsillo.com\/index.php\/wp-json\/wp\/v2\/media?parent=3910"}],"wp:term":[{"taxonomy":"product_brand","embeddable":true,"href":"https:\/\/libreriahistoriasdebolsillo.com\/index.php\/wp-json\/wp\/v2\/product_brand?post=3910"},{"taxonomy":"product_cat","embeddable":true,"href":"https:\/\/libreriahistoriasdebolsillo.com\/index.php\/wp-json\/wp\/v2\/product_cat?post=3910"},{"taxonomy":"product_tag","embeddable":true,"href":"https:\/\/libreriahistoriasdebolsillo.com\/index.php\/wp-json\/wp\/v2\/product_tag?post=3910"}],"curies":[{"name":"wp","href":"https:\/\/api.w.org\/{rel}","templated":true}]}}