{"id":3912,"date":"2024-03-08T13:04:14","date_gmt":"2024-03-08T19:04:14","guid":{"rendered":"https:\/\/libreriahistoriasdebolsillo.com\/?post_type=product&#038;p=3912"},"modified":"2025-11-26T18:12:50","modified_gmt":"2025-11-27T00:12:50","slug":"lecciones-de-aristoteles","status":"publish","type":"product","link":"https:\/\/libreriahistoriasdebolsillo.com\/index.php\/producto\/lecciones-de-aristoteles\/","title":{"rendered":"Lecciones de Arist\u00f3teles"},"content":{"rendered":"<p>El Liceo de Atenas, hoy en ruinas, puede presumir de haber sido uno de los lugares m\u00e1s significativos de la historia del pensamiento. Fue la sede de la escuela de Arist\u00f3teles. All\u00ed el fil\u00f3sofo ense\u00f1\u00f3 y discuti\u00f3 las respuestas a los misterios m\u00e1s profundos de la condici\u00f3n humana, y cambi\u00f3 nuestra forma de reflexionar.<\/p>\n<p>Hoy puede resultar dif\u00edcil comprender plenamente la asombrosa influencia de sus lecciones. Sin embargo, sus observaciones sobre el mundoy sus reflexiones sobre la naturaleza del conocimiento sentaron las bases de toda ciencia emp\u00edrica. Sea lo que sea que nos preocupe o interese, es casi seguro que Arist\u00f3teles dijera algo extremadamente inteligente al respecto. Su estudio del pensamiento racional dio lugar a la l\u00f3gica formal, piedra angular de la investigaci\u00f3n filos\u00f3fica; su examen de las ciudades-estado griegas inaugur\u00f3 la ciencia pol\u00edtica; y su an\u00e1lisis del arte dram\u00e1tico sigue siendo un pilar de los cursos de literatura en todo el mundo.<\/p>\n<p>El aclamado fil\u00f3sofo John Sellars nos embarca en un viaje a trav\u00e9s del pensamiento de Arist\u00f3teles, haciendo revivir con entusiasmo sus ideas clave y demostrando que la capacidad de curiosidad del c\u00e9lebre fil\u00f3sofo sigue ofreci\u00e9ndonos a todos una visi\u00f3n de la vida m\u00e1s plena. Sellars demuestra que las lecciones de Arist\u00f3teles a\u00fan tienen mucho que ense\u00f1arnos hoy.<\/p>\n","protected":false},"excerpt":{"rendered":"<p>John Sellars<\/p>\n","protected":false},"featured_media":3913,"template":"","meta":{"_joinchat":[]},"product_brand":[],"product_cat":[61,41],"product_tag":[34],"class_list":{"0":"post-3912","1":"product","2":"type-product","3":"status-publish","4":"has-post-thumbnail","6":"product_cat-filosofia","7":"product_cat-desarrollo-humano","8":"product_tag-penguin-random-house","10":"first","11":"instock","12":"shipping-taxable","13":"purchasable","14":"product-type-simple"},"_links":{"self":[{"href":"https:\/\/libreriahistoriasdebolsillo.com\/index.php\/wp-json\/wp\/v2\/product\/3912","targetHints":{"allow":["GET"]}}],"collection":[{"href":"https:\/\/libreriahistoriasdebolsillo.com\/index.php\/wp-json\/wp\/v2\/product"}],"about":[{"href":"https:\/\/libreriahistoriasdebolsillo.com\/index.php\/wp-json\/wp\/v2\/types\/product"}],"wp:featuredmedia":[{"embeddable":true,"href":"https:\/\/libreriahistoriasdebolsillo.com\/index.php\/wp-json\/wp\/v2\/media\/3913"}],"wp:attachment":[{"href":"https:\/\/libreriahistoriasdebolsillo.com\/index.php\/wp-json\/wp\/v2\/media?parent=3912"}],"wp:term":[{"taxonomy":"product_brand","embeddable":true,"href":"https:\/\/libreriahistoriasdebolsillo.com\/index.php\/wp-json\/wp\/v2\/product_brand?post=3912"},{"taxonomy":"product_cat","embeddable":true,"href":"https:\/\/libreriahistoriasdebolsillo.com\/index.php\/wp-json\/wp\/v2\/product_cat?post=3912"},{"taxonomy":"product_tag","embeddable":true,"href":"https:\/\/libreriahistoriasdebolsillo.com\/index.php\/wp-json\/wp\/v2\/product_tag?post=3912"}],"curies":[{"name":"wp","href":"https:\/\/api.w.org\/{rel}","templated":true}]}}