{"id":3914,"date":"2024-03-08T13:06:45","date_gmt":"2024-03-08T19:06:45","guid":{"rendered":"https:\/\/libreriahistoriasdebolsillo.com\/?post_type=product&#038;p=3914"},"modified":"2026-01-20T14:54:34","modified_gmt":"2026-01-20T20:54:34","slug":"el-tiempo-que-tuvimos","status":"publish","type":"product","link":"https:\/\/libreriahistoriasdebolsillo.com\/index.php\/producto\/el-tiempo-que-tuvimos\/","title":{"rendered":"El tiempo que tuvimos"},"content":{"rendered":"<p><b>Liam y Grace: una historia de amor y recuerdos imposible de olvidar. Un nuevo e imprescindible standalone de la mano de Cherry Chic.<\/b><\/p>\n<p>Liam O&#8217;Callaghan y Grace Fitzgerald siempre han estado en la vida del otro.<\/p>\n<p>Desde peque\u00f1os han estado unidos por una promesa: la de reunirse cada dos a\u00f1os para firmar un contrato que los se\u00f1ala como mejores amigos y enterrarlo de nuevo dentro de una cajita bajo el \u00c1rbol de las Hadas.<\/p>\n<p>Nada pod\u00eda romper la tradici\u00f3n, del mismo modo que nada pod\u00eda separarlos a ellos.<\/p>\n<p>Hasta que un d\u00eda todo cambia.<\/p>\n<p>Esta es la historia de dos personas que se quisieron tanto y de tantas formas que, en alg\u00fan punto de sus vidas, no supieron qu\u00e9 hacer con tanto amor.<\/p>\n","protected":false},"excerpt":{"rendered":"<p>Cherry Chic<\/p>\n","protected":false},"featured_media":3915,"template":"","meta":{"_joinchat":[]},"product_brand":[],"product_cat":[35],"product_tag":[34],"class_list":{"0":"post-3914","1":"product","2":"type-product","3":"status-publish","4":"has-post-thumbnail","6":"product_cat-romantica","7":"product_tag-penguin-random-house","9":"first","10":"outofstock","11":"shipping-taxable","12":"purchasable","13":"product-type-simple"},"_links":{"self":[{"href":"https:\/\/libreriahistoriasdebolsillo.com\/index.php\/wp-json\/wp\/v2\/product\/3914","targetHints":{"allow":["GET"]}}],"collection":[{"href":"https:\/\/libreriahistoriasdebolsillo.com\/index.php\/wp-json\/wp\/v2\/product"}],"about":[{"href":"https:\/\/libreriahistoriasdebolsillo.com\/index.php\/wp-json\/wp\/v2\/types\/product"}],"wp:featuredmedia":[{"embeddable":true,"href":"https:\/\/libreriahistoriasdebolsillo.com\/index.php\/wp-json\/wp\/v2\/media\/3915"}],"wp:attachment":[{"href":"https:\/\/libreriahistoriasdebolsillo.com\/index.php\/wp-json\/wp\/v2\/media?parent=3914"}],"wp:term":[{"taxonomy":"product_brand","embeddable":true,"href":"https:\/\/libreriahistoriasdebolsillo.com\/index.php\/wp-json\/wp\/v2\/product_brand?post=3914"},{"taxonomy":"product_cat","embeddable":true,"href":"https:\/\/libreriahistoriasdebolsillo.com\/index.php\/wp-json\/wp\/v2\/product_cat?post=3914"},{"taxonomy":"product_tag","embeddable":true,"href":"https:\/\/libreriahistoriasdebolsillo.com\/index.php\/wp-json\/wp\/v2\/product_tag?post=3914"}],"curies":[{"name":"wp","href":"https:\/\/api.w.org\/{rel}","templated":true}]}}