{"id":3916,"date":"2024-03-08T13:08:40","date_gmt":"2024-03-08T19:08:40","guid":{"rendered":"https:\/\/libreriahistoriasdebolsillo.com\/?post_type=product&#038;p=3916"},"modified":"2026-02-12T15:23:25","modified_gmt":"2026-02-12T21:23:25","slug":"pachita","status":"publish","type":"product","link":"https:\/\/libreriahistoriasdebolsillo.com\/index.php\/producto\/pachita\/","title":{"rendered":"Pachita"},"content":{"rendered":"<p><b>\u00abJAM\u00c1S ME IMAGIN\u00c9, NI PODR\u00cdA HABER ACEPTADO, QUE<\/b>\u00a0<b>UNA PARTE DEL CEREBRO PUDIERA TRASPLANTARSE DE UN<\/b>\u00a0<b>SER HUMANO A OTRO, PERO EL CASO ES QUE LO VI Y ESO ME<\/b>\u00a0<b>TRASTORN\u00d3 TAN PROFUNDAMENTE QUE TODAS MIS CONCEPCIONES<\/b>\u00a0<b>PARAFISIOL\u00d3GICAS CAMBIARON.\u00bb<\/b><\/p>\n<p><b>&#8211;<\/b><b>J. G. Z.<\/b><\/p>\n<p>B\u00e1rbara Guerrero, mejor conocida como\u00a0<b>Pachita<\/b>, fue una de las m\u00e1s poderosas y reconocidas\u00a0<b>chamanas<\/b>\u00a0de\u00a0<b>M\u00e9xico<\/b>. Famosa por realizar\u00a0<b>operaciones quir\u00fargicas<\/b>\u00a0con la ayuda de un simple cuchillo de monte y su sorprendente poder sobre la\u00a0<b>energ\u00eda<\/b>\u00a0yla materia. Era capaz de hacer\u00a0<b>trasplantes<\/b>\u00a0de \u00f3rganos, curar todo tipo de tejidos org\u00e1nicos e intervenir en la\u00a0<b>materia<\/b>\u00a0a su antojo. Aunque los procedimientos de la chamana pudieran parecer\u00a0<b>milagrosos<\/b>\u00a0e incre\u00edbles, en este libro\u00a0<b>Jacobo Grinberg<\/b>\u00a0explica \u2014desde un enfoque cient\u00edfico y un concepto fundamental de la mec\u00e1nica cu\u00e1ntica que se encuentra a lo largo de toda la obra del autor: la\u00a0<b>lattice<\/b>, es decir, esa red estructurada de la que se compone el\u00a0<b>espacio-tiempo<\/b>\u00a0tal y como lo conocemos\u2014 que Pachita era capaz de transformar y modificar esa red gracias al control \u00fanico que pose\u00eda sobre su campo\u00a0<b>neuronal<\/b>\u00a0y, aunque todos pueden llegar a desarrollar esa capacidad, pocos lo logran. En estas p\u00e1ginas, Jacobo Grinberg narra las experiencias que observ\u00f3 y vivi\u00f3 a lo largo de los a\u00f1os en los que trabaj\u00f3 junto con la chamana como un testigo curioso y sensible a otras formas de concebir la\u00a0<b>realidad<\/b>.<\/p>\n","protected":false},"excerpt":{"rendered":"<p>Jacobo Grinberg-Zylberbaum<\/p>\n","protected":false},"featured_media":3917,"template":"","meta":{"_joinchat":[]},"product_brand":[],"product_cat":[60,41],"product_tag":[34],"class_list":{"0":"post-3916","1":"product","2":"type-product","3":"status-publish","4":"has-post-thumbnail","6":"product_cat-ciencia","7":"product_cat-desarrollo-humano","8":"product_tag-penguin-random-house","10":"first","11":"instock","12":"shipping-taxable","13":"purchasable","14":"product-type-simple"},"_links":{"self":[{"href":"https:\/\/libreriahistoriasdebolsillo.com\/index.php\/wp-json\/wp\/v2\/product\/3916","targetHints":{"allow":["GET"]}}],"collection":[{"href":"https:\/\/libreriahistoriasdebolsillo.com\/index.php\/wp-json\/wp\/v2\/product"}],"about":[{"href":"https:\/\/libreriahistoriasdebolsillo.com\/index.php\/wp-json\/wp\/v2\/types\/product"}],"wp:featuredmedia":[{"embeddable":true,"href":"https:\/\/libreriahistoriasdebolsillo.com\/index.php\/wp-json\/wp\/v2\/media\/3917"}],"wp:attachment":[{"href":"https:\/\/libreriahistoriasdebolsillo.com\/index.php\/wp-json\/wp\/v2\/media?parent=3916"}],"wp:term":[{"taxonomy":"product_brand","embeddable":true,"href":"https:\/\/libreriahistoriasdebolsillo.com\/index.php\/wp-json\/wp\/v2\/product_brand?post=3916"},{"taxonomy":"product_cat","embeddable":true,"href":"https:\/\/libreriahistoriasdebolsillo.com\/index.php\/wp-json\/wp\/v2\/product_cat?post=3916"},{"taxonomy":"product_tag","embeddable":true,"href":"https:\/\/libreriahistoriasdebolsillo.com\/index.php\/wp-json\/wp\/v2\/product_tag?post=3916"}],"curies":[{"name":"wp","href":"https:\/\/api.w.org\/{rel}","templated":true}]}}