{"id":3918,"date":"2024-03-08T13:10:57","date_gmt":"2024-03-08T19:10:57","guid":{"rendered":"https:\/\/libreriahistoriasdebolsillo.com\/?post_type=product&#038;p=3918"},"modified":"2025-11-26T18:13:07","modified_gmt":"2025-11-27T00:13:07","slug":"psicologia-autoctona-mexicana","status":"publish","type":"product","link":"https:\/\/libreriahistoriasdebolsillo.com\/index.php\/producto\/psicologia-autoctona-mexicana\/","title":{"rendered":"Psicolog\u00eda aut\u00f3ctona mexicana"},"content":{"rendered":"<p><b>\u00abUN PUEBLO QUE POSEE UNA RIQUEZA HUMANA TAN EXTRAORDINARIA<\/b>\u00a0<b>COMO M\u00c9XICO NO TIENEMOTIVO ALGUNO<\/b>\u00a0<b>PARA SENTIRSE DEVALUADO. QUIZ\u00c1S ES QUE DESCONOCEMOS<\/b>\u00a0<b>E IGNORAMOS LO QUE SOMOS.\u00bb<\/b><\/p>\n<p><b>&#8211;<\/b><b>J. G. Z.<\/b><\/p>\n<p>Jacobo Grinberg nos sumerge en un viaje revelador hacia la esencia vibrante de la\u00a0<b>sabidur\u00eda<\/b>\u00a0ancestral de los\u00a0<b>chamanes<\/b>\u00a0y\u00a0<b>psic\u00f3logos<\/b>\u00a0aut\u00f3ctonos de M\u00e9xico. A trav\u00e9s de testimonios, an\u00e9cdotas y reflexiones, Grinberg nos invita a explorar los antiguos conocimientos ind\u00edgenas que han permanecido entretejidos en nuestras tradiciones, mitos y rituales. Esta obra es un valioso testimonio de la riqueza cultural ind\u00edgena de nuestro pa\u00eds, que ha resistido las adversidades hist\u00f3ricasde la Conquista y el mundo moderno, un documento antropol\u00f3gico de rescate que nos permite entender la complejidad de las pr\u00e1cticas\u00a0<b>medicinales<\/b>\u00a0y\u00a0<b>espirituales<\/b>\u00a0milenarias de nuestro pa\u00eds. Psicolog\u00eda aut\u00f3ctona mexicana se erige como un faro que ilumina el camino hacia la comprensi\u00f3n de una realidad que, aunque por momentos negada y oculta, late con\u00a0<b>fuerza<\/b>\u00a0en nuestros d\u00edas.<\/p>\n","protected":false},"excerpt":{"rendered":"<p>Jacobo Grinberg-Zylberbaum<\/p>\n","protected":false},"featured_media":3920,"template":"","meta":{"_joinchat":[]},"product_brand":[],"product_cat":[60,41],"product_tag":[34],"class_list":{"0":"post-3918","1":"product","2":"type-product","3":"status-publish","4":"has-post-thumbnail","6":"product_cat-ciencia","7":"product_cat-desarrollo-humano","8":"product_tag-penguin-random-house","10":"first","11":"outofstock","12":"shipping-taxable","13":"purchasable","14":"product-type-simple"},"_links":{"self":[{"href":"https:\/\/libreriahistoriasdebolsillo.com\/index.php\/wp-json\/wp\/v2\/product\/3918","targetHints":{"allow":["GET"]}}],"collection":[{"href":"https:\/\/libreriahistoriasdebolsillo.com\/index.php\/wp-json\/wp\/v2\/product"}],"about":[{"href":"https:\/\/libreriahistoriasdebolsillo.com\/index.php\/wp-json\/wp\/v2\/types\/product"}],"wp:featuredmedia":[{"embeddable":true,"href":"https:\/\/libreriahistoriasdebolsillo.com\/index.php\/wp-json\/wp\/v2\/media\/3920"}],"wp:attachment":[{"href":"https:\/\/libreriahistoriasdebolsillo.com\/index.php\/wp-json\/wp\/v2\/media?parent=3918"}],"wp:term":[{"taxonomy":"product_brand","embeddable":true,"href":"https:\/\/libreriahistoriasdebolsillo.com\/index.php\/wp-json\/wp\/v2\/product_brand?post=3918"},{"taxonomy":"product_cat","embeddable":true,"href":"https:\/\/libreriahistoriasdebolsillo.com\/index.php\/wp-json\/wp\/v2\/product_cat?post=3918"},{"taxonomy":"product_tag","embeddable":true,"href":"https:\/\/libreriahistoriasdebolsillo.com\/index.php\/wp-json\/wp\/v2\/product_tag?post=3918"}],"curies":[{"name":"wp","href":"https:\/\/api.w.org\/{rel}","templated":true}]}}