{"id":3919,"date":"2024-03-08T13:12:23","date_gmt":"2024-03-08T19:12:23","guid":{"rendered":"https:\/\/libreriahistoriasdebolsillo.com\/?post_type=product&#038;p=3919"},"modified":"2026-03-11T17:50:39","modified_gmt":"2026-03-11T23:50:39","slug":"la-teoria-sintergica","status":"publish","type":"product","link":"https:\/\/libreriahistoriasdebolsillo.com\/index.php\/producto\/la-teoria-sintergica\/","title":{"rendered":"La teor\u00eda sint\u00e9rgica"},"content":{"rendered":"<p><b>\u00abEL ORIGEN DE LA TEOR\u00cdA SINT\u00c9RGICA FUE LA PREGUNTA<\/b>\u00a0<b>ACERCA DE C\u00d3MO SE<\/b>\u00a0<b>REALIZA LA TRANSFORMACI\u00d3N DE LA<\/b>\u00a0<b>ACTIVIDAD CEREBRAL EN EXPERIENCIA SENSIBLE, UTILIZANDO<\/b>\u00a0<b>CUALQUIER HERRAMIENTA\u00daTIL, DESDE LA INVESTIGACI\u00d3N<\/b>\u00a0<b>NEUROFISIOL\u00d3GICA PURA HASTA LOS ESTUDIOS<\/b>\u00a0<b>CHAM\u00c1NICOS Y M\u00cdSTICOS.\u00bb<\/b><\/p>\n<p><b>&#8211;<\/b><b>J. G. Z.<\/b><\/p>\n<p>La\u00a0<b>realidad<\/b>\u00a0tal y como la percibimos est\u00e1 conformada, desde el punto de vista de la\u00a0<b>f\u00edsica cu\u00e1ntica<\/b>, por una red compleja mejor conocida como\u00a0<b>lattice<\/b>, pero para Jacobo Grinberg esta es resultado, a su vez, dela\u00a0<b>percepci\u00f3n<\/b>\u00a0y la actividad neuronal de cada individuo. Para demostrarlo, desarroll\u00f3 su famosa teor\u00eda\u00a0<b>sint\u00e9rgica<\/b><b>,<\/b>\u00a0contenida en estas p\u00e1ginas, en donde explica que los distintos niveles de realidad surgen de la interacci\u00f3n entre el campo\u00a0<b>neurona<\/b>l y la lattice, por lo tanto, \u00bfsomoscapaces de modificar nuestra percepci\u00f3n y experiencia del mundo que nos rodea con tan solo el poder de nuestra mente? \u00bfExisten otros niveles de realidad adem\u00e1s de la que conocemos?<\/p>\n<p>En este libro, resultado de 15 a\u00f1os de investigaci\u00f3n, el doctor Grinberg responde a estas y otras\u00a0<b>interrogantes<\/b>, explora m\u00e1s all\u00e1 delos l\u00edmites del cerebro humano y propone un nuevo paradigma para la ciencia que se antoja tan fascinante como revolucionario.<\/p>\n","protected":false},"excerpt":{"rendered":"<p>Jacobo Grinberg-Zylberbaum<\/p>\n","protected":false},"featured_media":3921,"template":"","meta":{"_joinchat":[]},"product_brand":[],"product_cat":[60,41],"product_tag":[34],"class_list":{"0":"post-3919","1":"product","2":"type-product","3":"status-publish","4":"has-post-thumbnail","6":"product_cat-ciencia","7":"product_cat-desarrollo-humano","8":"product_tag-penguin-random-house","10":"first","11":"instock","12":"shipping-taxable","13":"purchasable","14":"product-type-simple"},"_links":{"self":[{"href":"https:\/\/libreriahistoriasdebolsillo.com\/index.php\/wp-json\/wp\/v2\/product\/3919","targetHints":{"allow":["GET"]}}],"collection":[{"href":"https:\/\/libreriahistoriasdebolsillo.com\/index.php\/wp-json\/wp\/v2\/product"}],"about":[{"href":"https:\/\/libreriahistoriasdebolsillo.com\/index.php\/wp-json\/wp\/v2\/types\/product"}],"wp:featuredmedia":[{"embeddable":true,"href":"https:\/\/libreriahistoriasdebolsillo.com\/index.php\/wp-json\/wp\/v2\/media\/3921"}],"wp:attachment":[{"href":"https:\/\/libreriahistoriasdebolsillo.com\/index.php\/wp-json\/wp\/v2\/media?parent=3919"}],"wp:term":[{"taxonomy":"product_brand","embeddable":true,"href":"https:\/\/libreriahistoriasdebolsillo.com\/index.php\/wp-json\/wp\/v2\/product_brand?post=3919"},{"taxonomy":"product_cat","embeddable":true,"href":"https:\/\/libreriahistoriasdebolsillo.com\/index.php\/wp-json\/wp\/v2\/product_cat?post=3919"},{"taxonomy":"product_tag","embeddable":true,"href":"https:\/\/libreriahistoriasdebolsillo.com\/index.php\/wp-json\/wp\/v2\/product_tag?post=3919"}],"curies":[{"name":"wp","href":"https:\/\/api.w.org\/{rel}","templated":true}]}}