{"id":3924,"date":"2024-03-08T15:17:19","date_gmt":"2024-03-08T21:17:19","guid":{"rendered":"https:\/\/libreriahistoriasdebolsillo.com\/?post_type=product&#038;p=3924"},"modified":"2024-03-08T15:17:20","modified_gmt":"2024-03-08T21:17:20","slug":"fuego-sagrado-1-guardiana-de-fuego","status":"publish","type":"product","link":"https:\/\/libreriahistoriasdebolsillo.com\/index.php\/producto\/fuego-sagrado-1-guardiana-de-fuego\/","title":{"rendered":"Fuego sagrado 1. Guardiana de fuego"},"content":{"rendered":"<p><strong>Eng\u00e1nchate a la trilog\u00eda del Fuego Sagrado.<\/strong><\/p>\n<p><strong>El romance que te incendiar\u00e1.<\/strong><\/p>\n<p>ADVERTENCIA:<\/p>\n<p>Esta novela contiene escenas de alto contenido sexual que pueden herir la sensibilidad de algunos lectores.<\/p>\n<p>\u00c9l le abrir\u00e1 las puertas del Infierno.<\/p>\n<p>Marcada desde su nacimiento con unos extra\u00f1os ojos violetas y un enigm\u00e1tico legado familiar, Ares Parisi ha vivido siempre como una chica normal, hasta que descubre que su historia est\u00e1 envuelta por m\u00e1s secretos y misterios de los que nunca pudo imaginar. Ser\u00e1 entonces cuando decida pedir ayuda al atractivo Adonis, que la llevar\u00e1 de la mano en una investigaci\u00f3n hacia un mundo oscuro y sensual donde las leyendas conviven con la realidad.<\/p>\n<p>Rituales. Sexo. Demonios.<\/p>\n<p>Lena Valenti, autora best seller con m\u00e1s de 500.000 lectores en todo el mundo, regresa con la primera entrega de la trilog\u00eda del Fuego Sagrado, su novela m\u00e1s adictiva. Una saga llena de intriga y erotismo solo apta para valientes.<\/p>\n<p>D\u00e9jate envolver por las llamas del placer.<\/p>\n<p>&nbsp;<\/p>\n","protected":false},"excerpt":{"rendered":"<p>Lena Valenti<\/p>\n","protected":false},"featured_media":3925,"template":"","meta":{"_joinchat":[]},"product_brand":[],"product_cat":[53,39],"product_tag":[34],"class_list":{"0":"post-3924","1":"product","2":"type-product","3":"status-publish","4":"has-post-thumbnail","6":"product_cat-erotica","7":"product_cat-fantasia","8":"product_tag-penguin-random-house","10":"first","11":"outofstock","12":"shipping-taxable","13":"purchasable","14":"product-type-simple"},"_links":{"self":[{"href":"https:\/\/libreriahistoriasdebolsillo.com\/index.php\/wp-json\/wp\/v2\/product\/3924","targetHints":{"allow":["GET"]}}],"collection":[{"href":"https:\/\/libreriahistoriasdebolsillo.com\/index.php\/wp-json\/wp\/v2\/product"}],"about":[{"href":"https:\/\/libreriahistoriasdebolsillo.com\/index.php\/wp-json\/wp\/v2\/types\/product"}],"wp:featuredmedia":[{"embeddable":true,"href":"https:\/\/libreriahistoriasdebolsillo.com\/index.php\/wp-json\/wp\/v2\/media\/3925"}],"wp:attachment":[{"href":"https:\/\/libreriahistoriasdebolsillo.com\/index.php\/wp-json\/wp\/v2\/media?parent=3924"}],"wp:term":[{"taxonomy":"product_brand","embeddable":true,"href":"https:\/\/libreriahistoriasdebolsillo.com\/index.php\/wp-json\/wp\/v2\/product_brand?post=3924"},{"taxonomy":"product_cat","embeddable":true,"href":"https:\/\/libreriahistoriasdebolsillo.com\/index.php\/wp-json\/wp\/v2\/product_cat?post=3924"},{"taxonomy":"product_tag","embeddable":true,"href":"https:\/\/libreriahistoriasdebolsillo.com\/index.php\/wp-json\/wp\/v2\/product_tag?post=3924"}],"curies":[{"name":"wp","href":"https:\/\/api.w.org\/{rel}","templated":true}]}}