{"id":3926,"date":"2024-03-11T14:42:24","date_gmt":"2024-03-11T20:42:24","guid":{"rendered":"https:\/\/libreriahistoriasdebolsillo.com\/?post_type=product&#038;p=3926"},"modified":"2026-03-13T12:11:53","modified_gmt":"2026-03-13T18:11:53","slug":"piense-y-hagase-rico","status":"publish","type":"product","link":"https:\/\/libreriahistoriasdebolsillo.com\/index.php\/producto\/piense-y-hagase-rico\/","title":{"rendered":"Piense y h\u00e1gase rico"},"content":{"rendered":"<p><b>La riqueza y la realizaci\u00f3n personal al alcance de todos.<\/b><\/p>\n<p><b>\u00ab\u00a1\u00c9ste es el mejor libro para el \u00e9xito personal que se ha escrito en todos los tiempos; me hizo millonario sin haber tenido nada al inicio!\u00bb BRIAN TRACY, autor bestseller de\u00a0<i>Habla menos, act\u00faa m\u00e1s<\/i><\/b><\/p>\n<p>As\u00ed de f\u00e1cil: la riqueza y la realizaci\u00f3n personal est\u00e1n al alcance de todas aquellas personas que lo desean; basta simplemente con desvelar un secreto, el secreto del \u00e9xito.<\/p>\n<p>Napoleon Hill lo aprendi\u00f3 del famoso industrial, fil\u00e1ntropo y escritor AndrewCarnegie, y lo sistematiz\u00f3 para hacerlo accesible.\u00a0<i>Piense y h\u00e1gase rico<\/i>\u00a0es una obra dise\u00f1ada para llevarnos al\u00a0<b>triunfo<\/b>, entendido no s\u00f3lo como\u00a0<b>remuneraci\u00f3n econ\u00f3mica<\/b>, sino, sobre todo, como logro de la \u00edntima satisfacci\u00f3n que permite el\u00a0<b>equilibrio personal<\/b>.<\/p>\n<p>Esta nueva edici\u00f3n de este magn\u00edfico cl\u00e1sico est\u00e1 basada en la versi\u00f3n original del autor y ha sido revisada y corregida ampliamente. Cualquiera que ponga en pr\u00e1ctica sus principios y su filosof\u00eda sin duda obtendr\u00e1 todo aquello que desee en la vida.<\/p>\n","protected":false},"excerpt":{"rendered":"<p>Napoleon Hill<\/p>\n","protected":false},"featured_media":3927,"template":"","meta":{"_joinchat":[]},"product_brand":[],"product_cat":[58,41],"product_tag":[34],"class_list":{"0":"post-3926","1":"product","2":"type-product","3":"status-publish","4":"has-post-thumbnail","6":"product_cat-desarrollo-humano-y-superacion","7":"product_cat-desarrollo-humano","8":"product_tag-penguin-random-house","10":"first","11":"outofstock","12":"shipping-taxable","13":"purchasable","14":"product-type-simple"},"_links":{"self":[{"href":"https:\/\/libreriahistoriasdebolsillo.com\/index.php\/wp-json\/wp\/v2\/product\/3926","targetHints":{"allow":["GET"]}}],"collection":[{"href":"https:\/\/libreriahistoriasdebolsillo.com\/index.php\/wp-json\/wp\/v2\/product"}],"about":[{"href":"https:\/\/libreriahistoriasdebolsillo.com\/index.php\/wp-json\/wp\/v2\/types\/product"}],"wp:featuredmedia":[{"embeddable":true,"href":"https:\/\/libreriahistoriasdebolsillo.com\/index.php\/wp-json\/wp\/v2\/media\/3927"}],"wp:attachment":[{"href":"https:\/\/libreriahistoriasdebolsillo.com\/index.php\/wp-json\/wp\/v2\/media?parent=3926"}],"wp:term":[{"taxonomy":"product_brand","embeddable":true,"href":"https:\/\/libreriahistoriasdebolsillo.com\/index.php\/wp-json\/wp\/v2\/product_brand?post=3926"},{"taxonomy":"product_cat","embeddable":true,"href":"https:\/\/libreriahistoriasdebolsillo.com\/index.php\/wp-json\/wp\/v2\/product_cat?post=3926"},{"taxonomy":"product_tag","embeddable":true,"href":"https:\/\/libreriahistoriasdebolsillo.com\/index.php\/wp-json\/wp\/v2\/product_tag?post=3926"}],"curies":[{"name":"wp","href":"https:\/\/api.w.org\/{rel}","templated":true}]}}