{"id":3928,"date":"2024-03-11T14:44:56","date_gmt":"2024-03-11T20:44:56","guid":{"rendered":"https:\/\/libreriahistoriasdebolsillo.com\/?post_type=product&#038;p=3928"},"modified":"2024-06-03T14:55:33","modified_gmt":"2024-06-03T20:55:33","slug":"huracan","status":"publish","type":"product","link":"https:\/\/libreriahistoriasdebolsillo.com\/index.php\/producto\/huracan\/","title":{"rendered":"Hurac\u00e1n"},"content":{"rendered":"<p><b>Por la autora de\u00a0<i>El murmullo de las abejas<\/i>, una historia desgarradora e inolvidable.<\/b><\/p>\n<p><b>Met\u00e1fora del dolor humano y de una sociedad convulsionada por los prejuicios, la apat\u00eda y el ego\u00edsmo,\u00a0<i>Hurac\u00e1n<\/i>\u00a0es una novela magistral frente a la cual ning\u00fan lector quedar\u00e1 indiferente y que consagra a su autora como una de las voces m\u00e1s originales y potentes de su generaci\u00f3n.<\/b><\/p>\n<p>Esta novela da cuenta de la impactante historia de\u00a0<b>Aniceto Mora<\/b>, el Regalado. Hijo de un padre sin escr\u00fapulos en el seno de una familia asolada por la miseria y el resentimiento, Aniceto es abandonado a su suerte: su infancia transcurre entre la pobreza y el desd\u00e9n de los adultos. A cada vuelta de p\u00e1gina, asistimos al vertiginoso despe\u00f1amiento de un personaje cuyo destino est\u00e1 marcado por la fatalidad.<\/p>\n<p>Un hurac\u00e1n arrasa la\u00a0<b>isla de Cozumel<\/b>\u00a0dejando a su paso tragedia y desolaci\u00f3n en una noche donde emergen los miedos insospechados, los rencores m\u00e1s profundos y las heridas que jam\u00e1s cicatrizaron. A ritmo galopante y absolutamente impredecible,\u00a0<i>Hurac\u00e1n<\/i>\u00a0nos adentra en el mundo \u00edntimo de una galer\u00eda de personajes \u00fanicos y entra\u00f1ables.<\/p>\n","protected":false},"excerpt":{"rendered":"<p>Sof\u00eda Segovia<\/p>\n","protected":false},"featured_media":3929,"template":"","meta":{"_joinchat":[]},"product_brand":[],"product_cat":[33],"product_tag":[34],"class_list":{"0":"post-3928","1":"product","2":"type-product","3":"status-publish","4":"has-post-thumbnail","6":"product_cat-ficcion-general","7":"product_tag-penguin-random-house","9":"first","10":"outofstock","11":"shipping-taxable","12":"purchasable","13":"product-type-simple"},"_links":{"self":[{"href":"https:\/\/libreriahistoriasdebolsillo.com\/index.php\/wp-json\/wp\/v2\/product\/3928","targetHints":{"allow":["GET"]}}],"collection":[{"href":"https:\/\/libreriahistoriasdebolsillo.com\/index.php\/wp-json\/wp\/v2\/product"}],"about":[{"href":"https:\/\/libreriahistoriasdebolsillo.com\/index.php\/wp-json\/wp\/v2\/types\/product"}],"wp:featuredmedia":[{"embeddable":true,"href":"https:\/\/libreriahistoriasdebolsillo.com\/index.php\/wp-json\/wp\/v2\/media\/3929"}],"wp:attachment":[{"href":"https:\/\/libreriahistoriasdebolsillo.com\/index.php\/wp-json\/wp\/v2\/media?parent=3928"}],"wp:term":[{"taxonomy":"product_brand","embeddable":true,"href":"https:\/\/libreriahistoriasdebolsillo.com\/index.php\/wp-json\/wp\/v2\/product_brand?post=3928"},{"taxonomy":"product_cat","embeddable":true,"href":"https:\/\/libreriahistoriasdebolsillo.com\/index.php\/wp-json\/wp\/v2\/product_cat?post=3928"},{"taxonomy":"product_tag","embeddable":true,"href":"https:\/\/libreriahistoriasdebolsillo.com\/index.php\/wp-json\/wp\/v2\/product_tag?post=3928"}],"curies":[{"name":"wp","href":"https:\/\/api.w.org\/{rel}","templated":true}]}}