{"id":3930,"date":"2024-03-11T14:47:53","date_gmt":"2024-03-11T20:47:53","guid":{"rendered":"https:\/\/libreriahistoriasdebolsillo.com\/?post_type=product&#038;p=3930"},"modified":"2025-06-28T11:58:47","modified_gmt":"2025-06-28T17:58:47","slug":"la-semilla-del-diablo","status":"publish","type":"product","link":"https:\/\/libreriahistoriasdebolsillo.com\/index.php\/producto\/la-semilla-del-diablo\/","title":{"rendered":"La semilla del diablo"},"content":{"rendered":"<p><b>\u00abUn brillante relato de misterio y maldad.\u00bb Truman Capote<\/b><\/p>\n<p>Rosemary Woodhouse y su marido, Guy, se mudan a un edifificio de apartamentos neoyorquino marcado por una fama ominosa y habitado por ancianos. Roman y Minnie Castavet, vecinos de los Woodhouse, acuden a darles la bienvenida e intentan, por todos los medios, establecer relaci\u00f3n con ellos. Rosemary se muestra renuente a frecuentarlos, no solo porque los considera extra\u00f1os sino tambi\u00e9n por los misteriosos ruidos procedentes de su apartamento. Guy, sin embargo, parece sentirse encantado con ellos.<\/p>\n<p>Poco despu\u00e9s de que su marido haya conseguido un importante papel en Broadway, Rosemary queda embarazada y los Castavet empiezan a mostrarse muy interesados por su salud&#8230; Mientras se siente cada vez m\u00e1s enferma y aislada, Rosemary comienza a sospechar que los Castavet y sus amistades no son lo que parecen.<\/p>\n","protected":false},"excerpt":{"rendered":"<p>Ira Levin<\/p>\n","protected":false},"featured_media":3931,"template":"","meta":{"_joinchat":[]},"product_brand":[],"product_cat":[36],"product_tag":[34],"class_list":{"0":"post-3930","1":"product","2":"type-product","3":"status-publish","4":"has-post-thumbnail","6":"product_cat-terror-y-paranormal","7":"product_tag-penguin-random-house","9":"first","10":"outofstock","11":"shipping-taxable","12":"purchasable","13":"product-type-simple"},"_links":{"self":[{"href":"https:\/\/libreriahistoriasdebolsillo.com\/index.php\/wp-json\/wp\/v2\/product\/3930","targetHints":{"allow":["GET"]}}],"collection":[{"href":"https:\/\/libreriahistoriasdebolsillo.com\/index.php\/wp-json\/wp\/v2\/product"}],"about":[{"href":"https:\/\/libreriahistoriasdebolsillo.com\/index.php\/wp-json\/wp\/v2\/types\/product"}],"wp:featuredmedia":[{"embeddable":true,"href":"https:\/\/libreriahistoriasdebolsillo.com\/index.php\/wp-json\/wp\/v2\/media\/3931"}],"wp:attachment":[{"href":"https:\/\/libreriahistoriasdebolsillo.com\/index.php\/wp-json\/wp\/v2\/media?parent=3930"}],"wp:term":[{"taxonomy":"product_brand","embeddable":true,"href":"https:\/\/libreriahistoriasdebolsillo.com\/index.php\/wp-json\/wp\/v2\/product_brand?post=3930"},{"taxonomy":"product_cat","embeddable":true,"href":"https:\/\/libreriahistoriasdebolsillo.com\/index.php\/wp-json\/wp\/v2\/product_cat?post=3930"},{"taxonomy":"product_tag","embeddable":true,"href":"https:\/\/libreriahistoriasdebolsillo.com\/index.php\/wp-json\/wp\/v2\/product_tag?post=3930"}],"curies":[{"name":"wp","href":"https:\/\/api.w.org\/{rel}","templated":true}]}}