{"id":3932,"date":"2024-03-11T14:49:54","date_gmt":"2024-03-11T20:49:54","guid":{"rendered":"https:\/\/libreriahistoriasdebolsillo.com\/?post_type=product&#038;p=3932"},"modified":"2026-03-10T15:29:11","modified_gmt":"2026-03-10T21:29:11","slug":"el-silencio-en-sus-ojos","status":"publish","type":"product","link":"https:\/\/libreriahistoriasdebolsillo.com\/index.php\/producto\/el-silencio-en-sus-ojos\/","title":{"rendered":"El silencio en sus ojos"},"content":{"rendered":"<p><b>Un thriller audaz y lleno de suspenso sobre<\/b>\u00a0<b>una joven con un raro trastorno neurol\u00f3gico<\/b>\u00a0<b>que est\u00e1 convencida de que su vecina ser\u00e1<\/b>\u00a0<b>asesinada. \u00bfPuede alguien con una visi\u00f3n<\/b>\u00a0<b>limitada ser el testigo perfecto?<\/b><\/p>\n<p>Desde peque\u00f1a, Leah ha vivido con\u00a0<b>akinetopsia<\/b>, o ceguera del movimiento. Nada se ha movido a su alrededor en los \u00faltimos veinte a\u00f1os. Su mundo suele\u00a0<b>transformarse<\/b>\u00a0en un abrir y cerrar de ojos: al parpadear, lo que se encuentre ante ella desaparece. Leah se orienta con la ayuda de un bast\u00f3n por su barrio de Morningside Heights, en Manhattan. Para quienes la rodean es\u00a0<b>ciega<\/b>, pero en realidad lo \u00fanico que ella no puede ver es el\u00a0<b>movimiento<\/b>.<\/p>\n<p>Leah se queda sola tras la\u00a0<b>muerte<\/b>\u00a0de su madre. Ahora vive en el\u00a0<b>silencio<\/b>\u00a0y el orden, sin m\u00e1s contacto humano que su ama de llaves, su doctor, el conserje del edificio y unas ancianas que viven en el piso de arriba. Pero todo cambia cuando Alice se muda al apartamento de al lado. Durante una\u00a0<b>violenta<\/b>\u00a0discusi\u00f3n entre Alice y su marido, Leah descubre, a trav\u00e9s de las paredes, que su vecina vive\u00a0<b>amenazada<\/b>\u00a0de muerte.<\/p>\n<p>Una noche, Leah se despierta al sentir que alguien ha entrado a su apartamento; luego pierde el conocimiento y, a la ma\u00f1ana siguiente, se pregunta si el episodio sucedi\u00f3 o si fue solo una pesadilla. Su \u00fanica certeza es el\u00a0<b>olor<\/b>\u00a0del intruso. Al escuchar la s\u00faplica de Alice al otro lado de la pared, Leah toma una decisi\u00f3n que pondr\u00e1 a prueba su valent\u00eda, su fuerza y, en \u00faltima instancia, su cordura.<\/p>\n<p>Esta fascinante novela explora lo visible, lo invisible y el mundo infinito que se encuentra entre ambos.<\/p>\n","protected":false},"excerpt":{"rendered":"<p>Armando Lucas Correa<\/p>\n","protected":false},"featured_media":3933,"template":"","meta":{"_joinchat":[]},"product_brand":[],"product_cat":[37,51],"product_tag":[34],"class_list":{"0":"post-3932","1":"product","2":"type-product","3":"status-publish","4":"has-post-thumbnail","6":"product_cat-misterio-y-thriller","7":"product_cat-oferta","8":"product_tag-penguin-random-house","10":"first","11":"outofstock","12":"sale","13":"shipping-taxable","14":"purchasable","15":"product-type-simple"},"_links":{"self":[{"href":"https:\/\/libreriahistoriasdebolsillo.com\/index.php\/wp-json\/wp\/v2\/product\/3932","targetHints":{"allow":["GET"]}}],"collection":[{"href":"https:\/\/libreriahistoriasdebolsillo.com\/index.php\/wp-json\/wp\/v2\/product"}],"about":[{"href":"https:\/\/libreriahistoriasdebolsillo.com\/index.php\/wp-json\/wp\/v2\/types\/product"}],"wp:featuredmedia":[{"embeddable":true,"href":"https:\/\/libreriahistoriasdebolsillo.com\/index.php\/wp-json\/wp\/v2\/media\/3933"}],"wp:attachment":[{"href":"https:\/\/libreriahistoriasdebolsillo.com\/index.php\/wp-json\/wp\/v2\/media?parent=3932"}],"wp:term":[{"taxonomy":"product_brand","embeddable":true,"href":"https:\/\/libreriahistoriasdebolsillo.com\/index.php\/wp-json\/wp\/v2\/product_brand?post=3932"},{"taxonomy":"product_cat","embeddable":true,"href":"https:\/\/libreriahistoriasdebolsillo.com\/index.php\/wp-json\/wp\/v2\/product_cat?post=3932"},{"taxonomy":"product_tag","embeddable":true,"href":"https:\/\/libreriahistoriasdebolsillo.com\/index.php\/wp-json\/wp\/v2\/product_tag?post=3932"}],"curies":[{"name":"wp","href":"https:\/\/api.w.org\/{rel}","templated":true}]}}