{"id":3936,"date":"2024-03-11T14:54:17","date_gmt":"2024-03-11T20:54:17","guid":{"rendered":"https:\/\/libreriahistoriasdebolsillo.com\/?post_type=product&#038;p=3936"},"modified":"2025-11-26T18:13:33","modified_gmt":"2025-11-27T00:13:33","slug":"el-lado-oscuro-de-la-mente-humana","status":"publish","type":"product","link":"https:\/\/libreriahistoriasdebolsillo.com\/index.php\/producto\/el-lado-oscuro-de-la-mente-humana\/","title":{"rendered":"El lado oscuro de la mente humana"},"content":{"rendered":"<p><b>\u00bfPor qu\u00e9 hablar de la maldad cuando tendr\u00edamos que ocuparnos del lado noble y bueno de la vida? Tal vez porque enfrentamos al mal todos los d\u00edas y debemos ser fuertes y estar preparados para que no nos hagan da\u00f1o las envidias, los enojos, las frustraciones y, sobre todo, para no padecer sus efectos, pues todos somos propensos a sentir la ira, el rencor: la esencia de la maldad.<\/b><\/p>\n<p>A veces la vida nos da sus revolcones, uno tras otro, pero, como dijo\u00a0<b>Victor<\/b><b>\u00a0Hugo<\/b>, ante eso uno no se vuelve m\u00e1s viejo, sino m\u00e1s\u00a0<b>sabio<\/b>. En este libro hablo de la\u00a0<b>oscuridad<\/b>\u00a0que habita en nuestra\u00a0<b>mente<\/b>, de la\u00a0<b>manipulaci\u00f3n<\/b>\u00a0perversa a trav\u00e9s del\u00a0<b>lenguaje corporal<\/b>, del\u00a0<b>enga\u00f1o<\/b>, de la\u00a0<b>mentira<\/b>\u00a0o los\u00a0<b>celos<\/b>, para que no te lastime, la conozcasy la evites. Comentaremos la grafolog\u00eda de algunos criminales de nuestro tiempo y hablaremos sobre la resistencia que tenemos a tocar estos temas: lo malo, lo\u00a0<b>maligno<\/b>, lo malvado, con el fin de sobrevivir y superar sus efectos, y liberar esas voces amordazadas ante la maldad, enfrentar el miedo y trabajar para mantener la raz\u00f3n y el sentido com\u00fan.<\/p>\n<p>Hoy te comparto un libro de\u00a0<b>grafolog\u00eda<\/b>\u00a0y lenguaje corporal que habla de sentimientos que todos hemos vivido y que a veces no queremos reconocer. En estas p\u00e1ginas se repasan los casos de Juana Barraza, conocida como la\u00a0<b>Mataviejitas<\/b>, de Mario Aburto, el supuesto asesino solitario de Luis Donaldo Colosio, y de\u00a0<b>Ted Bundy<\/b>. Analizaremos las consecuencias de la envidia, el narcisismo, la ira, la ansiedad; qu\u00e9 tienen en com\u00fan los dictadores, por qu\u00e9 somos crueles los\u00a0<b>seres humanos<\/b>, qu\u00e9 tan dominable eres, c\u00f3mo funciona la manipulaci\u00f3n medi\u00e1tica y, sobre todo, descubrir\u00e1s c\u00f3mo detectar este lado oscuro de la mente, analizarlo y lidiar con \u00e9l.<\/p>\n","protected":false},"excerpt":{"rendered":"<p>Maryfer Centeno<\/p>\n","protected":false},"featured_media":3937,"template":"","meta":{"_joinchat":[]},"product_brand":[],"product_cat":[58,41],"product_tag":[34],"class_list":{"0":"post-3936","1":"product","2":"type-product","3":"status-publish","4":"has-post-thumbnail","6":"product_cat-desarrollo-humano-y-superacion","7":"product_cat-desarrollo-humano","8":"product_tag-penguin-random-house","10":"first","11":"outofstock","12":"shipping-taxable","13":"purchasable","14":"product-type-simple"},"_links":{"self":[{"href":"https:\/\/libreriahistoriasdebolsillo.com\/index.php\/wp-json\/wp\/v2\/product\/3936","targetHints":{"allow":["GET"]}}],"collection":[{"href":"https:\/\/libreriahistoriasdebolsillo.com\/index.php\/wp-json\/wp\/v2\/product"}],"about":[{"href":"https:\/\/libreriahistoriasdebolsillo.com\/index.php\/wp-json\/wp\/v2\/types\/product"}],"wp:featuredmedia":[{"embeddable":true,"href":"https:\/\/libreriahistoriasdebolsillo.com\/index.php\/wp-json\/wp\/v2\/media\/3937"}],"wp:attachment":[{"href":"https:\/\/libreriahistoriasdebolsillo.com\/index.php\/wp-json\/wp\/v2\/media?parent=3936"}],"wp:term":[{"taxonomy":"product_brand","embeddable":true,"href":"https:\/\/libreriahistoriasdebolsillo.com\/index.php\/wp-json\/wp\/v2\/product_brand?post=3936"},{"taxonomy":"product_cat","embeddable":true,"href":"https:\/\/libreriahistoriasdebolsillo.com\/index.php\/wp-json\/wp\/v2\/product_cat?post=3936"},{"taxonomy":"product_tag","embeddable":true,"href":"https:\/\/libreriahistoriasdebolsillo.com\/index.php\/wp-json\/wp\/v2\/product_tag?post=3936"}],"curies":[{"name":"wp","href":"https:\/\/api.w.org\/{rel}","templated":true}]}}