{"id":3942,"date":"2024-03-11T15:01:16","date_gmt":"2024-03-11T21:01:16","guid":{"rendered":"https:\/\/libreriahistoriasdebolsillo.com\/?post_type=product&#038;p=3942"},"modified":"2025-11-26T18:13:44","modified_gmt":"2025-11-27T00:13:44","slug":"las-6-disciplinas-del-pensamiento-estrategico","status":"publish","type":"product","link":"https:\/\/libreriahistoriasdebolsillo.com\/index.php\/producto\/las-6-disciplinas-del-pensamiento-estrategico\/","title":{"rendered":"Las 6 disciplinas del pensamiento estrat\u00e9gico"},"content":{"rendered":"<p><b>El autor del<\/b>\u00a0<b>bestseller<\/b><b>\u00a0Los primeros 90 d\u00edas presenta un nuevo marco pr\u00e1ctico para ayudar a los l\u00edderes a pensar de manera estrat\u00e9gica, una de las habilidades que se necesitan m\u00e1s que nunca en un mundo en cambio constante.<\/b><\/p>\n<p>Reconocimiento de\u00a0<b>patrones<\/b>. An\u00e1lisis de\u00a0<b>sistemas<\/b>. Agilidad mental. Resoluci\u00f3n estructurada de problemas. Visi\u00f3n de futuro.\u00a0<b>Inteligencia pol\u00edtica<\/b>. Mientras un buen l\u00edder destaca en al menos una de estas disciplinas, los l\u00edderes extraordinarios conocen y dominan todas ellas.<\/p>\n<p>Desarrollado a partir de su larga trayectoria como experto en transici\u00f3n de\u00a0<b>liderazgo<\/b>\u00a0y \u00e9xito\u00a0<b>organizacional<\/b>,el enfoque de Watkins entiende el pensamiento estrat\u00e9gico como \u201cun grupo de disciplinas mentales que los<b>\u00a0l\u00edderes<\/b>\u00a0usan para reconocer amenazas y oportunidades potenciales, establecer prioridades y movilizar tanto a s\u00ed mismos como a sus\u00a0<b>organizaciones<\/b>\u00a0para que visualiceny establezcan prometedores caminos hacia adelante\u201d. Este es el modelo que siguen el d\u00eda de hoy los\u00a0<b>CEO<\/b>\u00a0y l\u00edderes empresariales a nivel mundial.<\/p>\n<p>Enriquecida con valiosos\u00a0<b>insights<\/b>\u00a0y herramientas para todos los niveles profesionales, Las 6 disciplinas del pensamiento estrat\u00e9gico es una gu\u00eda para el l\u00edder moderno que le ayudar\u00e1 a desarrollar las habilidades que separan lo bueno de lo excelente y proyectar\u00e1n su carrera hacia el \u00e9xito.<\/p>\n","protected":false},"excerpt":{"rendered":"<p>Michael D. Watkins<\/p>\n","protected":false},"featured_media":3943,"template":"","meta":{"_joinchat":[]},"product_brand":[],"product_cat":[58,41],"product_tag":[34],"class_list":{"0":"post-3942","1":"product","2":"type-product","3":"status-publish","4":"has-post-thumbnail","6":"product_cat-desarrollo-humano-y-superacion","7":"product_cat-desarrollo-humano","8":"product_tag-penguin-random-house","10":"first","11":"outofstock","12":"shipping-taxable","13":"purchasable","14":"product-type-simple"},"_links":{"self":[{"href":"https:\/\/libreriahistoriasdebolsillo.com\/index.php\/wp-json\/wp\/v2\/product\/3942","targetHints":{"allow":["GET"]}}],"collection":[{"href":"https:\/\/libreriahistoriasdebolsillo.com\/index.php\/wp-json\/wp\/v2\/product"}],"about":[{"href":"https:\/\/libreriahistoriasdebolsillo.com\/index.php\/wp-json\/wp\/v2\/types\/product"}],"wp:featuredmedia":[{"embeddable":true,"href":"https:\/\/libreriahistoriasdebolsillo.com\/index.php\/wp-json\/wp\/v2\/media\/3943"}],"wp:attachment":[{"href":"https:\/\/libreriahistoriasdebolsillo.com\/index.php\/wp-json\/wp\/v2\/media?parent=3942"}],"wp:term":[{"taxonomy":"product_brand","embeddable":true,"href":"https:\/\/libreriahistoriasdebolsillo.com\/index.php\/wp-json\/wp\/v2\/product_brand?post=3942"},{"taxonomy":"product_cat","embeddable":true,"href":"https:\/\/libreriahistoriasdebolsillo.com\/index.php\/wp-json\/wp\/v2\/product_cat?post=3942"},{"taxonomy":"product_tag","embeddable":true,"href":"https:\/\/libreriahistoriasdebolsillo.com\/index.php\/wp-json\/wp\/v2\/product_tag?post=3942"}],"curies":[{"name":"wp","href":"https:\/\/api.w.org\/{rel}","templated":true}]}}