{"id":3946,"date":"2024-03-11T15:06:08","date_gmt":"2024-03-11T21:06:08","guid":{"rendered":"https:\/\/libreriahistoriasdebolsillo.com\/?post_type=product&#038;p=3946"},"modified":"2024-06-03T14:57:27","modified_gmt":"2024-06-03T20:57:27","slug":"cancion-de-hielo-y-fuego-la-espada-leal","status":"publish","type":"product","link":"https:\/\/libreriahistoriasdebolsillo.com\/index.php\/producto\/cancion-de-hielo-y-fuego-la-espada-leal\/","title":{"rendered":"Canci\u00f3n de hielo y fuego. La espada leal"},"content":{"rendered":"<p><b>Segundo libro de la adaptaci\u00f3n gr\u00e1fica del ciclo \u00abCuentos de Dunk y Egg: El caballero de los Siete Reinos\u00bb, la precuela de la saga \u00abCanci\u00f3n de Hielo y Fuego\u00bb, ambientada cien a\u00f1os antes de los acontecimientos que abren\u00a0<i>Juego de Tronos<\/i>.<\/b><\/p>\n<p>Tras los fabulosos sucesos del torneo de Vado Ceniza, Dunk se consolid\u00f3 como caballero y Egg obtuvo permiso para ver mundo. Ahora la errancia ha llevado a la extra\u00f1a pareja a Tiesa, un lugar empobrecido que sufre una grave sequ\u00eda.<\/p>\n<p>Adem\u00e1s, la violencia atenaza el territorio, pues hace a\u00f1os que su gobernante, Ser Eustace, est\u00e1 enemistado con la se\u00f1ora de la regi\u00f3n vecina, Fosafr\u00eda. Se trata de la bella y temible Lady Rohanne, a quien los lugare\u00f1os atribuyen cr\u00edmenes infames y llaman, entre susurros, la Viuda Escarlata.<\/p>\n<p>El pleito pondr\u00e1 a prueba la lealtad de Dunk y Egg hasta extremos que jam\u00e1s habr\u00edan sospechado.<\/p>\n","protected":false},"excerpt":{"rendered":"<p>George R.R. Martin<\/p>\n","protected":false},"featured_media":3947,"template":"","meta":{"_joinchat":[]},"product_brand":[],"product_cat":[39,67],"product_tag":[34],"class_list":{"0":"post-3946","1":"product","2":"type-product","3":"status-publish","4":"has-post-thumbnail","6":"product_cat-fantasia","7":"product_cat-manga","8":"product_tag-penguin-random-house","10":"first","11":"outofstock","12":"shipping-taxable","13":"purchasable","14":"product-type-simple"},"_links":{"self":[{"href":"https:\/\/libreriahistoriasdebolsillo.com\/index.php\/wp-json\/wp\/v2\/product\/3946","targetHints":{"allow":["GET"]}}],"collection":[{"href":"https:\/\/libreriahistoriasdebolsillo.com\/index.php\/wp-json\/wp\/v2\/product"}],"about":[{"href":"https:\/\/libreriahistoriasdebolsillo.com\/index.php\/wp-json\/wp\/v2\/types\/product"}],"wp:featuredmedia":[{"embeddable":true,"href":"https:\/\/libreriahistoriasdebolsillo.com\/index.php\/wp-json\/wp\/v2\/media\/3947"}],"wp:attachment":[{"href":"https:\/\/libreriahistoriasdebolsillo.com\/index.php\/wp-json\/wp\/v2\/media?parent=3946"}],"wp:term":[{"taxonomy":"product_brand","embeddable":true,"href":"https:\/\/libreriahistoriasdebolsillo.com\/index.php\/wp-json\/wp\/v2\/product_brand?post=3946"},{"taxonomy":"product_cat","embeddable":true,"href":"https:\/\/libreriahistoriasdebolsillo.com\/index.php\/wp-json\/wp\/v2\/product_cat?post=3946"},{"taxonomy":"product_tag","embeddable":true,"href":"https:\/\/libreriahistoriasdebolsillo.com\/index.php\/wp-json\/wp\/v2\/product_tag?post=3946"}],"curies":[{"name":"wp","href":"https:\/\/api.w.org\/{rel}","templated":true}]}}