{"id":3952,"date":"2024-03-11T15:12:03","date_gmt":"2024-03-11T21:12:03","guid":{"rendered":"https:\/\/libreriahistoriasdebolsillo.com\/?post_type=product&#038;p=3952"},"modified":"2024-05-18T17:06:45","modified_gmt":"2024-05-18T23:06:45","slug":"gran-temblor-1-el-valle-del-dragon","status":"publish","type":"product","link":"https:\/\/libreriahistoriasdebolsillo.com\/index.php\/producto\/gran-temblor-1-el-valle-del-dragon\/","title":{"rendered":"Gran temblor 1. El valle del drag\u00f3n"},"content":{"rendered":"<p><b>Un cataclismo<\/b>\u00a0de proporciones colosales, ocurrido hace cinco a\u00f1os y recordado como el Gran Temblor,\u00a0<b>ha acabado con los avances tecnol\u00f3gicos<\/b>\u00a0que la humanidad hab\u00eda desarrollado a lo largo de las \u00faltimas tres d\u00e9cadas.\u00a0<b>El planeta ha vuelto al pasado<\/b>, internet es un recuerdo lejano y nadie sabe ya el significado de palabras como \u00abwifi\u00bb o \u00abblog\u00bb.<\/p>\n<p>En esta nueva realidad se desenvuelve Effie Truelove, una ni\u00f1a de once a\u00f1os muy especial que estudia en el Colegio Tusitala para Dotados, Problem\u00e1ticos y Raros. A Effie le gusta la escuela, pero cuando\u00a0<b>su adorado abuelo Griffin sufre un ataque violento<\/b>, no duda un instante en saltarse las clases para acudir a su lado.<\/p>\n<p>El anciano, agonizante, encarga a su nieta que\u00a0<b>proteja su biblioteca<\/b>\u00a0de la codicia de un tal Leonard Levar, un turbio coleccionista de vol\u00famenes antiguos. Pero cuando \u00e9ste se hace con ella, Effie se siente obligada a embarcarse en\u00a0<b>una aventura repleta de peligros:<\/b>\u00a0ha de viajar al Altermundo, descifrar el significado de un libro llamado\u00a0<i>El Valle del Drag\u00f3n<\/i>\u00a0y enfrentarse a los terribles diberi, un grupo secreto cuyos planes mal\u00e9ficos\u00a0<b>amenazan con destruir el universo.<\/b><\/p>\n","protected":false},"excerpt":{"rendered":"<p>Scarlett Thomas<\/p>\n","protected":false},"featured_media":3953,"template":"","meta":{"_joinchat":[]},"product_brand":[],"product_cat":[39,54,52],"product_tag":[34],"class_list":{"0":"post-3952","1":"product","2":"type-product","3":"status-publish","4":"has-post-thumbnail","6":"product_cat-fantasia","7":"product_cat-infantil","8":"product_cat-juvenil","9":"product_tag-penguin-random-house","11":"first","12":"outofstock","13":"shipping-taxable","14":"purchasable","15":"product-type-simple"},"_links":{"self":[{"href":"https:\/\/libreriahistoriasdebolsillo.com\/index.php\/wp-json\/wp\/v2\/product\/3952","targetHints":{"allow":["GET"]}}],"collection":[{"href":"https:\/\/libreriahistoriasdebolsillo.com\/index.php\/wp-json\/wp\/v2\/product"}],"about":[{"href":"https:\/\/libreriahistoriasdebolsillo.com\/index.php\/wp-json\/wp\/v2\/types\/product"}],"wp:featuredmedia":[{"embeddable":true,"href":"https:\/\/libreriahistoriasdebolsillo.com\/index.php\/wp-json\/wp\/v2\/media\/3953"}],"wp:attachment":[{"href":"https:\/\/libreriahistoriasdebolsillo.com\/index.php\/wp-json\/wp\/v2\/media?parent=3952"}],"wp:term":[{"taxonomy":"product_brand","embeddable":true,"href":"https:\/\/libreriahistoriasdebolsillo.com\/index.php\/wp-json\/wp\/v2\/product_brand?post=3952"},{"taxonomy":"product_cat","embeddable":true,"href":"https:\/\/libreriahistoriasdebolsillo.com\/index.php\/wp-json\/wp\/v2\/product_cat?post=3952"},{"taxonomy":"product_tag","embeddable":true,"href":"https:\/\/libreriahistoriasdebolsillo.com\/index.php\/wp-json\/wp\/v2\/product_tag?post=3952"}],"curies":[{"name":"wp","href":"https:\/\/api.w.org\/{rel}","templated":true}]}}