{"id":3954,"date":"2024-03-11T15:13:45","date_gmt":"2024-03-11T21:13:45","guid":{"rendered":"https:\/\/libreriahistoriasdebolsillo.com\/?post_type=product&#038;p=3954"},"modified":"2024-08-19T16:19:17","modified_gmt":"2024-08-19T22:19:17","slug":"el-explorador-del-amazonas","status":"publish","type":"product","link":"https:\/\/libreriahistoriasdebolsillo.com\/index.php\/producto\/el-explorador-del-amazonas\/","title":{"rendered":"El explorador del Amazonas"},"content":{"rendered":"<p>Un libro absolutamente maravilloso -Philip Pullman. Desde su asiento en un avi\u00f3n de seis plazas, Fred observa c\u00f3mo los misterios de la selva amaz\u00f3nica pasan bajo sus pies. Siempre ha so\u00f1ado en convertirse en un explorador, hacer historia y leer su nombre en los peri\u00f3dicos como uno de los grandes descubridores de su tiempo, as\u00ed que piensa que ojal\u00e1 pudiera aterrizar y pisar tierra, aunque fuera s\u00f3lo un minuto. Cuando, a causa de un accidente, el avi\u00f3n se estrella, Fred podr\u00e1 por fin caminar por la selva, pero no en las condiciones que hab\u00eda imaginado. Lila, Max y Contia, otros tres ni\u00f1os supervivientes, no tienen ninguna esperanza de ser rescatados de ese lugar inmenso y salvaje donde las opciones de volver a casa se reducen a las m\u00ednimas posibilidades.<\/p>\n","protected":false},"excerpt":{"rendered":"<p>Katherine Rundell<\/p>\n","protected":false},"featured_media":3955,"template":"","meta":{"_joinchat":[]},"product_brand":[],"product_cat":[39,54,52,51],"product_tag":[34],"class_list":{"0":"post-3954","1":"product","2":"type-product","3":"status-publish","4":"has-post-thumbnail","6":"product_cat-fantasia","7":"product_cat-infantil","8":"product_cat-juvenil","9":"product_cat-oferta","10":"product_tag-penguin-random-house","12":"first","13":"outofstock","14":"shipping-taxable","15":"purchasable","16":"product-type-simple"},"_links":{"self":[{"href":"https:\/\/libreriahistoriasdebolsillo.com\/index.php\/wp-json\/wp\/v2\/product\/3954","targetHints":{"allow":["GET"]}}],"collection":[{"href":"https:\/\/libreriahistoriasdebolsillo.com\/index.php\/wp-json\/wp\/v2\/product"}],"about":[{"href":"https:\/\/libreriahistoriasdebolsillo.com\/index.php\/wp-json\/wp\/v2\/types\/product"}],"wp:featuredmedia":[{"embeddable":true,"href":"https:\/\/libreriahistoriasdebolsillo.com\/index.php\/wp-json\/wp\/v2\/media\/3955"}],"wp:attachment":[{"href":"https:\/\/libreriahistoriasdebolsillo.com\/index.php\/wp-json\/wp\/v2\/media?parent=3954"}],"wp:term":[{"taxonomy":"product_brand","embeddable":true,"href":"https:\/\/libreriahistoriasdebolsillo.com\/index.php\/wp-json\/wp\/v2\/product_brand?post=3954"},{"taxonomy":"product_cat","embeddable":true,"href":"https:\/\/libreriahistoriasdebolsillo.com\/index.php\/wp-json\/wp\/v2\/product_cat?post=3954"},{"taxonomy":"product_tag","embeddable":true,"href":"https:\/\/libreriahistoriasdebolsillo.com\/index.php\/wp-json\/wp\/v2\/product_tag?post=3954"}],"curies":[{"name":"wp","href":"https:\/\/api.w.org\/{rel}","templated":true}]}}