{"id":3960,"date":"2024-03-11T15:21:20","date_gmt":"2024-03-11T21:21:20","guid":{"rendered":"https:\/\/libreriahistoriasdebolsillo.com\/?post_type=product&#038;p=3960"},"modified":"2024-05-24T16:41:41","modified_gmt":"2024-05-24T22:41:41","slug":"el-perdon","status":"publish","type":"product","link":"https:\/\/libreriahistoriasdebolsillo.com\/index.php\/producto\/el-perdon\/","title":{"rendered":"El perd\u00f3n"},"content":{"rendered":"<p>Muchos de los\u00a0<b>padecimientos<\/b>\u00a0que aquejan tanto a nuestro\u00a0<b>cuerpo<\/b>\u00a0como a nuestra\u00a0<b>mente<\/b>\u00a0y\u00a0<b>esp\u00edritu<\/b>\u00a0son provocados por resentimientos que hemos guardado durante mucho tiempo, y que por lo tanto s\u00f3lo tienen un remedio: el\u00a0<b>perd\u00f3n<\/b>.<\/p>\n<p>Perdonar es la \u00fanica forma de\u00a0<b>reconciliarnos<\/b>\u00a0con nuestro pasado y construiruna vida feliz; proviene de la decisi\u00f3n de aceptar a los dem\u00e1s y a nosotros mismos con virtudes y defectos, con\u00a0<b>fortalezas<\/b>\u00a0y\u00a0<b>debilidades<\/b>, dejando atr\u00e1s toda nuestra ira y toda nuestra angustia.<\/p>\n<p>El doctor Jampolsky no s\u00f3lo nos explica c\u00f3mo el perd\u00f3n nos libera del\u00a0<b>sufrimiento<\/b>, sino que revela las razones por la cuales nos negamos a perdonar y los pasos que debemos seguir para librarnos del rencor, demostrando que somos los \u00fanicos responsables de nuestra felicidad.<\/p>\n","protected":false},"excerpt":{"rendered":"<p>Gerald G. Jamposlky<\/p>\n","protected":false},"featured_media":3961,"template":"","meta":{"_joinchat":[]},"product_brand":[],"product_cat":[58,41,51],"product_tag":[34],"class_list":{"0":"post-3960","1":"product","2":"type-product","3":"status-publish","4":"has-post-thumbnail","6":"product_cat-desarrollo-humano-y-superacion","7":"product_cat-desarrollo-humano","8":"product_cat-oferta","9":"product_tag-penguin-random-house","11":"first","12":"outofstock","13":"shipping-taxable","14":"purchasable","15":"product-type-simple"},"_links":{"self":[{"href":"https:\/\/libreriahistoriasdebolsillo.com\/index.php\/wp-json\/wp\/v2\/product\/3960","targetHints":{"allow":["GET"]}}],"collection":[{"href":"https:\/\/libreriahistoriasdebolsillo.com\/index.php\/wp-json\/wp\/v2\/product"}],"about":[{"href":"https:\/\/libreriahistoriasdebolsillo.com\/index.php\/wp-json\/wp\/v2\/types\/product"}],"wp:featuredmedia":[{"embeddable":true,"href":"https:\/\/libreriahistoriasdebolsillo.com\/index.php\/wp-json\/wp\/v2\/media\/3961"}],"wp:attachment":[{"href":"https:\/\/libreriahistoriasdebolsillo.com\/index.php\/wp-json\/wp\/v2\/media?parent=3960"}],"wp:term":[{"taxonomy":"product_brand","embeddable":true,"href":"https:\/\/libreriahistoriasdebolsillo.com\/index.php\/wp-json\/wp\/v2\/product_brand?post=3960"},{"taxonomy":"product_cat","embeddable":true,"href":"https:\/\/libreriahistoriasdebolsillo.com\/index.php\/wp-json\/wp\/v2\/product_cat?post=3960"},{"taxonomy":"product_tag","embeddable":true,"href":"https:\/\/libreriahistoriasdebolsillo.com\/index.php\/wp-json\/wp\/v2\/product_tag?post=3960"}],"curies":[{"name":"wp","href":"https:\/\/api.w.org\/{rel}","templated":true}]}}