{"id":3962,"date":"2024-03-11T15:25:43","date_gmt":"2024-03-11T21:25:43","guid":{"rendered":"https:\/\/libreriahistoriasdebolsillo.com\/?post_type=product&#038;p=3962"},"modified":"2025-06-02T11:46:31","modified_gmt":"2025-06-02T17:46:31","slug":"el-reino-sobre-el-mar-2","status":"publish","type":"product","link":"https:\/\/libreriahistoriasdebolsillo.com\/index.php\/producto\/el-reino-sobre-el-mar-2\/","title":{"rendered":"El reino sobre el mar"},"content":{"rendered":"<p><b>Un mundo m\u00e1gico de hechiceras, alquimistas, genios y alfombras voladoras. <\/b><b>Una lucha por el destino.<\/b><\/p>\n<p>Tras perder a su madre, Yara encuentra entre sus cosas una carta de despedida con unas extra\u00f1as instrucciones: para descubrir su destino, deber\u00e1 volver a Zehaira, un lugar lleno de magia que no aparece en los mapas. All\u00ed, Yara se encontrar\u00e1 con un gran obst\u00e1culo, la Inquisici\u00f3n de alquimistas, que proh\u00edbe la hechicer\u00eda y encarcela a aquellos que la usan.<\/p>\n<p>Yara tendr\u00e1 que armarse de valor para descubrir la verdad sobre el pasado de su madre y su propia identidad&#8230; y para encontrar su lugar en este nuevo mundo m\u00e1gico.<\/p>\n","protected":false},"excerpt":{"rendered":"<p>Zohara Nabi<\/p>\n","protected":false},"featured_media":3963,"template":"","meta":{"_joinchat":[]},"product_brand":[],"product_cat":[39,54,52],"product_tag":[34],"class_list":{"0":"post-3962","1":"product","2":"type-product","3":"status-publish","4":"has-post-thumbnail","6":"product_cat-fantasia","7":"product_cat-infantil","8":"product_cat-juvenil","9":"product_tag-penguin-random-house","11":"first","12":"outofstock","13":"shipping-taxable","14":"purchasable","15":"product-type-simple"},"_links":{"self":[{"href":"https:\/\/libreriahistoriasdebolsillo.com\/index.php\/wp-json\/wp\/v2\/product\/3962","targetHints":{"allow":["GET"]}}],"collection":[{"href":"https:\/\/libreriahistoriasdebolsillo.com\/index.php\/wp-json\/wp\/v2\/product"}],"about":[{"href":"https:\/\/libreriahistoriasdebolsillo.com\/index.php\/wp-json\/wp\/v2\/types\/product"}],"wp:featuredmedia":[{"embeddable":true,"href":"https:\/\/libreriahistoriasdebolsillo.com\/index.php\/wp-json\/wp\/v2\/media\/3963"}],"wp:attachment":[{"href":"https:\/\/libreriahistoriasdebolsillo.com\/index.php\/wp-json\/wp\/v2\/media?parent=3962"}],"wp:term":[{"taxonomy":"product_brand","embeddable":true,"href":"https:\/\/libreriahistoriasdebolsillo.com\/index.php\/wp-json\/wp\/v2\/product_brand?post=3962"},{"taxonomy":"product_cat","embeddable":true,"href":"https:\/\/libreriahistoriasdebolsillo.com\/index.php\/wp-json\/wp\/v2\/product_cat?post=3962"},{"taxonomy":"product_tag","embeddable":true,"href":"https:\/\/libreriahistoriasdebolsillo.com\/index.php\/wp-json\/wp\/v2\/product_tag?post=3962"}],"curies":[{"name":"wp","href":"https:\/\/api.w.org\/{rel}","templated":true}]}}