{"id":3970,"date":"2024-03-15T14:52:37","date_gmt":"2024-03-15T20:52:37","guid":{"rendered":"https:\/\/libreriahistoriasdebolsillo.com\/?post_type=product&#038;p=3970"},"modified":"2025-11-26T18:14:09","modified_gmt":"2025-11-27T00:14:09","slug":"mis-primeros-colores-animales-pequenos","status":"publish","type":"product","link":"https:\/\/libreriahistoriasdebolsillo.com\/index.php\/producto\/mis-primeros-colores-animales-pequenos\/","title":{"rendered":"Mis primeros colores. Animales peque\u00f1os"},"content":{"rendered":"<p>El primer libro ilustrado para estimular a tu beb\u00e9. Impulsa su desarrollo con las adorables im\u00e1genes interactivas de estos animales peque\u00f1os. Contiene figuras coloridas para fortalecer el tacto y la motricidad, lindas ilustraciones en blanco y negro con detalles de color para llamar la atenci\u00f3n de tu beb\u00e9.<\/p>\n","protected":false},"excerpt":{"rendered":"<p>El primer libro ilustrado para estimular a tu beb\u00e9. Impulsa su desarrollo con las adorables im\u00e1genes interactivas de estos animales peque\u00f1os. Contiene figuras coloridas para fortalecer el tacto y la motricidad, lindas ilustraciones en blanco y negro con detalles de color para llamar la atenci\u00f3n de tu beb\u00e9.<\/p>\n","protected":false},"featured_media":3971,"template":"","meta":{"_joinchat":[]},"product_brand":[],"product_cat":[54],"product_tag":[48],"class_list":{"0":"post-3970","1":"product","2":"type-product","3":"status-publish","4":"has-post-thumbnail","6":"product_cat-infantil","7":"product_tag-vr-editoras","9":"first","10":"outofstock","11":"shipping-taxable","12":"purchasable","13":"product-type-simple"},"_links":{"self":[{"href":"https:\/\/libreriahistoriasdebolsillo.com\/index.php\/wp-json\/wp\/v2\/product\/3970","targetHints":{"allow":["GET"]}}],"collection":[{"href":"https:\/\/libreriahistoriasdebolsillo.com\/index.php\/wp-json\/wp\/v2\/product"}],"about":[{"href":"https:\/\/libreriahistoriasdebolsillo.com\/index.php\/wp-json\/wp\/v2\/types\/product"}],"wp:featuredmedia":[{"embeddable":true,"href":"https:\/\/libreriahistoriasdebolsillo.com\/index.php\/wp-json\/wp\/v2\/media\/3971"}],"wp:attachment":[{"href":"https:\/\/libreriahistoriasdebolsillo.com\/index.php\/wp-json\/wp\/v2\/media?parent=3970"}],"wp:term":[{"taxonomy":"product_brand","embeddable":true,"href":"https:\/\/libreriahistoriasdebolsillo.com\/index.php\/wp-json\/wp\/v2\/product_brand?post=3970"},{"taxonomy":"product_cat","embeddable":true,"href":"https:\/\/libreriahistoriasdebolsillo.com\/index.php\/wp-json\/wp\/v2\/product_cat?post=3970"},{"taxonomy":"product_tag","embeddable":true,"href":"https:\/\/libreriahistoriasdebolsillo.com\/index.php\/wp-json\/wp\/v2\/product_tag?post=3970"}],"curies":[{"name":"wp","href":"https:\/\/api.w.org\/{rel}","templated":true}]}}