{"id":3982,"date":"2024-03-15T15:05:28","date_gmt":"2024-03-15T21:05:28","guid":{"rendered":"https:\/\/libreriahistoriasdebolsillo.com\/?post_type=product&#038;p=3982"},"modified":"2025-11-26T18:15:40","modified_gmt":"2025-11-27T00:15:40","slug":"llevate-bien-con-tu-cartera","status":"publish","type":"product","link":"https:\/\/libreriahistoriasdebolsillo.com\/index.php\/producto\/llevate-bien-con-tu-cartera\/","title":{"rendered":"Ll\u00e9vate bien con tu cartera"},"content":{"rendered":"<p>Este libro es un poderoso plan de acci\u00f3n de diez pasos para encontrar la paz, la seguridad y la armon\u00eda con tu dinero, sin importar cu\u00e1n grandes o peque\u00f1as sean tus metas ni cu\u00e1n inestable pueda ser el mercado. Con esta gu\u00eda invaluable, aprender\u00e1s a cultivar excelentes h\u00e1bitos financieros y har\u00e1s que tu dinero trabaje para ti. Comprende el panorama completo de tus finanzas con este fen\u00f3meno de ventas norteamericano y toma consciencia de todo lo que puedes lograr cuando te comprometes y pones manos a la obra.<\/p>\n","protected":false},"excerpt":{"rendered":"<p>Tiffany Aliche<\/p>\n","protected":false},"featured_media":3983,"template":"","meta":{"_joinchat":[]},"product_brand":[],"product_cat":[58,41],"product_tag":[48],"class_list":{"0":"post-3982","1":"product","2":"type-product","3":"status-publish","4":"has-post-thumbnail","6":"product_cat-desarrollo-humano-y-superacion","7":"product_cat-desarrollo-humano","8":"product_tag-vr-editoras","10":"first","11":"instock","12":"shipping-taxable","13":"purchasable","14":"product-type-simple"},"_links":{"self":[{"href":"https:\/\/libreriahistoriasdebolsillo.com\/index.php\/wp-json\/wp\/v2\/product\/3982","targetHints":{"allow":["GET"]}}],"collection":[{"href":"https:\/\/libreriahistoriasdebolsillo.com\/index.php\/wp-json\/wp\/v2\/product"}],"about":[{"href":"https:\/\/libreriahistoriasdebolsillo.com\/index.php\/wp-json\/wp\/v2\/types\/product"}],"wp:featuredmedia":[{"embeddable":true,"href":"https:\/\/libreriahistoriasdebolsillo.com\/index.php\/wp-json\/wp\/v2\/media\/3983"}],"wp:attachment":[{"href":"https:\/\/libreriahistoriasdebolsillo.com\/index.php\/wp-json\/wp\/v2\/media?parent=3982"}],"wp:term":[{"taxonomy":"product_brand","embeddable":true,"href":"https:\/\/libreriahistoriasdebolsillo.com\/index.php\/wp-json\/wp\/v2\/product_brand?post=3982"},{"taxonomy":"product_cat","embeddable":true,"href":"https:\/\/libreriahistoriasdebolsillo.com\/index.php\/wp-json\/wp\/v2\/product_cat?post=3982"},{"taxonomy":"product_tag","embeddable":true,"href":"https:\/\/libreriahistoriasdebolsillo.com\/index.php\/wp-json\/wp\/v2\/product_tag?post=3982"}],"curies":[{"name":"wp","href":"https:\/\/api.w.org\/{rel}","templated":true}]}}