{"id":3986,"date":"2024-03-15T15:11:05","date_gmt":"2024-03-15T21:11:05","guid":{"rendered":"https:\/\/libreriahistoriasdebolsillo.com\/?post_type=product&#038;p=3986"},"modified":"2025-11-26T18:15:52","modified_gmt":"2025-11-27T00:15:52","slug":"sangre-real","status":"publish","type":"product","link":"https:\/\/libreriahistoriasdebolsillo.com\/index.php\/producto\/sangre-real\/","title":{"rendered":"Sangre real"},"content":{"rendered":"<p>Tras provocar un incendio y ser expulsada del internado, Evan es enviada a la fuerza a su cada paterna. Solo un detalle&#8230; su padre es el rey de Inglaterra a quien jam\u00e1s ha conocido, y su nuevo hogar es nada m\u00e1s ni nada menos que el estirado palacio de Windsor. Entonces todo se complica: la familia real, en especial su madrastra y hermanastra, no est\u00e1n muy felices de su existencia y la prensa se hace un fest\u00edn al descubrir que el rey tiene una hija ileg\u00edtima. Cuando se comete un asesinato y la \u00faltima persona en ver con vida al muerto es, por supuesto, Evan, se convierte en la principal sospechosa y la comidilla preferida de los medios. Pero ella no lo hizo, \u00bfverdad? Ella no pudo haber cometido un crimen, \u00bfo s\u00ed? La realeza, el asesinato y el esc\u00e1ndalo se combinan con sensibilidad e irreverencia en la adictiva Sangre real.<\/p>\n","protected":false},"excerpt":{"rendered":"<p>Aim\u00e9e Carter<\/p>\n","protected":false},"featured_media":3987,"template":"","meta":{"_joinchat":[]},"product_brand":[],"product_cat":[52],"product_tag":[48],"class_list":{"0":"post-3986","1":"product","2":"type-product","3":"status-publish","4":"has-post-thumbnail","6":"product_cat-juvenil","7":"product_tag-vr-editoras","9":"first","10":"instock","11":"shipping-taxable","12":"purchasable","13":"product-type-simple"},"_links":{"self":[{"href":"https:\/\/libreriahistoriasdebolsillo.com\/index.php\/wp-json\/wp\/v2\/product\/3986","targetHints":{"allow":["GET"]}}],"collection":[{"href":"https:\/\/libreriahistoriasdebolsillo.com\/index.php\/wp-json\/wp\/v2\/product"}],"about":[{"href":"https:\/\/libreriahistoriasdebolsillo.com\/index.php\/wp-json\/wp\/v2\/types\/product"}],"wp:featuredmedia":[{"embeddable":true,"href":"https:\/\/libreriahistoriasdebolsillo.com\/index.php\/wp-json\/wp\/v2\/media\/3987"}],"wp:attachment":[{"href":"https:\/\/libreriahistoriasdebolsillo.com\/index.php\/wp-json\/wp\/v2\/media?parent=3986"}],"wp:term":[{"taxonomy":"product_brand","embeddable":true,"href":"https:\/\/libreriahistoriasdebolsillo.com\/index.php\/wp-json\/wp\/v2\/product_brand?post=3986"},{"taxonomy":"product_cat","embeddable":true,"href":"https:\/\/libreriahistoriasdebolsillo.com\/index.php\/wp-json\/wp\/v2\/product_cat?post=3986"},{"taxonomy":"product_tag","embeddable":true,"href":"https:\/\/libreriahistoriasdebolsillo.com\/index.php\/wp-json\/wp\/v2\/product_tag?post=3986"}],"curies":[{"name":"wp","href":"https:\/\/api.w.org\/{rel}","templated":true}]}}