{"id":3988,"date":"2024-03-15T15:12:44","date_gmt":"2024-03-15T21:12:44","guid":{"rendered":"https:\/\/libreriahistoriasdebolsillo.com\/?post_type=product&#038;p=3988"},"modified":"2025-11-26T18:15:58","modified_gmt":"2025-11-27T00:15:58","slug":"vamos-a-bucear-en-el-oceano-tapa-dura","status":"publish","type":"product","link":"https:\/\/libreriahistoriasdebolsillo.com\/index.php\/producto\/vamos-a-bucear-en-el-oceano-tapa-dura\/","title":{"rendered":"Vamos a bucear en el oc\u00e9ano (Tapa dura)"},"content":{"rendered":"<p>Aprende junto a Ollie, Allie y su perro Yowzer acerca de los diferentes ecosistemas oce\u00e1nicos, en este original y divertido libro interactivo. Descubre las m\u00e1s sorprendentes criaturas marinas a cada vuelta de p\u00e1gina. Elije viajar a lo m\u00e1s desconocido de las profundidades, este libro te ofrece una aventura inolvidable.<\/p>\n","protected":false},"excerpt":{"rendered":"<p>Aprende junto a Ollie, Allie y su perro Yowzer acerca de los diferentes ecosistemas oce\u00e1nicos, en este original y divertido libro interactivo. Descubre las m\u00e1s sorprendentes criaturas marinas a cada vuelta de p\u00e1gina. Elije viajar a lo m\u00e1s desconocido de las profundidades, este libro te ofrece una aventura inolvidable.<\/p>\n","protected":false},"featured_media":3989,"template":"","meta":{"_joinchat":[]},"product_brand":[],"product_cat":[54],"product_tag":[48],"class_list":{"0":"post-3988","1":"product","2":"type-product","3":"status-publish","4":"has-post-thumbnail","6":"product_cat-infantil","7":"product_tag-vr-editoras","9":"first","10":"instock","11":"shipping-taxable","12":"purchasable","13":"product-type-simple"},"_links":{"self":[{"href":"https:\/\/libreriahistoriasdebolsillo.com\/index.php\/wp-json\/wp\/v2\/product\/3988","targetHints":{"allow":["GET"]}}],"collection":[{"href":"https:\/\/libreriahistoriasdebolsillo.com\/index.php\/wp-json\/wp\/v2\/product"}],"about":[{"href":"https:\/\/libreriahistoriasdebolsillo.com\/index.php\/wp-json\/wp\/v2\/types\/product"}],"wp:featuredmedia":[{"embeddable":true,"href":"https:\/\/libreriahistoriasdebolsillo.com\/index.php\/wp-json\/wp\/v2\/media\/3989"}],"wp:attachment":[{"href":"https:\/\/libreriahistoriasdebolsillo.com\/index.php\/wp-json\/wp\/v2\/media?parent=3988"}],"wp:term":[{"taxonomy":"product_brand","embeddable":true,"href":"https:\/\/libreriahistoriasdebolsillo.com\/index.php\/wp-json\/wp\/v2\/product_brand?post=3988"},{"taxonomy":"product_cat","embeddable":true,"href":"https:\/\/libreriahistoriasdebolsillo.com\/index.php\/wp-json\/wp\/v2\/product_cat?post=3988"},{"taxonomy":"product_tag","embeddable":true,"href":"https:\/\/libreriahistoriasdebolsillo.com\/index.php\/wp-json\/wp\/v2\/product_tag?post=3988"}],"curies":[{"name":"wp","href":"https:\/\/api.w.org\/{rel}","templated":true}]}}