{"id":3992,"date":"2024-03-15T15:15:19","date_gmt":"2024-03-15T21:15:19","guid":{"rendered":"https:\/\/libreriahistoriasdebolsillo.com\/?post_type=product&#038;p=3992"},"modified":"2025-11-26T18:16:10","modified_gmt":"2025-11-27T00:16:10","slug":"vamos-a-conocer-el-cuerpo-humano-tapa-dura","status":"publish","type":"product","link":"https:\/\/libreriahistoriasdebolsillo.com\/index.php\/producto\/vamos-a-conocer-el-cuerpo-humano-tapa-dura\/","title":{"rendered":"Vamos a conocer el cuerpo humano (Tapa dura)"},"content":{"rendered":"<p>Acompa\u00f1a a Allie, Ollie y su perro Yowzer en su traves\u00eda al interior del cuerpo. Comienza la aventura en el cerebro y explora escenarios incre\u00edbles. Ad\u00e9ntrate en un coraz\u00f3n que late, un est\u00f3mago que gorgotea y muchos m\u00fasculos que trabajan duro. \u00bfCu\u00e1ntos huesos tiene nuestro esqueleto? \u00bfQu\u00e9 ocurre en el interior de los intestinos? \u00bfC\u00f3mo se defiende nuestro organismo de los g\u00e9rmenes? \u00a1Vamos a descubrirlo dentro del cuerpo humano!<\/p>\n","protected":false},"excerpt":{"rendered":"<p>Acompa\u00f1a a Allie, Ollie y su perro Yowzer en su traves\u00eda al interior del cuerpo. Comienza la aventura en el cerebro y explora escenarios incre\u00edbles. Ad\u00e9ntrate en un coraz\u00f3n que late, un est\u00f3mago que gorgotea y muchos m\u00fasculos que trabajan duro. \u00bfCu\u00e1ntos huesos tiene nuestro esqueleto? \u00bfQu\u00e9 ocurre en el interior de los intestinos? \u00bfC\u00f3mo [&hellip;]<\/p>\n","protected":false},"featured_media":3993,"template":"","meta":{"_joinchat":[]},"product_brand":[],"product_cat":[54],"product_tag":[48],"class_list":{"0":"post-3992","1":"product","2":"type-product","3":"status-publish","4":"has-post-thumbnail","6":"product_cat-infantil","7":"product_tag-vr-editoras","9":"first","10":"instock","11":"shipping-taxable","12":"purchasable","13":"product-type-simple"},"_links":{"self":[{"href":"https:\/\/libreriahistoriasdebolsillo.com\/index.php\/wp-json\/wp\/v2\/product\/3992","targetHints":{"allow":["GET"]}}],"collection":[{"href":"https:\/\/libreriahistoriasdebolsillo.com\/index.php\/wp-json\/wp\/v2\/product"}],"about":[{"href":"https:\/\/libreriahistoriasdebolsillo.com\/index.php\/wp-json\/wp\/v2\/types\/product"}],"wp:featuredmedia":[{"embeddable":true,"href":"https:\/\/libreriahistoriasdebolsillo.com\/index.php\/wp-json\/wp\/v2\/media\/3993"}],"wp:attachment":[{"href":"https:\/\/libreriahistoriasdebolsillo.com\/index.php\/wp-json\/wp\/v2\/media?parent=3992"}],"wp:term":[{"taxonomy":"product_brand","embeddable":true,"href":"https:\/\/libreriahistoriasdebolsillo.com\/index.php\/wp-json\/wp\/v2\/product_brand?post=3992"},{"taxonomy":"product_cat","embeddable":true,"href":"https:\/\/libreriahistoriasdebolsillo.com\/index.php\/wp-json\/wp\/v2\/product_cat?post=3992"},{"taxonomy":"product_tag","embeddable":true,"href":"https:\/\/libreriahistoriasdebolsillo.com\/index.php\/wp-json\/wp\/v2\/product_tag?post=3992"}],"curies":[{"name":"wp","href":"https:\/\/api.w.org\/{rel}","templated":true}]}}