{"id":3994,"date":"2024-03-15T15:16:49","date_gmt":"2024-03-15T21:16:49","guid":{"rendered":"https:\/\/libreriahistoriasdebolsillo.com\/?post_type=product&#038;p=3994"},"modified":"2025-11-26T18:16:18","modified_gmt":"2025-11-27T00:16:18","slug":"volvamos-a-la-era-de-los-dinosaurios","status":"publish","type":"product","link":"https:\/\/libreriahistoriasdebolsillo.com\/index.php\/producto\/volvamos-a-la-era-de-los-dinosaurios\/","title":{"rendered":"Volvamos a la era de los dinosaurios (Tapa dura)"},"content":{"rendered":"<p>Acompa\u00f1a a Allie, Ollie y su perro Yowzer mientras viajan en el tiempo hasta la era de los dinosaurios. Desde la aparici\u00f3n de los primeros dinosaurios en el periodo Tri\u00e1sico hasta su extinci\u00f3n al final del Cret\u00e1cico, descubre todo sobre las criaturas m\u00e1s incre\u00edbles que han caminado en nuestro planeta.<\/p>\n","protected":false},"excerpt":{"rendered":"<p>Acompa\u00f1a a Allie, Ollie y su perro Yowzer mientras viajan en el tiempo hasta la era de los dinosaurios. Desde la aparici\u00f3n de los primeros dinosaurios en el periodo Tri\u00e1sico hasta su extinci\u00f3n al final del Cret\u00e1cico, descubre todo sobre las criaturas m\u00e1s incre\u00edbles que han caminado en nuestro planeta.<\/p>\n","protected":false},"featured_media":3995,"template":"","meta":{"_joinchat":[]},"product_brand":[],"product_cat":[54],"product_tag":[48],"class_list":{"0":"post-3994","1":"product","2":"type-product","3":"status-publish","4":"has-post-thumbnail","6":"product_cat-infantil","7":"product_tag-vr-editoras","9":"first","10":"instock","11":"shipping-taxable","12":"purchasable","13":"product-type-simple"},"_links":{"self":[{"href":"https:\/\/libreriahistoriasdebolsillo.com\/index.php\/wp-json\/wp\/v2\/product\/3994","targetHints":{"allow":["GET"]}}],"collection":[{"href":"https:\/\/libreriahistoriasdebolsillo.com\/index.php\/wp-json\/wp\/v2\/product"}],"about":[{"href":"https:\/\/libreriahistoriasdebolsillo.com\/index.php\/wp-json\/wp\/v2\/types\/product"}],"wp:featuredmedia":[{"embeddable":true,"href":"https:\/\/libreriahistoriasdebolsillo.com\/index.php\/wp-json\/wp\/v2\/media\/3995"}],"wp:attachment":[{"href":"https:\/\/libreriahistoriasdebolsillo.com\/index.php\/wp-json\/wp\/v2\/media?parent=3994"}],"wp:term":[{"taxonomy":"product_brand","embeddable":true,"href":"https:\/\/libreriahistoriasdebolsillo.com\/index.php\/wp-json\/wp\/v2\/product_brand?post=3994"},{"taxonomy":"product_cat","embeddable":true,"href":"https:\/\/libreriahistoriasdebolsillo.com\/index.php\/wp-json\/wp\/v2\/product_cat?post=3994"},{"taxonomy":"product_tag","embeddable":true,"href":"https:\/\/libreriahistoriasdebolsillo.com\/index.php\/wp-json\/wp\/v2\/product_tag?post=3994"}],"curies":[{"name":"wp","href":"https:\/\/api.w.org\/{rel}","templated":true}]}}