{"id":3996,"date":"2024-03-15T15:19:48","date_gmt":"2024-03-15T21:19:48","guid":{"rendered":"https:\/\/libreriahistoriasdebolsillo.com\/?post_type=product&#038;p=3996"},"modified":"2025-11-26T18:16:24","modified_gmt":"2025-11-27T00:16:24","slug":"el-tesoro-perdido-de-la-piramide-tapa-dura","status":"publish","type":"product","link":"https:\/\/libreriahistoriasdebolsillo.com\/index.php\/producto\/el-tesoro-perdido-de-la-piramide-tapa-dura\/","title":{"rendered":"El tesoro perdido de la pir\u00e1mide (Tapa dura)"},"content":{"rendered":"<p>T\u00e9a y T\u00e9o visitan un museo lleno de esculturas egipcias y obras de arte. Descubren que una estatua est\u00e1 tallado el mapa del tesoro escondido de un poderoso fara\u00f3n e inmediatamente van a buscarlo. \u00a1Acomp\u00e1\u00f1alos y divi\u00e9rtete con ellos! Resuelve m\u00e1s de 20 juegos para ayudar a los h\u00e9roes en su traves\u00eda. Viaja hasta las pir\u00e1mides de Egipto, donde no faltar\u00e1n la acci\u00f3n y el misterio.<\/p>\n","protected":false},"excerpt":{"rendered":"<p>T\u00e9a y T\u00e9o visitan un museo lleno de esculturas egipcias y obras de arte. Descubren que una estatua est\u00e1 tallado el mapa del tesoro escondido de un poderoso fara\u00f3n e inmediatamente van a buscarlo. \u00a1Acomp\u00e1\u00f1alos y divi\u00e9rtete con ellos! Resuelve m\u00e1s de 20 juegos para ayudar a los h\u00e9roes en su traves\u00eda. Viaja hasta las [&hellip;]<\/p>\n","protected":false},"featured_media":3997,"template":"","meta":{"_joinchat":[]},"product_brand":[],"product_cat":[54],"product_tag":[48],"class_list":{"0":"post-3996","1":"product","2":"type-product","3":"status-publish","4":"has-post-thumbnail","6":"product_cat-infantil","7":"product_tag-vr-editoras","9":"first","10":"outofstock","11":"shipping-taxable","12":"purchasable","13":"product-type-simple"},"_links":{"self":[{"href":"https:\/\/libreriahistoriasdebolsillo.com\/index.php\/wp-json\/wp\/v2\/product\/3996","targetHints":{"allow":["GET"]}}],"collection":[{"href":"https:\/\/libreriahistoriasdebolsillo.com\/index.php\/wp-json\/wp\/v2\/product"}],"about":[{"href":"https:\/\/libreriahistoriasdebolsillo.com\/index.php\/wp-json\/wp\/v2\/types\/product"}],"wp:featuredmedia":[{"embeddable":true,"href":"https:\/\/libreriahistoriasdebolsillo.com\/index.php\/wp-json\/wp\/v2\/media\/3997"}],"wp:attachment":[{"href":"https:\/\/libreriahistoriasdebolsillo.com\/index.php\/wp-json\/wp\/v2\/media?parent=3996"}],"wp:term":[{"taxonomy":"product_brand","embeddable":true,"href":"https:\/\/libreriahistoriasdebolsillo.com\/index.php\/wp-json\/wp\/v2\/product_brand?post=3996"},{"taxonomy":"product_cat","embeddable":true,"href":"https:\/\/libreriahistoriasdebolsillo.com\/index.php\/wp-json\/wp\/v2\/product_cat?post=3996"},{"taxonomy":"product_tag","embeddable":true,"href":"https:\/\/libreriahistoriasdebolsillo.com\/index.php\/wp-json\/wp\/v2\/product_tag?post=3996"}],"curies":[{"name":"wp","href":"https:\/\/api.w.org\/{rel}","templated":true}]}}