{"id":3998,"date":"2024-03-15T15:21:10","date_gmt":"2024-03-15T21:21:10","guid":{"rendered":"https:\/\/libreriahistoriasdebolsillo.com\/?post_type=product&#038;p=3998"},"modified":"2025-11-26T18:16:29","modified_gmt":"2025-11-27T00:16:29","slug":"el-tesoro-escondido-de-los-piratas-tapa-dura","status":"publish","type":"product","link":"https:\/\/libreriahistoriasdebolsillo.com\/index.php\/producto\/el-tesoro-escondido-de-los-piratas-tapa-dura\/","title":{"rendered":"El tesoro escondido de los piratas (Tapa dura)"},"content":{"rendered":"<p>En una exposici\u00f3n de cuadros y espadas de piratas. \u00a1Zo\u00e9 descubre el mapa de una isla secreta donde est\u00e1 enterrado un tesoro! Los peque\u00f1os aventureros se van inmediatamente a buscarlo. \u00a1Acomp\u00e1\u00f1alos y divi\u00e9rtete con ellos! Resuelve m\u00e1s de 20 juegos para ayudar en su traves\u00eda. Viaja hasta elmundo de los piratas, donde no faltar\u00e1n la acci\u00f3n y el misterio. Explora junto a los h\u00e9roes, haz las b\u00fasquedas, resuelve los enigmas, encuentra el tesoro. Un libro de juegos para vivir una gran aventura.<\/p>\n","protected":false},"excerpt":{"rendered":"<p>En una exposici\u00f3n de cuadros y espadas de piratas. \u00a1Zo\u00e9 descubre el mapa de una isla secreta donde est\u00e1 enterrado un tesoro! Los peque\u00f1os aventureros se van inmediatamente a buscarlo. \u00a1Acomp\u00e1\u00f1alos y divi\u00e9rtete con ellos! Resuelve m\u00e1s de 20 juegos para ayudar en su traves\u00eda. Viaja hasta elmundo de los piratas, donde no faltar\u00e1n la [&hellip;]<\/p>\n","protected":false},"featured_media":3999,"template":"","meta":{"_joinchat":[]},"product_brand":[],"product_cat":[54],"product_tag":[48],"class_list":{"0":"post-3998","1":"product","2":"type-product","3":"status-publish","4":"has-post-thumbnail","6":"product_cat-infantil","7":"product_tag-vr-editoras","9":"first","10":"outofstock","11":"shipping-taxable","12":"purchasable","13":"product-type-simple"},"_links":{"self":[{"href":"https:\/\/libreriahistoriasdebolsillo.com\/index.php\/wp-json\/wp\/v2\/product\/3998","targetHints":{"allow":["GET"]}}],"collection":[{"href":"https:\/\/libreriahistoriasdebolsillo.com\/index.php\/wp-json\/wp\/v2\/product"}],"about":[{"href":"https:\/\/libreriahistoriasdebolsillo.com\/index.php\/wp-json\/wp\/v2\/types\/product"}],"wp:featuredmedia":[{"embeddable":true,"href":"https:\/\/libreriahistoriasdebolsillo.com\/index.php\/wp-json\/wp\/v2\/media\/3999"}],"wp:attachment":[{"href":"https:\/\/libreriahistoriasdebolsillo.com\/index.php\/wp-json\/wp\/v2\/media?parent=3998"}],"wp:term":[{"taxonomy":"product_brand","embeddable":true,"href":"https:\/\/libreriahistoriasdebolsillo.com\/index.php\/wp-json\/wp\/v2\/product_brand?post=3998"},{"taxonomy":"product_cat","embeddable":true,"href":"https:\/\/libreriahistoriasdebolsillo.com\/index.php\/wp-json\/wp\/v2\/product_cat?post=3998"},{"taxonomy":"product_tag","embeddable":true,"href":"https:\/\/libreriahistoriasdebolsillo.com\/index.php\/wp-json\/wp\/v2\/product_tag?post=3998"}],"curies":[{"name":"wp","href":"https:\/\/api.w.org\/{rel}","templated":true}]}}