{"id":4007,"date":"2024-03-19T13:29:33","date_gmt":"2024-03-19T19:29:33","guid":{"rendered":"https:\/\/libreriahistoriasdebolsillo.com\/?post_type=product&#038;p=4007"},"modified":"2025-06-27T17:44:43","modified_gmt":"2025-06-27T23:44:43","slug":"el-juego-de-las-extranas","status":"publish","type":"product","link":"https:\/\/libreriahistoriasdebolsillo.com\/index.php\/producto\/el-juego-de-las-extranas\/","title":{"rendered":"El juego de las extra\u00f1as"},"content":{"rendered":"<p>Sarah desapareci\u00f3. Su familia est\u00e1 devastada, excepto Nico, su hermana. Ella, por primera vez, siente paz porque se pudo librar de las maldades de Sarah. Pero cuatro a\u00f1os m\u00e1s tarde sucede algo inesperado: Sarah regresa. Aunque est\u00e1\u2026diferente. Es muy distinta de esa chica que se hab\u00eda tragado la tierra. Y la amnesia que padece provoca que todo se vuelva cada vez m\u00e1s extra\u00f1o. \u00bfEn d\u00f3nde estuvo? \u00bfQu\u00e9 sucedi\u00f3 el d\u00eda en que desapareci\u00f3?<\/p>\n","protected":false},"excerpt":{"rendered":"<p>Cylin Busby<\/p>\n","protected":false},"featured_media":4008,"template":"","meta":{"_joinchat":[]},"product_brand":[],"product_cat":[37],"product_tag":[48],"class_list":{"0":"post-4007","1":"product","2":"type-product","3":"status-publish","4":"has-post-thumbnail","6":"product_cat-misterio-y-thriller","7":"product_tag-vr-editoras","9":"first","10":"outofstock","11":"shipping-taxable","12":"purchasable","13":"product-type-simple"},"_links":{"self":[{"href":"https:\/\/libreriahistoriasdebolsillo.com\/index.php\/wp-json\/wp\/v2\/product\/4007","targetHints":{"allow":["GET"]}}],"collection":[{"href":"https:\/\/libreriahistoriasdebolsillo.com\/index.php\/wp-json\/wp\/v2\/product"}],"about":[{"href":"https:\/\/libreriahistoriasdebolsillo.com\/index.php\/wp-json\/wp\/v2\/types\/product"}],"wp:featuredmedia":[{"embeddable":true,"href":"https:\/\/libreriahistoriasdebolsillo.com\/index.php\/wp-json\/wp\/v2\/media\/4008"}],"wp:attachment":[{"href":"https:\/\/libreriahistoriasdebolsillo.com\/index.php\/wp-json\/wp\/v2\/media?parent=4007"}],"wp:term":[{"taxonomy":"product_brand","embeddable":true,"href":"https:\/\/libreriahistoriasdebolsillo.com\/index.php\/wp-json\/wp\/v2\/product_brand?post=4007"},{"taxonomy":"product_cat","embeddable":true,"href":"https:\/\/libreriahistoriasdebolsillo.com\/index.php\/wp-json\/wp\/v2\/product_cat?post=4007"},{"taxonomy":"product_tag","embeddable":true,"href":"https:\/\/libreriahistoriasdebolsillo.com\/index.php\/wp-json\/wp\/v2\/product_tag?post=4007"}],"curies":[{"name":"wp","href":"https:\/\/api.w.org\/{rel}","templated":true}]}}