{"id":4013,"date":"2024-03-19T13:39:01","date_gmt":"2024-03-19T19:39:01","guid":{"rendered":"https:\/\/libreriahistoriasdebolsillo.com\/?post_type=product&#038;p=4013"},"modified":"2025-05-14T12:54:03","modified_gmt":"2025-05-14T18:54:03","slug":"makeover-extremo","status":"publish","type":"product","link":"https:\/\/libreriahistoriasdebolsillo.com\/index.php\/producto\/makeover-extremo\/","title":{"rendered":"Makeover extremo"},"content":{"rendered":"<p>LA CLONACI\u00d3N ES EL NEGOCIO DEL FUTURO. Un laboratorio sin escr\u00fapulos ha creado una peligrosa loci\u00f3n capaz de convertirte en la persona que siempre so\u00f1aste. ReNacimiento. Puedes elegir la apariencia que desees de un cat\u00e1logo de seres humanos y a cambio solo debes permitir que reescriban tu ADN para siempre. Pero no hay una sola cosa que la humanidad no pueda convertir en un arma. Y este sue\u00f1o de vanidad muy pronto desatar\u00e1 el mism\u00edsimo fin del mundo.<\/p>\n","protected":false},"excerpt":{"rendered":"<p>Dan Wells<\/p>\n","protected":false},"featured_media":4014,"template":"","meta":{"_joinchat":[]},"product_brand":[],"product_cat":[40],"product_tag":[48],"class_list":{"0":"post-4013","1":"product","2":"type-product","3":"status-publish","4":"has-post-thumbnail","6":"product_cat-ciencia-ficcion","7":"product_tag-vr-editoras","9":"first","10":"instock","11":"shipping-taxable","12":"purchasable","13":"product-type-simple"},"_links":{"self":[{"href":"https:\/\/libreriahistoriasdebolsillo.com\/index.php\/wp-json\/wp\/v2\/product\/4013","targetHints":{"allow":["GET"]}}],"collection":[{"href":"https:\/\/libreriahistoriasdebolsillo.com\/index.php\/wp-json\/wp\/v2\/product"}],"about":[{"href":"https:\/\/libreriahistoriasdebolsillo.com\/index.php\/wp-json\/wp\/v2\/types\/product"}],"wp:featuredmedia":[{"embeddable":true,"href":"https:\/\/libreriahistoriasdebolsillo.com\/index.php\/wp-json\/wp\/v2\/media\/4014"}],"wp:attachment":[{"href":"https:\/\/libreriahistoriasdebolsillo.com\/index.php\/wp-json\/wp\/v2\/media?parent=4013"}],"wp:term":[{"taxonomy":"product_brand","embeddable":true,"href":"https:\/\/libreriahistoriasdebolsillo.com\/index.php\/wp-json\/wp\/v2\/product_brand?post=4013"},{"taxonomy":"product_cat","embeddable":true,"href":"https:\/\/libreriahistoriasdebolsillo.com\/index.php\/wp-json\/wp\/v2\/product_cat?post=4013"},{"taxonomy":"product_tag","embeddable":true,"href":"https:\/\/libreriahistoriasdebolsillo.com\/index.php\/wp-json\/wp\/v2\/product_tag?post=4013"}],"curies":[{"name":"wp","href":"https:\/\/api.w.org\/{rel}","templated":true}]}}