{"id":4015,"date":"2024-03-19T13:40:59","date_gmt":"2024-03-19T19:40:59","guid":{"rendered":"https:\/\/libreriahistoriasdebolsillo.com\/?post_type=product&#038;p=4015"},"modified":"2026-04-20T16:28:23","modified_gmt":"2026-04-20T22:28:23","slug":"sigueme-el-poder-de-un-verdadero-lider","status":"publish","type":"product","link":"https:\/\/libreriahistoriasdebolsillo.com\/index.php\/producto\/sigueme-el-poder-de-un-verdadero-lider\/","title":{"rendered":"S\u00edgueme. El poder de un verdadero l\u00edder"},"content":{"rendered":"<p>El liderazgo es cultivar hoy en las personas la disposici\u00f3n para seguirte en el futuro hacia algo nuevo.Un buen l\u00edder no solo atrae seguidores; tambi\u00e9n ejerce una influencia positiva sobre ellos. La capacidad de despertar en los dem\u00e1s el compromiso de trabajar hacia un objetivo com\u00fan es una de las cualidades principales del liderazgo.En este libro, John C. Maxwell analiza las aptitudes que debe cultivar quien aspire a ser una persona influyente. Es una habilidad lograr que otros te sigan.El verdadero poder es conseguir que, adem\u00e1s, lo hagan con entusiasmo, enfocados en el crecimiento, y que se conviertan, a su vez, en nuevos l\u00edderes. Una gu\u00eda fundamental para quienes desean no solo caminar, sino dejar huellas.<\/p>\n","protected":false},"excerpt":{"rendered":"<p>John C. Maxwell<\/p>\n","protected":false},"featured_media":4016,"template":"","meta":{"_joinchat":[]},"product_brand":[],"product_cat":[58,41],"product_tag":[48],"class_list":{"0":"post-4015","1":"product","2":"type-product","3":"status-publish","4":"has-post-thumbnail","6":"product_cat-desarrollo-humano-y-superacion","7":"product_cat-desarrollo-humano","8":"product_tag-vr-editoras","10":"first","11":"instock","12":"shipping-taxable","13":"purchasable","14":"product-type-simple"},"_links":{"self":[{"href":"https:\/\/libreriahistoriasdebolsillo.com\/index.php\/wp-json\/wp\/v2\/product\/4015","targetHints":{"allow":["GET"]}}],"collection":[{"href":"https:\/\/libreriahistoriasdebolsillo.com\/index.php\/wp-json\/wp\/v2\/product"}],"about":[{"href":"https:\/\/libreriahistoriasdebolsillo.com\/index.php\/wp-json\/wp\/v2\/types\/product"}],"wp:featuredmedia":[{"embeddable":true,"href":"https:\/\/libreriahistoriasdebolsillo.com\/index.php\/wp-json\/wp\/v2\/media\/4016"}],"wp:attachment":[{"href":"https:\/\/libreriahistoriasdebolsillo.com\/index.php\/wp-json\/wp\/v2\/media?parent=4015"}],"wp:term":[{"taxonomy":"product_brand","embeddable":true,"href":"https:\/\/libreriahistoriasdebolsillo.com\/index.php\/wp-json\/wp\/v2\/product_brand?post=4015"},{"taxonomy":"product_cat","embeddable":true,"href":"https:\/\/libreriahistoriasdebolsillo.com\/index.php\/wp-json\/wp\/v2\/product_cat?post=4015"},{"taxonomy":"product_tag","embeddable":true,"href":"https:\/\/libreriahistoriasdebolsillo.com\/index.php\/wp-json\/wp\/v2\/product_tag?post=4015"}],"curies":[{"name":"wp","href":"https:\/\/api.w.org\/{rel}","templated":true}]}}