{"id":4017,"date":"2024-03-19T13:43:41","date_gmt":"2024-03-19T19:43:41","guid":{"rendered":"https:\/\/libreriahistoriasdebolsillo.com\/?post_type=product&#038;p=4017"},"modified":"2025-11-26T18:16:41","modified_gmt":"2025-11-27T00:16:41","slug":"comedia-romantica","status":"publish","type":"product","link":"https:\/\/libreriahistoriasdebolsillo.com\/index.php\/producto\/comedia-romantica\/","title":{"rendered":"Comedia rom\u00e1ntica"},"content":{"rendered":"<p>Sally Mils es guionista de uno de los shows con m\u00e1s espectadores de los s\u00e1bados. Sin embargo, pese a sus grandes cualidades, su vida ha estado repleta de desamores y hace tiempo que abandon\u00f3 la b\u00fasqueda de una persona para s\u00ed, conform\u00e1ndose con encuentros ocasionales y manteniendo su \u00e9xito profesional. Pero cuando Danny Horst se une al grupo no tan exclusivo de hombres del mont\u00f3n que han logrado salir con mujeres incre\u00edblemente bellas y exitosas, Sally canaliza su molestia en un sketch llamado La regla de Danny Horst, burl\u00e1ndose de este fen\u00f3meno y subrayando lo improbable que es que a una mujer le pase lo contrario. Aqu\u00ed es cuando aparece Noah Brewster, una estrella del pop con reputaci\u00f3n de salir con modelos, y es el nuevo invitado del programa de Sally. Mientras colaboran en un borrador tras otro, ella empieza a preguntarse si en realidad podr\u00edan estar saltando chispas. Pero esto no es una comedia rom\u00e1ntica: es la vida real. Y en la vida real, alguien como \u00e9l nunca saldr\u00eda con alguien como ella, \u00bfverdad?<\/p>\n","protected":false},"excerpt":{"rendered":"<p>Curtis Sittenfeld<\/p>\n","protected":false},"featured_media":4018,"template":"","meta":{"_joinchat":[]},"product_brand":[],"product_cat":[35],"product_tag":[48],"class_list":{"0":"post-4017","1":"product","2":"type-product","3":"status-publish","4":"has-post-thumbnail","6":"product_cat-romantica","7":"product_tag-vr-editoras","9":"first","10":"instock","11":"shipping-taxable","12":"purchasable","13":"product-type-simple"},"_links":{"self":[{"href":"https:\/\/libreriahistoriasdebolsillo.com\/index.php\/wp-json\/wp\/v2\/product\/4017","targetHints":{"allow":["GET"]}}],"collection":[{"href":"https:\/\/libreriahistoriasdebolsillo.com\/index.php\/wp-json\/wp\/v2\/product"}],"about":[{"href":"https:\/\/libreriahistoriasdebolsillo.com\/index.php\/wp-json\/wp\/v2\/types\/product"}],"wp:featuredmedia":[{"embeddable":true,"href":"https:\/\/libreriahistoriasdebolsillo.com\/index.php\/wp-json\/wp\/v2\/media\/4018"}],"wp:attachment":[{"href":"https:\/\/libreriahistoriasdebolsillo.com\/index.php\/wp-json\/wp\/v2\/media?parent=4017"}],"wp:term":[{"taxonomy":"product_brand","embeddable":true,"href":"https:\/\/libreriahistoriasdebolsillo.com\/index.php\/wp-json\/wp\/v2\/product_brand?post=4017"},{"taxonomy":"product_cat","embeddable":true,"href":"https:\/\/libreriahistoriasdebolsillo.com\/index.php\/wp-json\/wp\/v2\/product_cat?post=4017"},{"taxonomy":"product_tag","embeddable":true,"href":"https:\/\/libreriahistoriasdebolsillo.com\/index.php\/wp-json\/wp\/v2\/product_tag?post=4017"}],"curies":[{"name":"wp","href":"https:\/\/api.w.org\/{rel}","templated":true}]}}