{"id":4024,"date":"2024-03-21T13:54:20","date_gmt":"2024-03-21T19:54:20","guid":{"rendered":"https:\/\/libreriahistoriasdebolsillo.com\/?post_type=product&#038;p=4024"},"modified":"2024-06-11T16:30:26","modified_gmt":"2024-06-11T22:30:26","slug":"los-muros-que-nos-encierran","status":"publish","type":"product","link":"https:\/\/libreriahistoriasdebolsillo.com\/index.php\/producto\/los-muros-que-nos-encierran\/","title":{"rendered":"Los muros que nos encierran"},"content":{"rendered":"<p><b>Una historia sobrenatural de culpabilidad e inocencia.<\/b><\/p>\n<p><b>EN EL EXTERIOR<\/b>\u00a0est\u00e1 Violet, una bailarina de ballet pr\u00f3xima a alcanzar la vida de sus sue\u00f1os, vida que peligra con la aparici\u00f3n de una amenaza que podr\u00eda revelar la impactante verdad de su gran logro.<\/p>\n<p><b>EN EL INTERIOR<\/b>, dentro de las paredes del centro de detenci\u00f3n juvenil de Aurora Hills, est\u00e1 Amber, encerrada por tanto tiempo que ya no puede imaginar la libertad.<\/p>\n<p><b>ATADA A ESTOS DOS MUNDOS\u00a0<\/b>est\u00e1 Orianna, quien tiene la clave para esclarecer los misterios m\u00e1s oscuros de ambas chicas.<\/p>\n<p><b>\u00bfQu\u00e9 pas\u00f3 realmente la noche en que Orianna se interpuso entre Violet y sus torturadores?<\/b><\/p>\n<p>&nbsp;<\/p>\n<p><b>\u00bfAmber, Violet y Orianna obtendr\u00e1n la justicia que merecen?<\/b><\/p>\n","protected":false},"excerpt":{"rendered":"<p>Nova Ren Suma<\/p>\n","protected":false},"featured_media":4025,"template":"","meta":{"_joinchat":[]},"product_brand":[],"product_cat":[37],"product_tag":[34],"class_list":{"0":"post-4024","1":"product","2":"type-product","3":"status-publish","4":"has-post-thumbnail","6":"product_cat-misterio-y-thriller","7":"product_tag-penguin-random-house","9":"first","10":"outofstock","11":"shipping-taxable","12":"purchasable","13":"product-type-simple"},"_links":{"self":[{"href":"https:\/\/libreriahistoriasdebolsillo.com\/index.php\/wp-json\/wp\/v2\/product\/4024","targetHints":{"allow":["GET"]}}],"collection":[{"href":"https:\/\/libreriahistoriasdebolsillo.com\/index.php\/wp-json\/wp\/v2\/product"}],"about":[{"href":"https:\/\/libreriahistoriasdebolsillo.com\/index.php\/wp-json\/wp\/v2\/types\/product"}],"wp:featuredmedia":[{"embeddable":true,"href":"https:\/\/libreriahistoriasdebolsillo.com\/index.php\/wp-json\/wp\/v2\/media\/4025"}],"wp:attachment":[{"href":"https:\/\/libreriahistoriasdebolsillo.com\/index.php\/wp-json\/wp\/v2\/media?parent=4024"}],"wp:term":[{"taxonomy":"product_brand","embeddable":true,"href":"https:\/\/libreriahistoriasdebolsillo.com\/index.php\/wp-json\/wp\/v2\/product_brand?post=4024"},{"taxonomy":"product_cat","embeddable":true,"href":"https:\/\/libreriahistoriasdebolsillo.com\/index.php\/wp-json\/wp\/v2\/product_cat?post=4024"},{"taxonomy":"product_tag","embeddable":true,"href":"https:\/\/libreriahistoriasdebolsillo.com\/index.php\/wp-json\/wp\/v2\/product_tag?post=4024"}],"curies":[{"name":"wp","href":"https:\/\/api.w.org\/{rel}","templated":true}]}}