{"id":4026,"date":"2024-03-21T13:59:13","date_gmt":"2024-03-21T19:59:13","guid":{"rendered":"https:\/\/libreriahistoriasdebolsillo.com\/?post_type=product&#038;p=4026"},"modified":"2026-02-10T16:12:37","modified_gmt":"2026-02-10T22:12:37","slug":"nunca-jamas-1-hooked","status":"publish","type":"product","link":"https:\/\/libreriahistoriasdebolsillo.com\/index.php\/producto\/nunca-jamas-1-hooked\/","title":{"rendered":"Nunca jam\u00e1s 1. Hooked"},"content":{"rendered":"<p><b>Ad\u00e9ntrate en el<\/b>\u00a0<i><b>retelling<\/b><\/i>\u00a0<b>m\u00e1s<\/b>\u00a0<b>oscuro<\/b>\u00a0<b>y delicioso<\/b>\u00a0<b>de Peter Pan que ha<\/b>\u00a0<b>conquistado<\/b>\u00a0<b>TikTok.<\/b><\/p>\n<p><b>Desea venganza, pero a ella la desea todav\u00eda m\u00e1s&#8230;<\/b><\/p>\n<p>James ha tenido siempre un \u00fanico objetivo: acabar con Peter Michaels, su enemigo. Un d\u00eda, la hija de Peter, Wendy, de solo veinte a\u00f1os, entra en el bar de James y este ve la ocasi\u00f3n: la seducir\u00e1 y la utilizar\u00e1 para vengarse. Parece el plan perfecto&#8230; hasta que todo empieza a desmoronarse. De pronto, James tiene que encontrar al traidor que se esconde entre los suyos, y su plan de venganza se complica cuando Wendy empieza a ser mucho m\u00e1s que un pe\u00f3n en su juego.<\/p>\n<p>Wendy siempre ha estado protegida del mundo por su padre, tan fr\u00edo como adinerado. Pero una noche espont\u00e1nea con amigas desemboca en una relaci\u00f3n amorosa intensa y adictiva con el problem\u00e1tico James. Wendy sabe que James es peligroso, pero no puede evitar desearlo y, a medida que la relaci\u00f3n se intensifica y descubre m\u00e1s cosas sobre el turbio mundo en el que se mueve, ya no sabe si se est\u00e1 enamorando del hombre al que conoce como James&#8230; o del monstruo al que llaman Garfio.<\/p>\n<p><i>Advertencia:<\/i>\u00a0<i>Hooked es un romance oscuro contempor\u00e1neo. Incluye contenido sexual expl\u00edcito, consumo de drogas y escenas violentas, por lo que no se recomienda a menores de 18 a\u00f1os. Para m\u00e1s informaci\u00f3n, puedes consultar la web de la autora.<\/i><\/p>\n","protected":false},"excerpt":{"rendered":"<p>Emily Mcintire<\/p>\n","protected":false},"featured_media":4027,"template":"","meta":{"_joinchat":[]},"product_brand":[],"product_cat":[63,52],"product_tag":[34],"class_list":{"0":"post-4026","1":"product","2":"type-product","3":"status-publish","4":"has-post-thumbnail","6":"product_cat-dark-romance","7":"product_cat-juvenil","8":"product_tag-penguin-random-house","10":"first","11":"outofstock","12":"shipping-taxable","13":"purchasable","14":"product-type-simple"},"_links":{"self":[{"href":"https:\/\/libreriahistoriasdebolsillo.com\/index.php\/wp-json\/wp\/v2\/product\/4026","targetHints":{"allow":["GET"]}}],"collection":[{"href":"https:\/\/libreriahistoriasdebolsillo.com\/index.php\/wp-json\/wp\/v2\/product"}],"about":[{"href":"https:\/\/libreriahistoriasdebolsillo.com\/index.php\/wp-json\/wp\/v2\/types\/product"}],"wp:featuredmedia":[{"embeddable":true,"href":"https:\/\/libreriahistoriasdebolsillo.com\/index.php\/wp-json\/wp\/v2\/media\/4027"}],"wp:attachment":[{"href":"https:\/\/libreriahistoriasdebolsillo.com\/index.php\/wp-json\/wp\/v2\/media?parent=4026"}],"wp:term":[{"taxonomy":"product_brand","embeddable":true,"href":"https:\/\/libreriahistoriasdebolsillo.com\/index.php\/wp-json\/wp\/v2\/product_brand?post=4026"},{"taxonomy":"product_cat","embeddable":true,"href":"https:\/\/libreriahistoriasdebolsillo.com\/index.php\/wp-json\/wp\/v2\/product_cat?post=4026"},{"taxonomy":"product_tag","embeddable":true,"href":"https:\/\/libreriahistoriasdebolsillo.com\/index.php\/wp-json\/wp\/v2\/product_tag?post=4026"}],"curies":[{"name":"wp","href":"https:\/\/api.w.org\/{rel}","templated":true}]}}