{"id":4031,"date":"2024-03-21T14:13:18","date_gmt":"2024-03-21T20:13:18","guid":{"rendered":"https:\/\/libreriahistoriasdebolsillo.com\/?post_type=product&#038;p=4031"},"modified":"2025-11-26T18:16:59","modified_gmt":"2025-11-27T00:16:59","slug":"el-poder-del-lenguaje-sin-palabras","status":"publish","type":"product","link":"https:\/\/libreriahistoriasdebolsillo.com\/index.php\/producto\/el-poder-del-lenguaje-sin-palabras\/","title":{"rendered":"El poder del lenguaje sin palabras"},"content":{"rendered":"<p><b>Todo en este mundo est\u00e1 cifrado en un lenguaje que va m\u00e1s all\u00e1 de las palabras. Solo los que lo dominan alcanzan el \u00e9xito<\/b><b>.<\/b><\/p>\n<p>\u00bfHas notado c\u00f3mo est\u00e1 dispuesta la\u00a0<b>oficina<\/b>\u00a0de la persona con la que quisieras hacer negocios? \u00bfEn un evento pol\u00edtico sentiste que una persona te inspiraba m\u00e1s\u00a0<b>confianza<\/b>\u00a0que otra? \u00bfQuieres tener el completo\u00a0<b>control<\/b>\u00a0de una situaci\u00f3n y lograr tus<b>prop\u00f3sitos<\/b>? Todo esto tiene que ver con los\u00a0<b>gestos<\/b>, la\u00a0<b>postura<\/b>, la vestimenta y el\u00a0<b>tono de voz<\/b>\u00a0que tenemos; tambi\u00e9n, con los objetos que est\u00e1n en nuestros espacios y con c\u00f3mo los ordenamos y c\u00f3mo los cuidamos.<\/p>\n<p>Es sumamente importante saber leer en otros el significado de estos mensajes no\u00a0<b>verbales<\/b>. Sin embargo, el verdadero cambio viene cuando tenemos el autoconocimiento suficiente para transformar los nuestros de manera activa. Quiz\u00e1 suene como cosa f\u00e1cil, pero\u00a0<b>dominar<\/b>\u00a0este arte no es solo replicar informaci\u00f3n que uno ve en internet. La capacidad de persuasi\u00f3n y el poder del lenguaje sin palabras tienen que ver con nuestras habilidades para mostrarnos aut\u00e9nticos, seguros e inspirar confianza en las personas.<\/p>\n<p>Este libro te ayudar\u00e1 a\u00a0<b>desbloquear<\/b>\u00a0ese\u00a0<b>poder<\/b>.<\/p>\n","protected":false},"excerpt":{"rendered":"<p>B\u00e1rbara Tijerina<\/p>\n","protected":false},"featured_media":4032,"template":"","meta":{"_joinchat":[]},"product_brand":[],"product_cat":[58,41],"product_tag":[34],"class_list":{"0":"post-4031","1":"product","2":"type-product","3":"status-publish","4":"has-post-thumbnail","6":"product_cat-desarrollo-humano-y-superacion","7":"product_cat-desarrollo-humano","8":"product_tag-penguin-random-house","10":"first","11":"outofstock","12":"shipping-taxable","13":"purchasable","14":"product-type-simple"},"_links":{"self":[{"href":"https:\/\/libreriahistoriasdebolsillo.com\/index.php\/wp-json\/wp\/v2\/product\/4031","targetHints":{"allow":["GET"]}}],"collection":[{"href":"https:\/\/libreriahistoriasdebolsillo.com\/index.php\/wp-json\/wp\/v2\/product"}],"about":[{"href":"https:\/\/libreriahistoriasdebolsillo.com\/index.php\/wp-json\/wp\/v2\/types\/product"}],"wp:featuredmedia":[{"embeddable":true,"href":"https:\/\/libreriahistoriasdebolsillo.com\/index.php\/wp-json\/wp\/v2\/media\/4032"}],"wp:attachment":[{"href":"https:\/\/libreriahistoriasdebolsillo.com\/index.php\/wp-json\/wp\/v2\/media?parent=4031"}],"wp:term":[{"taxonomy":"product_brand","embeddable":true,"href":"https:\/\/libreriahistoriasdebolsillo.com\/index.php\/wp-json\/wp\/v2\/product_brand?post=4031"},{"taxonomy":"product_cat","embeddable":true,"href":"https:\/\/libreriahistoriasdebolsillo.com\/index.php\/wp-json\/wp\/v2\/product_cat?post=4031"},{"taxonomy":"product_tag","embeddable":true,"href":"https:\/\/libreriahistoriasdebolsillo.com\/index.php\/wp-json\/wp\/v2\/product_tag?post=4031"}],"curies":[{"name":"wp","href":"https:\/\/api.w.org\/{rel}","templated":true}]}}