{"id":4033,"date":"2024-03-21T14:15:13","date_gmt":"2024-03-21T20:15:13","guid":{"rendered":"https:\/\/libreriahistoriasdebolsillo.com\/?post_type=product&#038;p=4033"},"modified":"2026-03-27T17:26:06","modified_gmt":"2026-03-27T23:26:06","slug":"lazos-de-amor","status":"publish","type":"product","link":"https:\/\/libreriahistoriasdebolsillo.com\/index.php\/producto\/lazos-de-amor\/","title":{"rendered":"Lazos de amor"},"content":{"rendered":"<p><b>El reencuentro de dos almas destinadas a amarse para siempre.<\/b><\/p>\n<p>En\u00a0<i>Muchas vidas, muchos<\/i>\u00a0<i>maestros<\/i>\u00a0-una obra cumbre de la espiritualidad con un mill\u00f3n y medio de lectores-, Brian Weiss nos present\u00f3 a Catherine, la joven paciente que record\u00f3 bajo\u00a0<b>hipnosis<\/b>\u00a0sus vidas pasadas, demostrando una incre\u00edble habilidad paratransmitir\u00a0<b>mensajes trascendentales<\/b>\u00a0que, a su vez, cambiaron la apacible vida de un eminente psiquiatra. Ahora el doctor Weiss nos regala una maravillosa\u00a0<b>historia de amor<\/b>\u00a0entre dos seres perdidos a quienes ayudar\u00e1 a encontrar su\u00a0<b>destino<\/b>.<\/p>\n<p>Pedro y Elizabeth no saben que han sido\u00a0<b>amantes<\/b>\u00a0a trav\u00e9s de los siglos hasta que el destino vuelve a unirlos. Pero, tras varias sesiones de hipnosis, descubrir\u00e1n que su relaci\u00f3n en\u00a0<b>vidas pasadas<\/b>\u00a0est\u00e1 destinada a volver al presente, demostrando que las almas siempre esperan para reunirse.<\/p>\n<p><b>\u00abUna convincente defensa de las vidas pasadas. Fascinante.\u00bb<\/b>\u00a0<b>Publishers<\/b>\u00a0<b>Weekly<\/b><\/p>\n","protected":false},"excerpt":{"rendered":"<p>Brian Weiss<\/p>\n","protected":false},"featured_media":4034,"template":"","meta":{"_joinchat":[]},"product_brand":[],"product_cat":[58,41],"product_tag":[34],"class_list":{"0":"post-4033","1":"product","2":"type-product","3":"status-publish","4":"has-post-thumbnail","6":"product_cat-desarrollo-humano-y-superacion","7":"product_cat-desarrollo-humano","8":"product_tag-penguin-random-house","10":"first","11":"outofstock","12":"shipping-taxable","13":"purchasable","14":"product-type-simple"},"_links":{"self":[{"href":"https:\/\/libreriahistoriasdebolsillo.com\/index.php\/wp-json\/wp\/v2\/product\/4033","targetHints":{"allow":["GET"]}}],"collection":[{"href":"https:\/\/libreriahistoriasdebolsillo.com\/index.php\/wp-json\/wp\/v2\/product"}],"about":[{"href":"https:\/\/libreriahistoriasdebolsillo.com\/index.php\/wp-json\/wp\/v2\/types\/product"}],"wp:featuredmedia":[{"embeddable":true,"href":"https:\/\/libreriahistoriasdebolsillo.com\/index.php\/wp-json\/wp\/v2\/media\/4034"}],"wp:attachment":[{"href":"https:\/\/libreriahistoriasdebolsillo.com\/index.php\/wp-json\/wp\/v2\/media?parent=4033"}],"wp:term":[{"taxonomy":"product_brand","embeddable":true,"href":"https:\/\/libreriahistoriasdebolsillo.com\/index.php\/wp-json\/wp\/v2\/product_brand?post=4033"},{"taxonomy":"product_cat","embeddable":true,"href":"https:\/\/libreriahistoriasdebolsillo.com\/index.php\/wp-json\/wp\/v2\/product_cat?post=4033"},{"taxonomy":"product_tag","embeddable":true,"href":"https:\/\/libreriahistoriasdebolsillo.com\/index.php\/wp-json\/wp\/v2\/product_tag?post=4033"}],"curies":[{"name":"wp","href":"https:\/\/api.w.org\/{rel}","templated":true}]}}