{"id":4037,"date":"2024-03-21T14:19:24","date_gmt":"2024-03-21T20:19:24","guid":{"rendered":"https:\/\/libreriahistoriasdebolsillo.com\/?post_type=product&#038;p=4037"},"modified":"2025-11-26T18:17:06","modified_gmt":"2025-11-27T00:17:06","slug":"la-puerta-de-los-tiempos","status":"publish","type":"product","link":"https:\/\/libreriahistoriasdebolsillo.com\/index.php\/producto\/la-puerta-de-los-tiempos\/","title":{"rendered":"La puerta de los tiempos"},"content":{"rendered":"<p><b>\u00bfQu\u00e9 crees que le depara<\/b>\u00a0<b>el futuro a la humanidad?<\/b><\/p>\n<p>Cinco estudiantes de Harvard, armados con una\u00a0<b>inteligencia<\/b>\u00a0y una\u00a0<b>audacia<\/b>\u00a0sin l\u00edmites, traspasan los confines de la\u00a0<b>ciencia<\/b>\u00a0y construyen un\u00a0<b>artefacto<\/b>\u00a0sin precedentes. Fusionando de manera magistral\u00a0<b>inteligencia artificial<\/b>,ingenier\u00eda gen\u00e9tica, cuarzos de silicio y\u00a0<b>f\u00edsica cu\u00e1ntica<\/b>, crean la llave a portales\u00a0<b>interdimensionales<\/b>\u00a0y al mism\u00edsimo tejido del tiempo. La curiosidad los lleva m\u00e1s all\u00e1 de la teor\u00eda, hacia la visi\u00f3n del destino de la humanidad. Pero la sabidur\u00eda tiene un precio, y el futuro es un tesoro codiciado.<\/p>\n<p>El descubrimiento es robado por una enigm\u00e1tica\u00a0<b>sociedad secreta<\/b>, la cual desata una emocionante trama que mezcla intriga, arqueolog\u00eda, misterios religiosos y verdades ocultas. El profesor\u00a0<b>Kirby<\/b>, l\u00edder del equipo, se ve forzado a buscar la ayuda del detective\u00a0<b>Arthur Parker<\/b>, un hombre de dotes ps\u00edquicas. Parker, junto al astuto\u00a0<b>Ad\u00e1n<\/b>\u00a0<b>Roussos<\/b>, se embarca en una carrera a contrarreloj por recuperar el artefacto. En su odisea, ambos revelan la posibilidad de la ascensi\u00f3n hacia la quinta dimensi\u00f3n y la conexi\u00f3n del alma con el universo.<\/p>\n<p>Un emocionante\u00a0<b>thriller<\/b>\u00a0que teje su relato desde los m\u00edsticos bosques de Noruega hasta los vibrantes paisajes de Tulum, Londres, Boston y Mil\u00e1n. Cada p\u00e1gina es una llave que gira y abre puertas hacia la comprensi\u00f3n de c\u00f3mo el tiempo danza en el gran sal\u00f3n de la eternidad. Y cuando parece que el destino est\u00e1 sellado, un grupo de mujeres sacerdotisas emerge como la \u00faltima luz del alba, dispuestas a cambiar el curso de los eventos.<\/p>\n","protected":false},"excerpt":{"rendered":"<p>Guillermo Ferrara<\/p>\n","protected":false},"featured_media":4038,"template":"","meta":{"_joinchat":[]},"product_brand":[],"product_cat":[37],"product_tag":[34],"class_list":{"0":"post-4037","1":"product","2":"type-product","3":"status-publish","4":"has-post-thumbnail","6":"product_cat-misterio-y-thriller","7":"product_tag-penguin-random-house","9":"first","10":"outofstock","11":"shipping-taxable","12":"purchasable","13":"product-type-simple"},"_links":{"self":[{"href":"https:\/\/libreriahistoriasdebolsillo.com\/index.php\/wp-json\/wp\/v2\/product\/4037","targetHints":{"allow":["GET"]}}],"collection":[{"href":"https:\/\/libreriahistoriasdebolsillo.com\/index.php\/wp-json\/wp\/v2\/product"}],"about":[{"href":"https:\/\/libreriahistoriasdebolsillo.com\/index.php\/wp-json\/wp\/v2\/types\/product"}],"wp:featuredmedia":[{"embeddable":true,"href":"https:\/\/libreriahistoriasdebolsillo.com\/index.php\/wp-json\/wp\/v2\/media\/4038"}],"wp:attachment":[{"href":"https:\/\/libreriahistoriasdebolsillo.com\/index.php\/wp-json\/wp\/v2\/media?parent=4037"}],"wp:term":[{"taxonomy":"product_brand","embeddable":true,"href":"https:\/\/libreriahistoriasdebolsillo.com\/index.php\/wp-json\/wp\/v2\/product_brand?post=4037"},{"taxonomy":"product_cat","embeddable":true,"href":"https:\/\/libreriahistoriasdebolsillo.com\/index.php\/wp-json\/wp\/v2\/product_cat?post=4037"},{"taxonomy":"product_tag","embeddable":true,"href":"https:\/\/libreriahistoriasdebolsillo.com\/index.php\/wp-json\/wp\/v2\/product_tag?post=4037"}],"curies":[{"name":"wp","href":"https:\/\/api.w.org\/{rel}","templated":true}]}}