{"id":4041,"date":"2024-03-21T17:08:37","date_gmt":"2024-03-21T23:08:37","guid":{"rendered":"https:\/\/libreriahistoriasdebolsillo.com\/?post_type=product&#038;p=4041"},"modified":"2025-12-30T13:01:44","modified_gmt":"2025-12-30T19:01:44","slug":"el-estandarte-purpura","status":"publish","type":"product","link":"https:\/\/libreriahistoriasdebolsillo.com\/index.php\/producto\/el-estandarte-purpura\/","title":{"rendered":"El estandarte p\u00farpura"},"content":{"rendered":"<p>Britania, 60 d.C. Desde hace algunos a\u00f1os la isla se halla bajo el yugo romano. Aunque las poblaciones locales est\u00e1n lejos de ser dominadas, es mayor el odio entre las tribus que el que sienten hacia Roma. Pero cuando el necio gobernador Suetonio humilla brutalmente a la reina de los icenos, Boudica, estalla la insurrecci\u00f3n. Las legiones establecidas en la isla deben disponerse para una incierta batalla contra el m\u00e1s fuerte de los enemigos: la sed de libertad. Marco Quintinio Aquila, centuri\u00f3n de la Vig\u00e9sima Legi\u00f3n, licenciado por heridas de guerra, se encuentra sin querer en medio de una rebeli\u00f3n. Sin embargo, en lugar de huir se enfrenta a su destino con coraz\u00f3n firme. Traicionado por la mujer amada, herido y perseguido, busca su antiguo destacamento y consigue reunirse de nuevo con sus compa\u00f1eros. Juntos se dirigir\u00e1n hacia la llanura de Manduessedum, donde encontrar\u00e1n un ej\u00e9rcito enemigo diez veces superior en n\u00famero. Son las tribus dirigidas por la reina Boudica, que los esperan para la gran batalla final.<\/p>\n","protected":false},"excerpt":{"rendered":"<p>Massimiliano Colombo<\/p>\n","protected":false},"featured_media":4042,"template":"","meta":{"_joinchat":[]},"product_brand":[],"product_cat":[56,51],"product_tag":[34],"class_list":{"0":"post-4041","1":"product","2":"type-product","3":"status-publish","4":"has-post-thumbnail","6":"product_cat-historica","7":"product_cat-oferta","8":"product_tag-penguin-random-house","10":"first","11":"outofstock","12":"shipping-taxable","13":"purchasable","14":"product-type-simple"},"_links":{"self":[{"href":"https:\/\/libreriahistoriasdebolsillo.com\/index.php\/wp-json\/wp\/v2\/product\/4041","targetHints":{"allow":["GET"]}}],"collection":[{"href":"https:\/\/libreriahistoriasdebolsillo.com\/index.php\/wp-json\/wp\/v2\/product"}],"about":[{"href":"https:\/\/libreriahistoriasdebolsillo.com\/index.php\/wp-json\/wp\/v2\/types\/product"}],"wp:featuredmedia":[{"embeddable":true,"href":"https:\/\/libreriahistoriasdebolsillo.com\/index.php\/wp-json\/wp\/v2\/media\/4042"}],"wp:attachment":[{"href":"https:\/\/libreriahistoriasdebolsillo.com\/index.php\/wp-json\/wp\/v2\/media?parent=4041"}],"wp:term":[{"taxonomy":"product_brand","embeddable":true,"href":"https:\/\/libreriahistoriasdebolsillo.com\/index.php\/wp-json\/wp\/v2\/product_brand?post=4041"},{"taxonomy":"product_cat","embeddable":true,"href":"https:\/\/libreriahistoriasdebolsillo.com\/index.php\/wp-json\/wp\/v2\/product_cat?post=4041"},{"taxonomy":"product_tag","embeddable":true,"href":"https:\/\/libreriahistoriasdebolsillo.com\/index.php\/wp-json\/wp\/v2\/product_tag?post=4041"}],"curies":[{"name":"wp","href":"https:\/\/api.w.org\/{rel}","templated":true}]}}