{"id":4044,"date":"2024-03-22T12:47:17","date_gmt":"2024-03-22T18:47:17","guid":{"rendered":"https:\/\/libreriahistoriasdebolsillo.com\/?post_type=product&#038;p=4044"},"modified":"2024-03-22T12:47:17","modified_gmt":"2024-03-22T18:47:17","slug":"citoverso-3-citonica","status":"publish","type":"product","link":"https:\/\/libreriahistoriasdebolsillo.com\/index.php\/producto\/citoverso-3-citonica\/","title":{"rendered":"Citoverso 3. Cit\u00f3nica"},"content":{"rendered":"<p>La vida de Spensa como miembro de la Fuerza de Defensa Desafiante dista mucho de ser normal y corriente. Demostr\u00f3 ser una de las mejores pilotos de caza estelar en el enclave humano de Detritus y salv\u00f3 a su pueblo del exterminio a manos de los krells, la enigm\u00e1tica especie alien\u00edgena que los ten\u00eda prisioneros desde hace d\u00e9cadas. Por si fuera poco, viaj\u00f3 a a\u00f1os-luz de distancia de su hogar como esp\u00eda infiltradaen la Supremac\u00eda, a un lugar donde descubri\u00f3 que hab\u00eda toda una galaxia m\u00e1s all\u00e1 de su peque\u00f1o y desolado planeta natal.<\/p>\n<p>Ahora la Supremac\u00eda, el gobierno gal\u00e1ctico empecinado en dominar toda vida humana, ha desatado una guerra a escala gal\u00e1ctica. Y Spensa ha visto las armas que pretenden emplear para terminarla: los zapadores, unas antiguas y enigm\u00e1ticas fuerzas alien\u00edgenas que pueden arrasar sistemas estelares enteros en un instante. Spensa sabe que, por muchos pilotos con los que cuente la FDD, no hay manera de derrotar a ese depredador.<\/p>\n<p>Sin embargo, Spensa es cit\u00f3nica. Se enfrent\u00f3 a un zapador y percibi\u00f3 algo siniestramente familiar en \u00e9l. Y quiz\u00e1, si logra descubrir lo que es ella misma, podr\u00eda ser algo m\u00e1s que solo otra piloto en la guerra. Podr\u00eda salvar la galaxia.<\/p>\n<p>Pero la \u00fanica manera de que Spensa descubra su verdadera naturaleza es dejar atr\u00e1s todo lo que conoce y entrar en la ninguna-parte, un lugar del que muy pocos han regresado jam\u00e1s.<\/p>\n<p><b>Tener valor significa afrontar el miedo. Y esta misi\u00f3n es aterradora.<\/b><\/p>\n","protected":false},"excerpt":{"rendered":"<p>Brandon Sanderson<\/p>\n","protected":false},"featured_media":4045,"template":"","meta":{"_joinchat":[]},"product_brand":[],"product_cat":[40],"product_tag":[34],"class_list":{"0":"post-4044","1":"product","2":"type-product","3":"status-publish","4":"has-post-thumbnail","6":"product_cat-ciencia-ficcion","7":"product_tag-penguin-random-house","9":"first","10":"outofstock","11":"shipping-taxable","12":"purchasable","13":"product-type-simple"},"_links":{"self":[{"href":"https:\/\/libreriahistoriasdebolsillo.com\/index.php\/wp-json\/wp\/v2\/product\/4044","targetHints":{"allow":["GET"]}}],"collection":[{"href":"https:\/\/libreriahistoriasdebolsillo.com\/index.php\/wp-json\/wp\/v2\/product"}],"about":[{"href":"https:\/\/libreriahistoriasdebolsillo.com\/index.php\/wp-json\/wp\/v2\/types\/product"}],"wp:featuredmedia":[{"embeddable":true,"href":"https:\/\/libreriahistoriasdebolsillo.com\/index.php\/wp-json\/wp\/v2\/media\/4045"}],"wp:attachment":[{"href":"https:\/\/libreriahistoriasdebolsillo.com\/index.php\/wp-json\/wp\/v2\/media?parent=4044"}],"wp:term":[{"taxonomy":"product_brand","embeddable":true,"href":"https:\/\/libreriahistoriasdebolsillo.com\/index.php\/wp-json\/wp\/v2\/product_brand?post=4044"},{"taxonomy":"product_cat","embeddable":true,"href":"https:\/\/libreriahistoriasdebolsillo.com\/index.php\/wp-json\/wp\/v2\/product_cat?post=4044"},{"taxonomy":"product_tag","embeddable":true,"href":"https:\/\/libreriahistoriasdebolsillo.com\/index.php\/wp-json\/wp\/v2\/product_tag?post=4044"}],"curies":[{"name":"wp","href":"https:\/\/api.w.org\/{rel}","templated":true}]}}