{"id":4049,"date":"2024-03-28T13:29:04","date_gmt":"2024-03-28T19:29:04","guid":{"rendered":"https:\/\/libreriahistoriasdebolsillo.com\/?post_type=product&#038;p=4049"},"modified":"2025-11-26T18:17:16","modified_gmt":"2025-11-27T00:17:16","slug":"el-heredero-oscuro","status":"publish","type":"product","link":"https:\/\/libreriahistoriasdebolsillo.com\/index.php\/producto\/el-heredero-oscuro\/","title":{"rendered":"El heredero oscuro"},"content":{"rendered":"<p>En la fascinante secuela de\u00a0El rey oscuro, novela\u00a0best seller\u00a0del\u00a0New York Times, Will y sus aliados han sobrevivido al primer asalto de la Oscuridad, pero a un precio terrible.<\/p>\n<p>Surge una nueva amenaza del pasado, y solo queda en pie un pu\u00f1ado de h\u00e9roes listos para luchar. Perseguidos por fuerzas oscuras, Will y sus aliados deben abandonar la seguridad del alc\u00e1zar y viajar hasta el coraz\u00f3n del mundo antiguo, donde formar\u00e1n nuevas y peligrosas alianzas y descubrir\u00e1n impactantes secretos del pasado.<\/p>\n<p>Pero Will guarda su propio y oscuro secreto: su verdadera identidad. Mientras se enfrenta a su atracci\u00f3n por el guapo y letal James St. Clair, Will se siente cada vez m\u00e1s atrapado en las telara\u00f1as del pasado y tentado por la oscuridad en su interior. Ahora que el mundo antiguo amenaza con volver, \u00bfpodr\u00e1n Will y sus amigos luchar contra su destino? \u00bfO las verdades que descubrir\u00e1n destrozar\u00e1n el mundo que conocen?<\/p>\n","protected":false},"excerpt":{"rendered":"<p>C.S. Pacat<\/p>\n","protected":false},"featured_media":4050,"template":"","meta":{"_joinchat":[]},"product_brand":[],"product_cat":[39,38],"product_tag":[46],"class_list":{"0":"post-4049","1":"product","2":"type-product","3":"status-publish","4":"has-post-thumbnail","6":"product_cat-fantasia","7":"product_cat-lgbtq","8":"product_tag-ediciones-urano","10":"first","11":"instock","12":"shipping-taxable","13":"purchasable","14":"product-type-simple"},"_links":{"self":[{"href":"https:\/\/libreriahistoriasdebolsillo.com\/index.php\/wp-json\/wp\/v2\/product\/4049","targetHints":{"allow":["GET"]}}],"collection":[{"href":"https:\/\/libreriahistoriasdebolsillo.com\/index.php\/wp-json\/wp\/v2\/product"}],"about":[{"href":"https:\/\/libreriahistoriasdebolsillo.com\/index.php\/wp-json\/wp\/v2\/types\/product"}],"wp:featuredmedia":[{"embeddable":true,"href":"https:\/\/libreriahistoriasdebolsillo.com\/index.php\/wp-json\/wp\/v2\/media\/4050"}],"wp:attachment":[{"href":"https:\/\/libreriahistoriasdebolsillo.com\/index.php\/wp-json\/wp\/v2\/media?parent=4049"}],"wp:term":[{"taxonomy":"product_brand","embeddable":true,"href":"https:\/\/libreriahistoriasdebolsillo.com\/index.php\/wp-json\/wp\/v2\/product_brand?post=4049"},{"taxonomy":"product_cat","embeddable":true,"href":"https:\/\/libreriahistoriasdebolsillo.com\/index.php\/wp-json\/wp\/v2\/product_cat?post=4049"},{"taxonomy":"product_tag","embeddable":true,"href":"https:\/\/libreriahistoriasdebolsillo.com\/index.php\/wp-json\/wp\/v2\/product_tag?post=4049"}],"curies":[{"name":"wp","href":"https:\/\/api.w.org\/{rel}","templated":true}]}}