{"id":4053,"date":"2024-04-01T09:11:59","date_gmt":"2024-04-01T15:11:59","guid":{"rendered":"https:\/\/libreriahistoriasdebolsillo.com\/?post_type=product&#038;p=4053"},"modified":"2025-11-26T18:17:22","modified_gmt":"2025-11-27T00:17:22","slug":"el-hombre-grulla","status":"publish","type":"product","link":"https:\/\/libreriahistoriasdebolsillo.com\/index.php\/producto\/el-hombre-grulla\/","title":{"rendered":"El hombre grulla"},"content":{"rendered":"<p><span class=\"a-text-bold\">KELLY BARNHILL DESPLIEGA SU INCRE\u00cdBLE TALENTO EN EL HOMBRE GRULLA, UNA CRUDA Y PODEROSA HISTORIA DE AMOR, SACRIFICIO Y FAMILIA.<\/span><\/p>\n<p>Las madres alzan el vuelo como las aves migratorias. Es por eso que los granjeros tienen hijas.<\/p>\n<p>Una adolescente de quince a\u00f1os es el pilar de su peque\u00f1a familia del Medio Oeste de los Estados Unidos: es ella quien se encarga de gestionar las finanzas de su hogar y de criar a su hermano menor mientras su madre, una talentosa artista, teje unos tapices preciosos. Durante seis a\u00f1os, su familia ha estado compuesta solo por ellos tres, pues, aunque su madre ha recibido algunas visitas, estas nunca se han quedado demasiado tiempo.<\/p>\n<p>Sin embargo, cuando su madre lleva a casa a una grulla de casi dos metros de altura y aires amenazantes, la adolescente no puede evitar que esta le abra las puertas de su coraz\u00f3n y de las vidas de sus hijos a un completo desconocido. Al estar totalmente encandilada con el ave y no parecer afectada por sus garras y pico afilados, su madre olvida el mundo que la rodea y pasa a concentrarse de forma exclusiva en la obra maestra que la grulla le ha exigido que teja.<\/p>\n<p>En este sobrecogedor retelling contempor\u00e1neo de La grulla agradecida, escrito por la ganadora de la Medalla John Newbery y autora de La ni\u00f1a que bebi\u00f3 luz de luna, una adolescente pragm\u00e1tica y aguerrida que se ha visto obligada a madurar antes de tiempo har\u00e1 todo lo que est\u00e9 en sus manos para proteger a su familia y cambiar el rumbo<\/p>\n","protected":false},"excerpt":{"rendered":"<p>Kelly Barnhill<\/p>\n","protected":false},"featured_media":4054,"template":"","meta":{"_joinchat":[]},"product_brand":[],"product_cat":[39],"product_tag":[46],"class_list":{"0":"post-4053","1":"product","2":"type-product","3":"status-publish","4":"has-post-thumbnail","6":"product_cat-fantasia","7":"product_tag-ediciones-urano","9":"first","10":"instock","11":"shipping-taxable","12":"purchasable","13":"product-type-simple"},"_links":{"self":[{"href":"https:\/\/libreriahistoriasdebolsillo.com\/index.php\/wp-json\/wp\/v2\/product\/4053","targetHints":{"allow":["GET"]}}],"collection":[{"href":"https:\/\/libreriahistoriasdebolsillo.com\/index.php\/wp-json\/wp\/v2\/product"}],"about":[{"href":"https:\/\/libreriahistoriasdebolsillo.com\/index.php\/wp-json\/wp\/v2\/types\/product"}],"wp:featuredmedia":[{"embeddable":true,"href":"https:\/\/libreriahistoriasdebolsillo.com\/index.php\/wp-json\/wp\/v2\/media\/4054"}],"wp:attachment":[{"href":"https:\/\/libreriahistoriasdebolsillo.com\/index.php\/wp-json\/wp\/v2\/media?parent=4053"}],"wp:term":[{"taxonomy":"product_brand","embeddable":true,"href":"https:\/\/libreriahistoriasdebolsillo.com\/index.php\/wp-json\/wp\/v2\/product_brand?post=4053"},{"taxonomy":"product_cat","embeddable":true,"href":"https:\/\/libreriahistoriasdebolsillo.com\/index.php\/wp-json\/wp\/v2\/product_cat?post=4053"},{"taxonomy":"product_tag","embeddable":true,"href":"https:\/\/libreriahistoriasdebolsillo.com\/index.php\/wp-json\/wp\/v2\/product_tag?post=4053"}],"curies":[{"name":"wp","href":"https:\/\/api.w.org\/{rel}","templated":true}]}}