{"id":4055,"date":"2024-04-01T18:12:50","date_gmt":"2024-04-02T00:12:50","guid":{"rendered":"https:\/\/libreriahistoriasdebolsillo.com\/?post_type=product&#038;p=4055"},"modified":"2025-12-22T15:18:31","modified_gmt":"2025-12-22T21:18:31","slug":"mas-que-una-posibilidad","status":"publish","type":"product","link":"https:\/\/libreriahistoriasdebolsillo.com\/index.php\/producto\/mas-que-una-posibilidad\/","title":{"rendered":"M\u00e1s que una posibilidad"},"content":{"rendered":"<p>\u00bfSE PUEDE TENER UNA SEGUNDA OPORTUNIDAD SI NUNCA TUVISTA UNA PRIMERA?<\/p>\n<p>Cuando Isabeau Astor, Izzy, se sube a un avi\u00f3n para regresar a su casa despu\u00e9s de sus vacaciones, no espera gran cosa. Hasta que conoce a su compa\u00f1ero de asiento, Nate Phelan. \u00c9l es todo lo opuesto a lo ordinario. Con su cabello oscuro, sus incre\u00edbles ojos azules y ese encanto deliciosamente rudo, al que Izzy no puede resistirse, el viaje se vuelva m\u00e1s interesante. La conexi\u00f3n es inmediata.<br \/>\nPero a tan solo noventa segundos de haber despegado, su avi\u00f3n cae en el r\u00edo Missouri y sus vidas cambian para siempre. Ellos cambian. Nate sigue su carrera en el ej\u00e9rcito, mientras que ella se abre camino en la pol\u00edtica.<br \/>\nDespu\u00e9s de varios encuentros a lo largo de los a\u00f1os, nunca parece el momento adecuado para tener una relaci\u00f3n. Sin embargo, sus destinos se vuelven a unir cuando Izzy se ve obligada a ir a Afganist\u00e1n para una reuni\u00f3n de alto riesgo, y su escolta ser\u00e1 Nate, quien har\u00e1 hasta lo imposible para mantenerla a salvo, pero \u00bfy si adem\u00e1s tiene posibilidades de recuperar su coraz\u00f3n?<\/p>\n<p><em>Despu\u00e9s del \u00e9xito de Alas de sangre, Rebecca Yarros regresa con un impetuoso romance sobre el poder de los encuentros fortuitos.<\/em><\/p>\n","protected":false},"excerpt":{"rendered":"<p>Rebecca Yarros<\/p>\n","protected":false},"featured_media":4056,"template":"","meta":{"_joinchat":[]},"product_brand":[],"product_cat":[35],"product_tag":[48],"class_list":{"0":"post-4055","1":"product","2":"type-product","3":"status-publish","4":"has-post-thumbnail","6":"product_cat-romantica","7":"product_tag-vr-editoras","9":"first","10":"instock","11":"shipping-taxable","12":"purchasable","13":"product-type-simple"},"_links":{"self":[{"href":"https:\/\/libreriahistoriasdebolsillo.com\/index.php\/wp-json\/wp\/v2\/product\/4055","targetHints":{"allow":["GET"]}}],"collection":[{"href":"https:\/\/libreriahistoriasdebolsillo.com\/index.php\/wp-json\/wp\/v2\/product"}],"about":[{"href":"https:\/\/libreriahistoriasdebolsillo.com\/index.php\/wp-json\/wp\/v2\/types\/product"}],"wp:featuredmedia":[{"embeddable":true,"href":"https:\/\/libreriahistoriasdebolsillo.com\/index.php\/wp-json\/wp\/v2\/media\/4056"}],"wp:attachment":[{"href":"https:\/\/libreriahistoriasdebolsillo.com\/index.php\/wp-json\/wp\/v2\/media?parent=4055"}],"wp:term":[{"taxonomy":"product_brand","embeddable":true,"href":"https:\/\/libreriahistoriasdebolsillo.com\/index.php\/wp-json\/wp\/v2\/product_brand?post=4055"},{"taxonomy":"product_cat","embeddable":true,"href":"https:\/\/libreriahistoriasdebolsillo.com\/index.php\/wp-json\/wp\/v2\/product_cat?post=4055"},{"taxonomy":"product_tag","embeddable":true,"href":"https:\/\/libreriahistoriasdebolsillo.com\/index.php\/wp-json\/wp\/v2\/product_tag?post=4055"}],"curies":[{"name":"wp","href":"https:\/\/api.w.org\/{rel}","templated":true}]}}