{"id":4060,"date":"2024-04-05T14:10:57","date_gmt":"2024-04-05T20:10:57","guid":{"rendered":"https:\/\/libreriahistoriasdebolsillo.com\/?post_type=product&#038;p=4060"},"modified":"2025-11-26T18:17:45","modified_gmt":"2025-11-27T00:17:45","slug":"negocios-o-placer","status":"publish","type":"product","link":"https:\/\/libreriahistoriasdebolsillo.com\/index.php\/producto\/negocios-o-placer\/","title":{"rendered":"Negocios o placer"},"content":{"rendered":"<p>Chandler Cohen nunca se hab\u00eda sentido tan invisible en su trabajo como escritora fantasma como el d\u00eda en que asiste a la firma de un libro que escribi\u00f3 y la autora ni siquiera la reconoce. La velada se vuelve m\u00e1s prometedora cuando conoce a un hombre encantador en el bar y siente una conexi\u00f3n inmediata. Pero cuando toda la tensi\u00f3n sexual culmina en una aventura sumamente inc\u00f3moda, ella decide que es mejor olvidar esa noche. Por desgracia, del dicho al hecho hay un largo trecho. Su pr\u00f3ximo proyecto es escribir las memorias de un actor llamado Finn Walsh, conocido por interpretar a un nerd adorable en un cl\u00e1sico de culto sobre hombres lobo, que ahora se gana la vida present\u00e1ndose en convenciones de fans en todo el pa\u00eds. Chandler en realidad lo conoce mejor por su rollo de una noche lleno de percances divertidos. Chandler est\u00e1 decidida a hacer que su relaci\u00f3n sea lo m\u00e1s profesional posible, pero cuando le admite a Finn que su noche juntos no fue tan alucinante como \u00e9l pensaba, \u00e9l se queda consternado. De todas formas, Finn le genera la intriga suficiente como para llegar a un acuerdo: cuando no est\u00e9n trabajando en el libro, Chandler le ense\u00f1ar\u00e1 el arte de la satisfacci\u00f3n. A medida que se hacen m\u00e1s \u00edntimos tanto dentro como fuera del dormitorio, deber\u00e1n descubrir qu\u00e9 es m\u00e1s importante: los negocios o el placer, o si hay alguna manera de combinar ambas cosas.<\/p>\n","protected":false},"excerpt":{"rendered":"<p>Rachel Lynn Solomon<\/p>\n","protected":false},"featured_media":4061,"template":"","meta":{"_joinchat":[]},"product_brand":[],"product_cat":[35],"product_tag":[46],"class_list":{"0":"post-4060","1":"product","2":"type-product","3":"status-publish","4":"has-post-thumbnail","6":"product_cat-romantica","7":"product_tag-ediciones-urano","9":"first","10":"instock","11":"shipping-taxable","12":"purchasable","13":"product-type-simple"},"_links":{"self":[{"href":"https:\/\/libreriahistoriasdebolsillo.com\/index.php\/wp-json\/wp\/v2\/product\/4060","targetHints":{"allow":["GET"]}}],"collection":[{"href":"https:\/\/libreriahistoriasdebolsillo.com\/index.php\/wp-json\/wp\/v2\/product"}],"about":[{"href":"https:\/\/libreriahistoriasdebolsillo.com\/index.php\/wp-json\/wp\/v2\/types\/product"}],"wp:featuredmedia":[{"embeddable":true,"href":"https:\/\/libreriahistoriasdebolsillo.com\/index.php\/wp-json\/wp\/v2\/media\/4061"}],"wp:attachment":[{"href":"https:\/\/libreriahistoriasdebolsillo.com\/index.php\/wp-json\/wp\/v2\/media?parent=4060"}],"wp:term":[{"taxonomy":"product_brand","embeddable":true,"href":"https:\/\/libreriahistoriasdebolsillo.com\/index.php\/wp-json\/wp\/v2\/product_brand?post=4060"},{"taxonomy":"product_cat","embeddable":true,"href":"https:\/\/libreriahistoriasdebolsillo.com\/index.php\/wp-json\/wp\/v2\/product_cat?post=4060"},{"taxonomy":"product_tag","embeddable":true,"href":"https:\/\/libreriahistoriasdebolsillo.com\/index.php\/wp-json\/wp\/v2\/product_tag?post=4060"}],"curies":[{"name":"wp","href":"https:\/\/api.w.org\/{rel}","templated":true}]}}