{"id":4067,"date":"2024-04-08T13:26:58","date_gmt":"2024-04-08T19:26:58","guid":{"rendered":"https:\/\/libreriahistoriasdebolsillo.com\/?post_type=product&#038;p=4067"},"modified":"2024-08-05T17:49:37","modified_gmt":"2024-08-05T23:49:37","slug":"maldita-entre-todas-las-mujeres","status":"publish","type":"product","link":"https:\/\/libreriahistoriasdebolsillo.com\/index.php\/producto\/maldita-entre-todas-las-mujeres\/","title":{"rendered":"Maldita entre todas las mujeres"},"content":{"rendered":"<p>M\u00e1s de una decena de\u00a0<b>mujeres es asesinada<\/b>\u00a0a diario en M\u00e9xico. Y con cada muerte se abre una herida profunda en sus familias que nunca cierra ni deja de\u00a0<b>doler.<\/b><\/p>\n<p>\u00bfPor qu\u00e9 se\u00a0<b>mata<\/b>\u00a0a las mujeres en este pa\u00eds?<\/p>\n<p>\u00bfC\u00f3mo viven las familias despu\u00e9s de esta\u00a0<b>tragedia<\/b>?<\/p>\n<p>Saskia Ni\u00f1o de Rivera ofrece en este libro de\u00a0<b>testimonios<\/b>\u00a0y\u00a0<b>revelaciones<\/b>\u00a0sin precedentes las respuestas y las explicaciones para entender desde lo m\u00e1s hondo este delito y el purgatorio que desencadena.<\/p>\n<p>A partir de las\u00a0<b>confesiones de agresores de mujeres<\/b>\u00a0y\u00a0<b>feminicidas<\/b>, podemos saber de forma directa las causas y contextos de estas muertes, c\u00f3mo fue la infancia de los perpetradores, qui\u00e9n los educ\u00f3, en qu\u00e9 momento la violencia que soportaron se convirti\u00f3 en\u00a0<b>estigma<\/b>. Y, en consecuencia, qu\u00e9 suplicio viven las\u00a0<b>madres<\/b>\u00a0de las\u00a0<b>mujeres violentadas<\/b>, por qu\u00e9 el duelo se agudiza cuando empiezan las investigaciones y se enfrentan a la insensibilidad de juezas,\u00a0<b>ministerios p\u00fablicos<\/b>, polic\u00edas, funcionarias o abogados: \u00bfpor qu\u00e9 como sociedad nos hemos vuelto tan indiferentes?<\/p>\n<p><i>Maldita entre todas las mujeres<\/i>\u00a0es una obra terrible y enternecedora que ahonda en las\u00a0<b>vidas de los criminales<\/b>\u00a0y las acciones de quienes buscan la justicia para sus hijas, madres o hermanas muertas. Con una visi\u00f3n sensible y muy humana, el libro confirma que hoy m\u00e1s que nunca debemos entender intensamente el delito para evitarlo, no se trata de justificar ni\u00a0<b>revictimizar<\/b>, urge una mirada consciente para tambi\u00e9n decir\u00a0<b>basta a la corrupci\u00f3n<\/b>, impunidad e ineptitud del\u00a0<b>Sistema de Impartici\u00f3n de Justicia de M\u00e9xico<\/b>.<\/p>\n","protected":false},"excerpt":{"rendered":"<p>Saskia Ni\u00f1o de Rivera Cover<\/p>\n","protected":false},"featured_media":4068,"template":"","meta":{"_joinchat":[]},"product_brand":[],"product_cat":[41,64],"product_tag":[34],"class_list":{"0":"post-4067","1":"product","2":"type-product","3":"status-publish","4":"has-post-thumbnail","6":"product_cat-desarrollo-humano","7":"product_cat-periodismo","8":"product_tag-penguin-random-house","10":"first","11":"outofstock","12":"shipping-taxable","13":"purchasable","14":"product-type-simple"},"_links":{"self":[{"href":"https:\/\/libreriahistoriasdebolsillo.com\/index.php\/wp-json\/wp\/v2\/product\/4067","targetHints":{"allow":["GET"]}}],"collection":[{"href":"https:\/\/libreriahistoriasdebolsillo.com\/index.php\/wp-json\/wp\/v2\/product"}],"about":[{"href":"https:\/\/libreriahistoriasdebolsillo.com\/index.php\/wp-json\/wp\/v2\/types\/product"}],"wp:featuredmedia":[{"embeddable":true,"href":"https:\/\/libreriahistoriasdebolsillo.com\/index.php\/wp-json\/wp\/v2\/media\/4068"}],"wp:attachment":[{"href":"https:\/\/libreriahistoriasdebolsillo.com\/index.php\/wp-json\/wp\/v2\/media?parent=4067"}],"wp:term":[{"taxonomy":"product_brand","embeddable":true,"href":"https:\/\/libreriahistoriasdebolsillo.com\/index.php\/wp-json\/wp\/v2\/product_brand?post=4067"},{"taxonomy":"product_cat","embeddable":true,"href":"https:\/\/libreriahistoriasdebolsillo.com\/index.php\/wp-json\/wp\/v2\/product_cat?post=4067"},{"taxonomy":"product_tag","embeddable":true,"href":"https:\/\/libreriahistoriasdebolsillo.com\/index.php\/wp-json\/wp\/v2\/product_tag?post=4067"}],"curies":[{"name":"wp","href":"https:\/\/api.w.org\/{rel}","templated":true}]}}